{"id":13,"date":"2024-05-25T10:42:53","date_gmt":"2024-05-25T10:42:53","guid":{"rendered":"https:\/\/koussikou.ch\/?page_id=13"},"modified":"2024-06-14T18:29:36","modified_gmt":"2024-06-14T16:29:36","slug":"ruckerstattung_ruckgaben","status":"publish","type":"page","link":"https:\/\/koussikou.ch\/de\/ruckerstattung_ruckgaben\/","title":{"rendered":"Erstattungs- und R\u00fcckgabebestimmungen"},"content":{"rendered":"<div data-elementor-type=\"wp-page\" data-elementor-id=\"13\" class=\"elementor elementor-13\">\n\t\t\t\t<div class=\"wd-negative-gap elementor-element elementor-element-1515f78a e-flex e-con-boxed e-con e-parent\" data-id=\"1515f78a\" data-element_type=\"container\" data-e-type=\"container\">\n\t\t\t\t\t<div class=\"e-con-inner\">\n\t\t\t\t<div class=\"elementor-element elementor-element-50500cf9 color-scheme-inherit text-left elementor-widget elementor-widget-text-editor\" data-id=\"50500cf9\" data-element_type=\"widget\" data-e-type=\"widget\" data-widget_type=\"text-editor.default\">\n\t\t\t\t<div class=\"elementor-widget-container\">\n\t\t\t\t\t\t\t\t\t\n<h1 class=\"wp-block-heading\" style=\"text-align: center;\">\u00dcbersicht<\/h1>\n\n<blockquote>\n<h3>Sendungen und R\u00fccksendungen<\/h3>\n<\/blockquote>\n<p>Bei Produkten, die an Lager sind, werden die Pakete in der Regel innerhalb von 2 Tagen nach Zahlungseingang versandt. Der Versand erfolgt \u00fcber PostPac (Die Schweizerische Post) mit Sendungsverfolgung und Abgabe ohne Unterschrift (Montag-Freitag).<\/p>\n<p>Die Versandgeb\u00fchren beinhalten die Bearbeitungs- und Verpackungskosten sowie die Portokosten.<\/p>\n<p>Alle Bestellungen ab CHF 100.- werden kostenlos geliefert. Wenn der Betrag der Bestellung CHF 100.- nicht \u00fcberschreitet, berechnen wir Ihnen CHF 10.50 f\u00fcr die Transportkosten.<\/p>\n<blockquote>\n<h2>R\u00fcckgabepolitik<\/h2>\n<\/blockquote>\n<h3>R\u00fcckgabefrist<\/h3>\n<p>Der Kunde kann alle vom Koussikou.ch-Shop gelieferten Produkte innerhalb von drei Werktagen nach Erhalt der Ware ohne Angabe von Gr\u00fcnden auf eigene Kosten und Gefahr zur\u00fccksenden, sofern die Ware vollst\u00e4ndig und in unbenutztem Zustand sowie unbesch\u00e4digt und in der Originalverpackung ist.<\/p>\n<p>Die R\u00fcckgabefristen gelten ab dem Datum des Versands oder der Abholung. Ma\u00dfgeblich ist das Datum des Poststempels oder der pers\u00f6nlichen R\u00fcckgabe.<\/p>\n<h3>Kein Recht auf R\u00fcckkehr<\/h3>\n<p>In den folgenden F\u00e4llen k\u00f6nnen wir leider keine Wiederherstellung anbieten:<\/p>\n<ul>\n<li>\u00a0besch\u00e4digte Gegenst\u00e4nde;<\/li>\n<li>\u00a0Das Produkt kann nicht in seiner Originalverpackung zur\u00fcckgegeben werden;<\/li>\n<\/ul>\n<h3>Erstattung<\/h3>\n<p>Soweit das Produkt zur\u00fcckgegeben werden kann, gelten die folgenden Erstattungsregeln.<\/p>\n<h3>Volle Erstattung des Kaufpreises:<\/h3>\n<ul>\n<li>der Artikel befindet sich noch in der Originalverpackung, die nicht ge\u00f6ffnet wurde und nicht besch\u00e4digt ist,<\/li>\n<\/ul>\n<p>Abzug je nach Zustand der Ware (mindestens 10%, Mindestabzug: CHF 10):<\/p>\n<ul>\n<li>\u00a0der Artikel wurde ge\u00f6ffnet\/gebraucht (Ausnahmen: siehe 2.).<\/li>\n<\/ul>\n<p>Individuelle Bewertung:<\/p>\n<ul>\n<li>\u00a0die Verpackung der Sendung besch\u00e4digt ist.<\/li>\n<\/ul>\n\n<ul class=\"wp-block-list\">\n<li>Jeder Artikel, der mehr als 3 Arbeitstage nach der Lieferung zur\u00fcckgeschickt wird.<\/li>\n<\/ul>\n\n<p>Wenn Sie die Genehmigung erhalten, wird Ihre R\u00fcckerstattung bearbeitet und eine Gutschrift auf Ihre Kreditkarte oder Ihre urspr\u00fcngliche Zahlungsmethode wird innerhalb einer bestimmten Anzahl von Tagen automatisch vorgenommen.<\/p>\n\n<h3 class=\"wp-block-heading\">Verkaufsartikel<\/h3>\n\n<p>Es k\u00f6nnen nur Artikel zum regul\u00e4ren Preis erstattet werden. Ausverkaufte Artikel k\u00f6nnen nicht zur\u00fcckerstattet werden.<\/p>\n\n<h2>R\u00fccksendungen<\/h2>\n\n<p>Um Ihr Produkt zur\u00fcckzusenden, schicken Sie es bitte an folgende Adresse: 13 Route de la Combetta, 1782 Belfaux, Schweiz.<\/p>\n\n<p>Sie m\u00fcssen die Versandkosten f\u00fcr die R\u00fccksendung Ihres Artikels selbst tragen. Die Versandkosten sind nicht erstattungsf\u00e4hig. Wenn Sie eine Erstattung erhalten, werden die Kosten f\u00fcr die R\u00fccksendung von Ihrer Erstattung abgezogen.<\/p>\n\n<h2>Brauchen Sie Hilfe?<\/h2>\n\n<p>Contact us at <span \n                data-original-string='nGxvJH3A9VsUHzMrVmaElw==417usMnifsQRKa5oDT7ntNzlT7++qs2ZRhmoBlWO1SjeZM='\n                class='apbct-email-encoder'\n                title='Dieser Kontakt wurde von Anti-Spam by CleanTalk verschl\u00fcsselt. Klicken Sie hier, um ihn zu entschl\u00fcsseln. Um die Entschl\u00fcsselung abzuschlie\u00dfen, stellen Sie sicher, dass JavaScript in Ihrem Browser aktiviert ist.'>co<span class=\"apbct-blur\">*****<\/span>@<span class=\"apbct-blur\">*******<\/span>ou.ch<\/span> for questions related to refunds and returns.<\/p>\n\t\t\t\t\t\t\t\t<\/div>\n\t\t\t\t<\/div>\n\t\t\t\t\t<\/div>\n\t\t\t\t<\/div>\n\t\t\t\t<\/div>","protected":false},"excerpt":{"rendered":"<p>Entdecken Sie unsere umfassenden Versand- und R\u00fcckgaberichtlinien bei Koussikou, wo wir einen schnellen Versand und eine reibungslose R\u00fcckgabe f\u00fcr Sie sicherstellen.<\/p>","protected":false},"author":8,"featured_media":0,"parent":0,"menu_order":0,"comment_status":"closed","ping_status":"closed","template":"elementor_header_footer","meta":{"footnotes":""},"class_list":["post-13","page","type-page","status-publish","hentry"],"_links":{"self":[{"href":"https:\/\/koussikou.ch\/de\/wp-json\/wp\/v2\/pages\/13","targetHints":{"allow":["GET"]}}],"collection":[{"href":"https:\/\/koussikou.ch\/de\/wp-json\/wp\/v2\/pages"}],"about":[{"href":"https:\/\/koussikou.ch\/de\/wp-json\/wp\/v2\/types\/page"}],"author":[{"embeddable":true,"href":"https:\/\/koussikou.ch\/de\/wp-json\/wp\/v2\/users\/8"}],"replies":[{"embeddable":true,"href":"https:\/\/koussikou.ch\/de\/wp-json\/wp\/v2\/comments?post=13"}],"version-history":[{"count":0,"href":"https:\/\/koussikou.ch\/de\/wp-json\/wp\/v2\/pages\/13\/revisions"}],"wp:attachment":[{"href":"https:\/\/koussikou.ch\/de\/wp-json\/wp\/v2\/media?parent=13"}],"curies":[{"name":"wp","href":"https:\/\/api.w.org\/{rel}","templated":true}]}}