{"id":2,"date":"2024-05-25T10:40:13","date_gmt":"2024-05-25T10:40:13","guid":{"rendered":"https:\/\/koussikou.ch\/?page_id=2"},"modified":"2024-06-14T18:30:09","modified_gmt":"2024-06-14T16:30:09","slug":"nutzungsbestimmungen-und-bedingungen","status":"publish","type":"page","link":"https:\/\/koussikou.ch\/de\/nutzungsbestimmungen-und-bedingungen\/","title":{"rendered":"Nutzungsbedingungen"},"content":{"rendered":"<div data-elementor-type=\"wp-page\" data-elementor-id=\"2\" class=\"elementor elementor-2\">\n\t\t\t\t<div class=\"wd-negative-gap elementor-element elementor-element-4fcbd734 e-flex e-con-boxed e-con e-parent\" data-id=\"4fcbd734\" data-element_type=\"container\" data-e-type=\"container\">\n\t\t\t\t\t<div class=\"e-con-inner\">\n\t\t\t\t<div class=\"elementor-element elementor-element-115f5a18 color-scheme-inherit text-left elementor-widget elementor-widget-text-editor\" data-id=\"115f5a18\" data-element_type=\"widget\" data-e-type=\"widget\" data-widget_type=\"text-editor.default\">\n\t\t\t\t<div class=\"elementor-widget-container\">\n\t\t\t\t\t\t\t\t\t\n<h2 style=\"text-align: center;\"><span style=\"color: #83b735;\">Nutzungsbedingungen<\/span><\/h2>\n<blockquote>\n<h4><span style=\"color: #83b735;\">Allgemein<\/span><\/h4>\n<\/blockquote>\n<p>Willkommen bei Koussikou.ch, Ihrer ersten Adresse f\u00fcr Qualit\u00e4tsprodukte und au\u00dfergew\u00f6hnlichen Service. Diese Allgemeinen Gesch\u00e4ftsbedingungen (nachfolgend \"AGB\" genannt) stellen eine rechtsverbindliche Vereinbarung zwischen Koussikou.ch (nachfolgend \"<a href=\"https:\/\/koussikou.ch\/de\/\" target=\"_new\" rel=\"noreferrer\">www.Koussikou.ch<\/a>,\" \"wir\", \"uns\" oder \"unser\") und Sie, unser gesch\u00e4tzter Kunde.<\/p>\n<p>Indem Sie auf unsere Website zugreifen oder sie nutzen, verpflichten Sie sich, diese Bedingungen zu befolgen und an sie gebunden zu sein. Wir bitten Sie, diese sorgf\u00e4ltig zu lesen, bevor Sie einen Kauf t\u00e4tigen. Sollten Sie mit irgendeinem Aspekt dieser Bedingungen nicht einverstanden sein, bitten wir Sie, den Zugriff auf die Website oder die Inanspruchnahme unserer Dienstleistungen zu unterlassen.<\/p>\n<blockquote>\n<h4><span style=\"color: #83b735;\">Abschluss des Vertrags<\/span><\/h4>\n<\/blockquote>\n<p>Mit der Aufgabe einer Bestellung auf der Plattform www.Koussikou.ch gibt der Kunde ein Angebot zum Abschluss eines Kaufvertrages mit Koussikou.ch ab. Die Bestellung ist somit verbindlich. Der Kunde erh\u00e4lt eine Best\u00e4tigung \u00fcber den Eingang dieser Bestellung (Bestellbest\u00e4tigung). Diese Best\u00e4tigung stellt keine Annahme des Angebots des Kunden dar, sondern soll den Kunden nur dar\u00fcber informieren, dass seine Bestellung eingegangen ist.<\/p>\n<p>Der Kaufvertrag kommt erst zustande, wenn Koussikou.ch den Versand an die vom Kunden angegebene Adresse mit einer zweiten E-Mail (Versandbest\u00e4tigung) best\u00e4tigt.<\/p>\n<p>Koussikou.ch ex\u00e9cute le contrat d'achat en livrant le produit command\u00e9 \u00e0 la Poste Suisse.<\/p>\n<blockquote>\n<h4><span style=\"color: #83b735;\">Je nach Verf\u00fcgbarkeit<\/span><\/h4>\n<\/blockquote>\n<p>Wir bem\u00fchen uns, unsere Produktlisten auf dem neuesten Stand zu halten, aber die Verf\u00fcgbarkeit kann variieren. Wenn ein von Ihnen bestelltes Produkt nicht verf\u00fcgbar ist, werden wir Sie umgehend per E-Mail informieren und m\u00f6gliche Alternativen oder R\u00fcckerstattungsoptionen besprechen.<\/p>\n<blockquote>\n<h4><span style=\"color: #83b735;\">Freiwillige R\u00fcckgabepolitik<\/span><\/h4>\n<\/blockquote>\n<p>Ihre Zufriedenheit ist unsere Priorit\u00e4t. Wenn Sie aus irgendeinem Grund mit Ihrem Kauf nicht zufrieden sind, k\u00f6nnen Sie das Produkt innerhalb von drei Werktagen nach Erhalt zur\u00fcckgeben. Das zur\u00fcckgegebene Produkt muss vollst\u00e4ndig, unbenutzt, unbesch\u00e4digt und in der Originalverpackung sein. <br \/><br \/>Wir erstatten Ihnen den Kaufpreis zur\u00fcck, sobald wir das zur\u00fcckgegebene Produkt und die erforderlichen Bank- oder Postdaten erhalten haben.<\/p>\n<blockquote>\n<h4><span style=\"color: #83b735;\">Zahlungsbedingungen<\/span><\/h4>\n<\/blockquote>\n<p>Die Preise sind in Schweizer Franken und beinhalten die Versandkosten. Alle Preise enthalten 0% Mehrwertsteuer. Wir behalten uns das Recht vor, die Preise zu \u00e4ndern. Es gelten die aktuellen Preise, die zum Zeitpunkt der Bestellung online eingesehen werden k\u00f6nnen. Druckfehler und Preisirrt\u00fcmer sind vorbehalten.<\/p>\n<p>Die Kunden k\u00f6nnen mit den folgenden Methoden Zahlungen leisten:<\/p>\n<ul>\n<li style=\"list-style-type: none;\">\n<ul>\n<li><strong>Mastercard<\/strong><\/li>\n<li><strong>Visum<\/strong><\/li>\n<li><strong>PayPal<\/strong><\/li>\n<li><strong>Klarna<\/strong><\/li>\n<li><strong>Twint<\/strong><\/li>\n<li><strong>PostFinance<\/strong><\/li>\n<\/ul>\n<\/li>\n<\/ul>\n<p>Koussikou.ch beh\u00e4lt sich das Recht vor, Kundendaten durch Drittfirmen zu verifizieren.<\/p>\n<blockquote>\n<h4><span style=\"color: #83b735;\">Kosten f\u00fcr den Versand<\/span><\/h4>\n<\/blockquote>\n<p>Alle Bestellungen ab CHF 100.- werden versandkostenfrei geliefert. \u00dcbersteigt der Betrag der Bestellung CHF 100.- nicht, verrechnen wir Ihnen CHF 10.50.- f\u00fcr das Porto.<\/p>\n<blockquote>\n<h4><span style=\"color: #83b735;\">Lieferung<\/span><\/h4>\n<\/blockquote>\n<p>Die Waren werden von der Schweizerischen Post an die vom Kunden angegebene Lieferadresse geliefert. Das Liefergebiet ist auf das Gebiet der Schweizerischen Eidgenossenschaft (inkl. Liechtenstein) beschr\u00e4nkt.<\/p>\n<p>Koussikou.ch weist darauf hin, dass alle Angaben zu den Lieferzeiten eines Produktes nur voraussichtliche Informationen und ungef\u00e4hre Richtwerte sind. Sie stellen keine verbindlichen oder garantierten Lieferzeiten dar. Sollten sich Lieferzeiten aufgrund der Verf\u00fcgbarkeit \u00e4ndern, wird der Kunde von Koussikou.ch informiert.<\/p>\n<p>Koussikou.ch ist jederzeit zu Teillieferungen berechtigt, sofern diese f\u00fcr den Kunden zumutbar sind.<\/p>\n<p>Transportsch\u00e4den (sichtbare und verborgene) und Fehllieferungen m\u00fcssen innerhalb von f\u00fcnf Tagen nach Erhalt der Sendung gemeldet werden. In diesem Fall darf das Produkt nicht verwendet werden.<\/p>\n<blockquote>\n<h4><span style=\"color: #83b735;\">Eigentumsvorbehalt<\/span><\/h4>\n<\/blockquote>\n<p>Die Ware bleibt bis zur vollst\u00e4ndigen Bezahlung des Kaufpreises im Eigentum von Koussikou.ch. Der Kunde r\u00e4umt Koussikou.ch das Recht ein, einen Eigentumsvorbehalt im Eigentumsvorbehaltsregister eintragen zu lassen.<\/p>\n<blockquote>\n<h4><span style=\"color: #83b735;\">Garantie<\/span><\/h4>\n<\/blockquote>\n<p>Koussikou.ch vertreibt ausschliesslich originale und neue Produkte von f\u00fchrenden Herstellern, die f\u00fcr ihre Qualit\u00e4t bekannt sind. Da Koussikou.ch diese Produkte nicht selbst herstellt, hat sie keinen Einfluss auf deren Funktionalit\u00e4t. Deshalb schliesst Koussikou.ch jegliche Garantie f\u00fcr diese Produkte aus, es sei denn, sie wird vom Hersteller ausdr\u00fccklich gew\u00e4hrt.<\/p>\n<p>Koussikou.ch erm\u00e4chtigt jedoch seine Kunden, die Garantierechte direkt beim Hersteller geltend zu machen, wie in der Garantieerkl\u00e4rung des Herstellers angegeben.<\/p>\n<blockquote>\n<h4><span style=\"color: #83b735;\">Haftungsausschluss<\/span><\/h4>\n<\/blockquote>\n<p>Koussikou.ch ist der Kundenbetreuung verpflichtet<\/p>\n<p>Die Erbringung von Dienstleistungen in \u00dcbereinstimmung mit diesen AGBs und anderen vertraglichen Bestimmungen.<\/p>\n<p>Schadenersatzanspr\u00fcche aus Unm\u00f6glichkeit der Leistung, Vertragsverletzung, Fahrl\u00e4ssigkeit und unerlaubter Handlung sind gegen\u00fcber Koussikou.ch, soweit nicht Vorsatz oder grobe Fahrl\u00e4ssigkeit vorliegt, und gegen\u00fcber den Erf\u00fcllungsgehilfen von Koussikou.ch vollst\u00e4ndig ausgeschlossen. Die Haftung f\u00fcr indirekte Sch\u00e4den und Folgesch\u00e4den, die durch Gebrauch, unsachgem\u00e4sse Ausf\u00fchrung oder Leistungsausfall entstehen, ist ausgeschlossen. Die Haftung von Koussikou.ch f\u00fcr eigenes Verschulden und das ihrer Mitarbeiter und gesetzlichen Vertreter ist auf Vorsatz beschr\u00e4nkt.<\/p>\n<p>Koussikou.ch ist nicht verantwortlich f\u00fcr Transportsch\u00e4den. Diese m\u00fcssen direkt beim Paketzusteller (Schweizerische Post) reklamiert werden.<\/p>\n<blockquote>\n<h4><span style=\"color: #83b735;\">Adresse<\/span><\/h4>\n<\/blockquote>\n<p>SERRAS DESIGN'S<br \/>13, Route de la Combetta<br \/>1782 Belfaux<\/p>\n<blockquote>\n<h4><span style=\"color: #83b735;\">Schlussbestimmungen<\/span><\/h4>\n<\/blockquote>\n<p>Es gilt Schweizer Recht.<\/p>\n<p>Ist der Kunde Kaufmann, so ist Dietikon ausschlie\u00dflicher Gerichtsstand f\u00fcr alle Anspr\u00fcche aus der Gesch\u00e4ftsverbindung.<\/p>\n<p>Handelt es sich bei dem Kunden um einen Verbraucher, so bestimmt sich der Gerichtsstand nach Artikel 22 des Gesetzes \u00fcber den Gerichtsstand.<\/p>\n<p>Diese Allgemeinen Gesch\u00e4ftsbedingungen k\u00f6nnen jederzeit ge\u00e4ndert werden. Die aktuelle Version kann auf www.Koussikou.ch eingesehen werden und gilt ab dem Datum der Ver\u00f6ffentlichung als vom Kunden akzeptiert.<\/p>\n<p><span style=\"color: #83b735;\"><em><strong>Koussikou.ch, 2024<\/strong><\/em><\/span><\/p>\n\t\t\t\t\t\t\t\t<\/div>\n\t\t\t\t<\/div>\n\t\t\t\t\t<\/div>\n\t\t\t\t<\/div>\n\t\t\t\t<\/div>","protected":false},"excerpt":{"rendered":"<p>Willkommen bei Koussikou.ch, Ihrer ersten Adresse f\u00fcr Qualit\u00e4tsprodukte und au\u00dfergew\u00f6hnlichen Service.<\/p>","protected":false},"author":8,"featured_media":0,"parent":0,"menu_order":0,"comment_status":"closed","ping_status":"closed","template":"elementor_header_footer","meta":{"footnotes":""},"class_list":["post-2","page","type-page","status-publish","hentry"],"_links":{"self":[{"href":"https:\/\/koussikou.ch\/de\/wp-json\/wp\/v2\/pages\/2","targetHints":{"allow":["GET"]}}],"collection":[{"href":"https:\/\/koussikou.ch\/de\/wp-json\/wp\/v2\/pages"}],"about":[{"href":"https:\/\/koussikou.ch\/de\/wp-json\/wp\/v2\/types\/page"}],"author":[{"embeddable":true,"href":"https:\/\/koussikou.ch\/de\/wp-json\/wp\/v2\/users\/8"}],"replies":[{"embeddable":true,"href":"https:\/\/koussikou.ch\/de\/wp-json\/wp\/v2\/comments?post=2"}],"version-history":[{"count":0,"href":"https:\/\/koussikou.ch\/de\/wp-json\/wp\/v2\/pages\/2\/revisions"}],"wp:attachment":[{"href":"https:\/\/koussikou.ch\/de\/wp-json\/wp\/v2\/media?parent=2"}],"curies":[{"name":"wp","href":"https:\/\/api.w.org\/{rel}","templated":true}]}}