{"id":29665,"date":"2024-06-10T16:57:10","date_gmt":"2024-06-10T14:57:10","guid":{"rendered":"https:\/\/koussikou.ch\/?page_id=29665"},"modified":"2024-07-15T12:24:38","modified_gmt":"2024-07-15T10:24:38","slug":"impressum","status":"publish","type":"page","link":"https:\/\/koussikou.ch\/de\/impressum\/","title":{"rendered":"Impressum"},"content":{"rendered":"<div data-elementor-type=\"wp-page\" data-elementor-id=\"29665\" class=\"elementor elementor-29665\">\n\t\t\t\t<div class=\"wd-negative-gap elementor-element elementor-element-3d6c6136 e-flex e-con-boxed e-con e-parent\" data-id=\"3d6c6136\" data-element_type=\"container\" data-e-type=\"container\">\n\t\t\t\t\t<div class=\"e-con-inner\">\n\t\t\t\t<div class=\"elementor-element elementor-element-f7c02d4 wd-width-100 elementor-widget elementor-widget-wd_title\" data-id=\"f7c02d4\" data-element_type=\"widget\" data-e-type=\"widget\" data-widget_type=\"wd_title.default\">\n\t\t\t\t<div class=\"elementor-widget-container\">\n\t\t\t\t\t\t\t<div class=\"title-wrapper wd-set-mb reset-last-child wd-title-color-default wd-title-style-default wd-title-size-default text-center\">\n\n\t\t\t\n\t\t\t<div class=\"liner-continer\">\n\t\t\t\t<h4 class=\"woodmart-title-container title wd-fontsize-l\">Online Pet Boutique<\/h4> \n\t\t\t\t\t\t\t<\/div>\n\n\t\t\t\t\t\t\t<div class=\"title-after_title reset-last-child wd-fontsize-xs\">\n\t\t\t\t\t<h1><span style=\"color: #83b735\">Koussikou.ch<\/span><\/h1>\t\t\t\t<\/div>\n\t\t\t\t\t<\/div>\n\t\t\t\t\t\t<\/div>\n\t\t\t\t<\/div>\n\t\t\t\t\t<\/div>\n\t\t\t\t<\/div>\n\t\t<div class=\"wd-negative-gap elementor-element elementor-element-61c1759 e-flex e-con-boxed e-con e-parent\" data-id=\"61c1759\" data-element_type=\"container\" data-e-type=\"container\">\n\t\t\t\t\t<div class=\"e-con-inner\">\n\t\t<div class=\"elementor-element elementor-element-4171f63 e-con-full e-flex e-con e-child\" data-id=\"4171f63\" data-element_type=\"container\" data-e-type=\"container\">\n\t\t\t\t<div class=\"elementor-element elementor-element-c674fca elementor-widget elementor-widget-wd_text_block\" data-id=\"c674fca\" data-element_type=\"widget\" data-e-type=\"widget\" data-widget_type=\"wd_text_block.default\">\n\t\t\t\t<div class=\"elementor-widget-container\">\n\t\t\t\t\t\t\t<div class=\"wd-text-block reset-last-child text-left\">\n\t\t\t\n\t\t\t<header class=\"page-header\">\n<h1 style=\"text-align: center;\"><span style=\"font-size: 22px;\">IMPRESSUM<\/span><\/h1>\n<\/header>\n<section id=\"content\" class=\"page-content page-cms page-cms-2\">\n<p><strong>SERRAS DESIGN'S<\/strong><br \/>13, Route de la Combetta<br \/>1782 Belfaux, Schweiz<\/p>\n<p>Email: <span \n                data-original-string='vgtokOFoVJ9qQzduoTsuaA==417\/Kix\/NIGfj1CNOO30+sMiRM9NTgZ0mRZV6SaPbkf5Gc='\n                class='apbct-email-encoder'\n                title='Dieser Kontakt wurde von Anti-Spam by CleanTalk verschl\u00fcsselt. Klicken Sie hier, um ihn zu entschl\u00fcsseln. Um die Entschl\u00fcsselung abzuschlie\u00dfen, stellen Sie sicher, dass JavaScript in Ihrem Browser aktiviert ist.'>co<span class=\"apbct-blur\">*****<\/span>@<span class=\"apbct-blur\">*******<\/span>ou.ch<\/span><\/p>\n<p>Gesch\u00e4ftliche Informationen:<br \/>Sole Proprietorship - Not registered in the commercial register<br \/><strong>UID-Nummer: CHE-265.244.927<\/strong><\/p>\n<\/section>\n\n\t\t\t\t\t<\/div>\n\t\t\t\t\t\t<\/div>\n\t\t\t\t<\/div>\n\t\t\t\t<\/div>\n\t\t<div class=\"elementor-element elementor-element-5832baf e-con-full e-flex e-con e-child\" data-id=\"5832baf\" data-element_type=\"container\" data-e-type=\"container\">\n\t\t\t\t<div class=\"elementor-element elementor-element-7cdc6b7 elementor-widget elementor-widget-wd_image_or_svg\" data-id=\"7cdc6b7\" data-element_type=\"widget\" data-e-type=\"widget\" data-widget_type=\"wd_image_or_svg.default\">\n\t\t\t\t<div class=\"elementor-widget-container\">\n\t\t\t\t\t\n\t\t<div class=\"wd-image text-center\">\n\t\t\t\t\t\t\t\t<img loading=\"lazy\" decoding=\"async\" width=\"400\" height=\"300\" src=\"https:\/\/koussikou.ch\/wp-content\/uploads\/2024\/07\/Untitled-design-23.webp\" class=\"attachment-full size-full\" alt=\"\" srcset=\"https:\/\/koussikou.ch\/wp-content\/uploads\/2024\/07\/Untitled-design-23.webp 400w, https:\/\/koussikou.ch\/wp-content\/uploads\/2024\/07\/Untitled-design-23-16x12.webp 16w, https:\/\/koussikou.ch\/wp-content\/uploads\/2024\/07\/Untitled-design-23-150x113.webp 150w\" sizes=\"auto, (max-width: 400px) 100vw, 400px\" \/>\t\t\t\t\t<\/div>\n\n\t\t\t\t\t\t<\/div>\n\t\t\t\t<\/div>\n\t\t\t\t<\/div>\n\t\t\t\t\t<\/div>\n\t\t\t\t<\/div>\n\t\t\t\t<\/div>","protected":false},"excerpt":{"rendered":"<p>Discover Serras Design&#8217;s at Koussikou.ch for one-of-a-kind designs crafted in Belfaux, Switzerland. Contact us at <span \n                data-original-string='UaAXtaFfJ58blV45gaQJlg==417mhBWflvsUgg33\/4hiGBzAkYcsmJwT3g2bjDMA2LeM9c='\n                class='apbct-email-encoder'\n                title='Dieser Kontakt wurde von Anti-Spam by CleanTalk verschl\u00fcsselt. Klicken Sie hier, um ihn zu entschl\u00fcsseln. Um die Entschl\u00fcsselung abzuschlie\u00dfen, stellen Sie sicher, dass JavaScript in Ihrem Browser aktiviert ist.'>co<span class=\"apbct-blur\">*****<\/span>@<span class=\"apbct-blur\">*******<\/span>ou.ch<\/span> for bespoke services from our dedicated sole proprietorship.<\/p>","protected":false},"author":8,"featured_media":0,"parent":0,"menu_order":0,"comment_status":"closed","ping_status":"open","template":"","meta":{"footnotes":""},"class_list":["post-29665","page","type-page","status-publish","hentry"],"_links":{"self":[{"href":"https:\/\/koussikou.ch\/de\/wp-json\/wp\/v2\/pages\/29665","targetHints":{"allow":["GET"]}}],"collection":[{"href":"https:\/\/koussikou.ch\/de\/wp-json\/wp\/v2\/pages"}],"about":[{"href":"https:\/\/koussikou.ch\/de\/wp-json\/wp\/v2\/types\/page"}],"author":[{"embeddable":true,"href":"https:\/\/koussikou.ch\/de\/wp-json\/wp\/v2\/users\/8"}],"replies":[{"embeddable":true,"href":"https:\/\/koussikou.ch\/de\/wp-json\/wp\/v2\/comments?post=29665"}],"version-history":[{"count":0,"href":"https:\/\/koussikou.ch\/de\/wp-json\/wp\/v2\/pages\/29665\/revisions"}],"wp:attachment":[{"href":"https:\/\/koussikou.ch\/de\/wp-json\/wp\/v2\/media?parent=29665"}],"curies":[{"name":"wp","href":"https:\/\/api.w.org\/{rel}","templated":true}]}}