{"id":3,"date":"2024-05-25T10:40:13","date_gmt":"2024-05-25T10:40:13","guid":{"rendered":"https:\/\/koussikou.ch\/?page_id=3"},"modified":"2024-06-14T18:28:52","modified_gmt":"2024-06-14T16:28:52","slug":"datenschutzbestimmungen","status":"publish","type":"page","link":"https:\/\/koussikou.ch\/de\/datenschutzbestimmungen\/","title":{"rendered":"Datenschutzbestimmungen"},"content":{"rendered":"<div data-elementor-type=\"wp-page\" data-elementor-id=\"3\" class=\"elementor elementor-3\">\n\t\t\t\t<div class=\"wd-negative-gap elementor-element elementor-element-3d6c6136 e-flex e-con-boxed e-con e-parent\" data-id=\"3d6c6136\" data-element_type=\"container\" data-e-type=\"container\">\n\t\t\t\t\t<div class=\"e-con-inner\">\n\t\t\t\t<div class=\"elementor-element elementor-element-63cb82fd color-scheme-inherit text-left elementor-widget elementor-widget-text-editor\" data-id=\"63cb82fd\" data-element_type=\"widget\" data-e-type=\"widget\" data-widget_type=\"text-editor.default\">\n\t\t\t\t<div class=\"elementor-widget-container\">\n\t\t\t\t\t\t\t\t\t<header class=\"page-header\">\n<h1 class=\"wp-block-heading\" style=\"text-align: center;\"><span style=\"color: #83b735;\">Datenschutz<\/span><\/h1>\n<\/header>\n<section id=\"content\" class=\"page-content page-cms page-cms-2\">\n<blockquote>\n<h3>Datenschutz auf einen Blick<\/h3>\n<\/blockquote>\n<h4>Allgemeine Informationen<\/h4>\n<p>Die folgenden Hinweise geben einen einfachen \u00dcberblick dar\u00fcber, was mit Ihren personenbezogenen Daten passiert, wenn Sie unsere Website besuchen. Personenbezogene Daten sind alle Daten, mit denen Sie pers\u00f6nlich identifiziert werden k\u00f6nnen. Ausf\u00fchrliche Informationen zum Thema Datenschutz finden Sie in unserer unter diesem Text aufgef\u00fchrten Datenschutzerkl\u00e4rung.<\/p>\n<blockquote>\n<h4>Datenerfassung auf unserer Website<\/h4>\n<\/blockquote>\n<h4>Wer ist f\u00fcr die Datenerfassung auf dieser Website verantwortlich?<\/h4>\n<p>Die Datenverarbeitung auf dieser Website erfolgt durch den Websitebetreiber. Deren Kontaktdaten finden Sie im Impressum dieser Website.<\/p>\n<h4>Wie sammeln wir Ihre Daten?<\/h4>\n<p>Zum einen werden Ihre Daten erhoben, wenn Sie uns diese mitteilen. Dies k\u00f6nnen z.B. Daten sein, die Sie in ein Kontaktformular eingeben.<\/p>\n<p>Andere Daten werden automatisch von unseren IT-Systemen erfasst, wenn Sie die Website besuchen. Dabei handelt es sich in erster Linie um technische Daten (z.B. Internet-Browser, Betriebssystem oder Zeitpunkt des Seitenaufrufs). Diese Daten werden automatisch erfasst, sobald Sie unsere Website betreten.<\/p>\n<h4>Wozu verwenden wir Ihre Daten?<\/h4>\n<p>Ein Teil der Daten wird erhoben, um die fehlerfreie Bereitstellung der Website zu gew\u00e4hrleisten. Andere Daten k\u00f6nnen verwendet werden, um Ihr Nutzerverhalten zu analysieren.<\/p>\n<h4>Welche Rechte haben Sie in Bezug auf Ihre Daten?<\/h4>\n<p>Sie haben jederzeit das Recht, unentgeltlich Auskunft \u00fcber Herkunft, Empf\u00e4nger und Zweck Ihrer gespeicherten personenbezogenen Daten zu erhalten. Sie haben au\u00dferdem ein Recht auf Berichtigung, Sperrung und L\u00f6schung dieser Daten. Hierzu sowie zu weiteren Fragen zum Thema Datenschutz k\u00f6nnen Sie sich jederzeit unter der im Impressum angegebenen Adresse an uns wenden. Sie haben auch das Recht, eine Beschwerde bei der zust\u00e4ndigen Aufsichtsbeh\u00f6rde einzureichen.<\/p>\n<h4>Analysetools und Tools von Drittanbietern<\/h4>\n<p>Wenn Sie unsere Website besuchen, kann Ihr Surfverhalten statistisch ausgewertet werden. Dies geschieht haupts\u00e4chlich mit Cookies und sogenannten Analyseprogrammen. Die Auswertung Ihres Surfverhaltens erfolgt in der Regel anonym; das Surfverhalten kann nicht auf Sie zur\u00fcckgef\u00fchrt werden. Sie k\u00f6nnen dieser Auswertung widersprechen oder sie verhindern, indem Sie bestimmte Tools nicht nutzen. Detaillierte Informationen hierzu finden Sie in der nachfolgenden Datenschutzerkl\u00e4rung.<\/p>\n<p>Sie k\u00f6nnen dieser Auswertung widersprechen. \u00dcber die M\u00f6glichkeiten des Widerspruchs werden wir Sie in dieser Datenschutzerkl\u00e4rung informieren.<\/p>\n<blockquote>\n<h3>Allgemeine Informationen und Pflichtangaben<\/h3>\n<\/blockquote>\n<p>Die Betreiber dieser Seiten nehmen den Schutz Ihrer pers\u00f6nlichen Daten sehr ernst. Wir behandeln Ihre personenbezogenen Daten vertraulich und entsprechend der gesetzlichen Datenschutzvorschriften sowie dieser Datenschutzerkl\u00e4rung.<\/p>\n<p>Wenn Sie diese Website nutzen, werden verschiedene personenbezogene Daten erhoben. Personenbezogene Daten sind Daten, mit denen Sie pers\u00f6nlich identifiziert werden k\u00f6nnen. Diese Datenschutzerkl\u00e4rung erl\u00e4utert, welche Daten wir sammeln und wof\u00fcr wir sie verwenden. Sie erkl\u00e4rt auch, wie und zu welchem Zweck dies geschieht.<\/p>\n<p>Wir weisen darauf hin, dass die Daten\u00fcbertragung im Internet (z.B. bei der Kommunikation per E-Mail) Sicherheitsl\u00fccken aufweisen kann. Ein l\u00fcckenloser Schutz der Daten vor dem Zugriff durch Dritte ist nicht m\u00f6glich.<\/p>\n<p>Hinweis auf die zust\u00e4ndige Stelle<br \/>Die verantwortliche Stelle f\u00fcr die Datenverarbeitung auf dieser Website ist:<\/p>\n<blockquote>\n<p>SERRAS DESIGN'S<br \/>13, Route de la Combetta<br \/>1782 Belfaux<br \/><span \n                data-original-string='b3J+D6amvV6wwFte3qH2Kg==417MSdwQjVvhFPnCfzllLrYctd11LylwIcE0MH4E2N\/UTE='\n                class='apbct-email-encoder'\n                title='Dieser Kontakt wurde von Anti-Spam by CleanTalk verschl\u00fcsselt. Klicken Sie hier, um ihn zu entschl\u00fcsseln. Um die Entschl\u00fcsselung abzuschlie\u00dfen, stellen Sie sicher, dass JavaScript in Ihrem Browser aktiviert ist.'>co<span class=\"apbct-blur\">*****<\/span>@<span class=\"apbct-blur\">*******<\/span>ou.ch<\/span><\/p>\n<\/blockquote>\n<p>Die verantwortliche Stelle ist die nat\u00fcrliche oder juristische Person, die allein oder zusammen mit anderen \u00fcber die Zwecke und Mittel der Verarbeitung personenbezogener Daten (z. B. Namen, E-Mail-Adressen usw.) entscheidet.<\/p>\n<h4>Widerruf der Einwilligung in die Datenverarbeitung<\/h4>\n<p>Viele Datenverarbeitungsvorg\u00e4nge sind nur mit Ihrer ausdr\u00fccklichen Zustimmung m\u00f6glich. Eine bereits erteilte Einwilligung k\u00f6nnen Sie jederzeit widerrufen. Eine formlose Mitteilung per E-Mail an uns ist ausreichend. Die Rechtm\u00e4\u00dfigkeit der bis zum Widerruf erfolgten Datenverarbeitung bleibt vom Widerruf unber\u00fchrt.<\/p>\n<h4>Recht auf Beschwerde bei der zust\u00e4ndigen Aufsichtsbeh\u00f6rde<\/h4>\n<p>Im Falle datenschutzrechtlicher Verst\u00f6\u00dfe hat der Betroffene das Recht, sich bei der zust\u00e4ndigen Aufsichtsbeh\u00f6rde zu beschweren. Zust\u00e4ndige Aufsichtsbeh\u00f6rde in datenschutzrechtlichen Fragen ist der Landesdatenschutzbeauftragte des Bundeslandes, in dem unser Unternehmen seinen Sitz hat. Eine Liste der Datenschutzbeauftragten und deren Kontaktdaten finden Sie unter dem folgenden Link:\u00a0<a href=\"https:\/\/www.bfdi.bund.de\/DE\/Infothek\/Anschriften_Links\/anschriften_links-node.html.\">https:\/\/www.bfdi.bund.de\/DE\/Infothek\/Anschriften_Links\/anschriften_links-node.html.<\/a><\/p>\n<h4>Recht auf Daten\u00fcbertragbarkeit<\/h4>\n<p>Sie haben das Recht, Daten, die wir aufgrund Ihrer Einwilligung oder in Erf\u00fcllung eines Vertrages automatisiert verarbeiten, an Sie oder an einen Dritten in einem g\u00e4ngigen, maschinenlesbaren Format aush\u00e4ndigen zu lassen. Wenn Sie die direkte \u00dcbermittlung der Daten w\u00fcnschen<\/p>\n<\/section>\t\t\t\t\t\t\t\t<\/div>\n\t\t\t\t<\/div>\n\t\t\t\t\t<\/div>\n\t\t\t\t<\/div>\n\t\t\t\t<\/div>","protected":false},"excerpt":{"rendered":"<p>Erfahren Sie, wie wir Ihre pers\u00f6nlichen Daten sch\u00fctzen und Ihre Privatsph\u00e4re gew\u00e4hrleisten, wenn Sie unsere Website besuchen.<\/p>","protected":false},"author":8,"featured_media":0,"parent":0,"menu_order":0,"comment_status":"closed","ping_status":"open","template":"","meta":{"footnotes":""},"class_list":["post-3","page","type-page","status-publish","hentry"],"_links":{"self":[{"href":"https:\/\/koussikou.ch\/de\/wp-json\/wp\/v2\/pages\/3","targetHints":{"allow":["GET"]}}],"collection":[{"href":"https:\/\/koussikou.ch\/de\/wp-json\/wp\/v2\/pages"}],"about":[{"href":"https:\/\/koussikou.ch\/de\/wp-json\/wp\/v2\/types\/page"}],"author":[{"embeddable":true,"href":"https:\/\/koussikou.ch\/de\/wp-json\/wp\/v2\/users\/8"}],"replies":[{"embeddable":true,"href":"https:\/\/koussikou.ch\/de\/wp-json\/wp\/v2\/comments?post=3"}],"version-history":[{"count":0,"href":"https:\/\/koussikou.ch\/de\/wp-json\/wp\/v2\/pages\/3\/revisions"}],"wp:attachment":[{"href":"https:\/\/koussikou.ch\/de\/wp-json\/wp\/v2\/media?parent=3"}],"curies":[{"name":"wp","href":"https:\/\/api.w.org\/{rel}","templated":true}]}}