{"id":8806,"date":"2021-11-04T15:53:19","date_gmt":"2021-11-04T15:53:19","guid":{"rendered":"http:\/\/dummy.xtemos.com\/woodmart2\/elementor\/?page_id=8806"},"modified":"2024-06-14T22:47:11","modified_gmt":"2024-06-14T20:47:11","slug":"zahlungsverfahren","status":"publish","type":"page","link":"https:\/\/koussikou.ch\/de\/zahlungsverfahren\/","title":{"rendered":"Zahlungsarten"},"content":{"rendered":"<div data-elementor-type=\"wp-page\" data-elementor-id=\"8806\" class=\"elementor elementor-8806\">\n\t\t\t\t<div class=\"wd-negative-gap elementor-element elementor-element-d8a8174 wd-section-stretch e-flex e-con-boxed e-con e-parent\" data-id=\"d8a8174\" data-element_type=\"container\" data-e-type=\"container\" data-settings=\"{&quot;background_background&quot;:&quot;classic&quot;}\">\n\t\t\t\t\t<div class=\"e-con-inner\">\n\t\t\t\t<div class=\"elementor-element elementor-element-180c074 wd-width-100 elementor-widget elementor-widget-wd_title\" data-id=\"180c074\" data-element_type=\"widget\" data-e-type=\"widget\" data-widget_type=\"wd_title.default\">\n\t\t\t\t<div class=\"elementor-widget-container\">\n\t\t\t\t\t\t\t<div class=\"title-wrapper wd-set-mb reset-last-child wd-title-color-white wd-title-style-default wd-title-size-default text-center\">\n\n\t\t\t\n\t\t\t<div class=\"liner-continer\">\n\t\t\t\t<h4 class=\"woodmart-title-container title wd-fontsize-l\">Zahlungsarten<\/h4> \n\t\t\t\t\t\t\t<\/div>\n\n\t\t\t\t\t<\/div>\n\t\t\t\t\t\t<\/div>\n\t\t\t\t<\/div>\n\t\t\t\t\t<\/div>\n\t\t\t\t<\/div>\n\t\t<div class=\"wd-negative-gap elementor-element elementor-element-8191dfb e-flex e-con-boxed e-con e-parent\" data-id=\"8191dfb\" data-element_type=\"container\" data-e-type=\"container\">\n\t\t\t\t\t<div class=\"e-con-inner\">\n\t\t<div class=\"elementor-element elementor-element-3f4671f e-con-full e-flex e-con e-child\" data-id=\"3f4671f\" data-element_type=\"container\" data-e-type=\"container\">\n\t\t\t\t<div class=\"elementor-element elementor-element-4338cff wd-width-100 elementor-widget elementor-widget-wd_title\" data-id=\"4338cff\" data-element_type=\"widget\" data-e-type=\"widget\" data-widget_type=\"wd_title.default\">\n\t\t\t\t<div class=\"elementor-widget-container\">\n\t\t\t\t\t\t\t<div class=\"title-wrapper wd-set-mb reset-last-child wd-title-color-default wd-title-style-bordered wd-title-size-default text-left\">\n\n\t\t\t\n\t\t\t<div class=\"liner-continer\">\n\t\t\t\t<h4 class=\"woodmart-title-container title wd-fontsize-l\">ZAHLUNGSINFORMATIONEN<\/h4> \n\t\t\t\t\t\t\t<\/div>\n\n\t\t\t\t\t\t\t<div class=\"title-after_title reset-last-child wd-fontsize-xs\">\n\t\t\t\t\t<h5>Bei <span style=\"color: #83b735\">Koussikou.ch<\/span>Wir bem\u00fchen uns, Ihr Einkaufserlebnis so reibungslos und bequem wie m\u00f6glich zu gestalten.<\/h5><h5>Wir bieten Ihnen eine Vielzahl von sicheren Zahlungsm\u00f6glichkeiten, die Ihren Bed\u00fcrfnissen entsprechen.<\/h5><h5>Wir stellen sicher, dass alle Transaktionen sicher verarbeitet werden, um Ihre pers\u00f6nlichen und finanziellen Daten zu sch\u00fctzen.<\/h5>\t\t\t\t<\/div>\n\t\t\t\t\t<\/div>\n\t\t\t\t\t\t<\/div>\n\t\t\t\t<\/div>\n\t\t<div class=\"elementor-element elementor-element-ac344ba e-con-full e-flex e-con e-child\" data-id=\"ac344ba\" data-element_type=\"container\" data-e-type=\"container\">\n\t\t<div class=\"elementor-element elementor-element-c344325 e-con-full e-flex e-con e-child\" data-id=\"c344325\" data-element_type=\"container\" data-e-type=\"container\">\n\t\t\t\t<div class=\"elementor-element elementor-element-799cde2 elementor-widget elementor-widget-wd_text_block\" data-id=\"799cde2\" data-element_type=\"widget\" data-e-type=\"widget\" data-widget_type=\"wd_text_block.default\">\n\t\t\t\t<div class=\"elementor-widget-container\">\n\t\t\t\t\t\t\t<div class=\"wd-text-block reset-last-child text-left\">\n\t\t\t\n\t\t\t<h5>Welche Zahlungsarten akzeptieren Sie?<\/h5><blockquote><h5>\u2714 <span style=\"color: #83b735;\">Mastercard\u00a0<\/span><\/h5><\/blockquote><p>Mit Mastercard Kredit- und Debitkarten k\u00f6nnen Sie schnelle und sichere Zahlungen vornehmen, die eine reibungslose Abwicklung Ihrer Transaktionen gew\u00e4hrleisten.<\/p><blockquote><h5><span style=\"color: #83b735;\"><span style=\"color: #000000;\">\u2714<\/span> Visum<\/span><\/h5><\/blockquote><p>Visa-Kredit- und Debitkarten bieten einfache und zuverl\u00e4ssige Zahlungsm\u00f6glichkeiten, denen Millionen von Kunden auf der ganzen Welt bei sicheren Transaktionen vertrauen.<\/p><blockquote><h5><span style=\"color: #83b735;\"><span style=\"color: #000000;\">\u2714<\/span> PayPal<\/span><\/h5><\/blockquote><p>PayPal ist ein vertrauensw\u00fcrdiges Online-Zahlungssystem, mit dem Sie schnell und sicher Eink\u00e4ufe \u00fcber Ihr PayPal-Konto oder verkn\u00fcpfte Bankkonten und Karten t\u00e4tigen k\u00f6nnen.<\/p><blockquote><h5>\u2714 <span style=\"color: #83b735;\">Klarna<\/span><\/h5><\/blockquote><p>Klarna bietet flexible Zahlungsl\u00f6sungen, die es Ihnen erm\u00f6glichen, jetzt zu kaufen und sp\u00e4ter zu bezahlen. So haben Sie mehr Kontrolle \u00fcber Ihre Finanzen und Ihr Einkaufserlebnis.<\/p><blockquote><h5>\u2714 <span style=\"color: #83b735;\"><strong>Twint<\/strong><\/span><\/h5><\/blockquote><p>Schnelle und einfache mobile Zahlungen mit Twint.<\/p><blockquote><h5>\u2714 <span style=\"color: #83b735;\"><strong>PostFinance<\/strong><\/span><\/h5><\/blockquote><p>Sichere und zuverl\u00e4ssige Transaktionen mit Swiss PostFinance.<\/p><blockquote><h5>\u2714 <span style=\"color: #83b735;\">Bitcoin<\/span><\/h5><\/blockquote><p>Bitcoin ist eine dezentralisierte digitale Zahlungsoption, die sichere und anonyme Transaktionen f\u00fcr Ihre Eink\u00e4ufe gew\u00e4hrleistet.<\/p>\n\t\t\t\t\t<\/div>\n\t\t\t\t\t\t<\/div>\n\t\t\t\t<\/div>\n\t\t\t\t<\/div>\n\t\t<div class=\"elementor-element elementor-element-acb343e e-con-full e-flex e-con e-child\" data-id=\"acb343e\" data-element_type=\"container\" data-e-type=\"container\">\n\t\t\t\t<div class=\"elementor-element elementor-element-306dd09 elementor-widget elementor-widget-wd_text_block\" data-id=\"306dd09\" data-element_type=\"widget\" data-e-type=\"widget\" data-widget_type=\"wd_text_block.default\">\n\t\t\t\t<div class=\"elementor-widget-container\">\n\t\t\t\t\t\t\t<div class=\"wd-text-block reset-last-child text-left\">\n\t\t\t\n\t\t\t<h5>Sind meine Zahlungsinformationen sicher?<\/h5><p>Ja, Ihre Sicherheit hat bei uns Vorrang. Unsere Website verwendet eine dem Industriestandard entsprechende Verschl\u00fcsselung, um sicherzustellen, dass Ihre Zahlungsinformationen gesch\u00fctzt sind.<\/p>\n\t\t\t\t\t<\/div>\n\t\t\t\t\t\t<\/div>\n\t\t\t\t<\/div>\n\t\t\t\t<div class=\"elementor-element elementor-element-7dd8508 elementor-widget elementor-widget-wd_text_block\" data-id=\"7dd8508\" data-element_type=\"widget\" data-e-type=\"widget\" data-widget_type=\"wd_text_block.default\">\n\t\t\t\t<div class=\"elementor-widget-container\">\n\t\t\t\t\t\t\t<div class=\"wd-text-block reset-last-child text-left\">\n\t\t\t\n\t\t\t<h5>Werde ich eine Zahlungsbest\u00e4tigung erhalten?<\/h5><p>Nein, wir berechnen keine zus\u00e4tzlichen Geb\u00fchren f\u00fcr die Zahlungsabwicklung. Der Gesamtbetrag an der Kasse ist der endg\u00fcltige Preis, den Sie zahlen werden.<\/p>\n\t\t\t\t\t<\/div>\n\t\t\t\t\t\t<\/div>\n\t\t\t\t<\/div>\n\t\t\t\t<div class=\"elementor-element elementor-element-6b476ca elementor-widget elementor-widget-wd_text_block\" data-id=\"6b476ca\" data-element_type=\"widget\" data-e-type=\"widget\" data-widget_type=\"wd_text_block.default\">\n\t\t\t\t<div class=\"elementor-widget-container\">\n\t\t\t\t\t\t\t<div class=\"wd-text-block reset-last-child text-left\">\n\t\t\t\n\t\t\t<h5>Kann ich meine Zahlungsmethode nach einer Bestellung \u00e4ndern?<\/h5><p>Sobald eine Bestellung aufgegeben wurde, kann die Zahlungsmethode nicht mehr ge\u00e4ndert werden.<\/p>\n\t\t\t\t\t<\/div>\n\t\t\t\t\t\t<\/div>\n\t\t\t\t<\/div>\n\t\t\t\t<div class=\"elementor-element elementor-element-f88a527 elementor-widget elementor-widget-wd_text_block\" data-id=\"f88a527\" data-element_type=\"widget\" data-e-type=\"widget\" data-widget_type=\"wd_text_block.default\">\n\t\t\t\t<div class=\"elementor-widget-container\">\n\t\t\t\t\t\t\t<div class=\"wd-text-block reset-last-child text-left\">\n\t\t\t\n\t\t\t<h5>Werde ich eine Rechnung f\u00fcr meinen Kauf erhalten?<\/h5><p>Ja, eine Rechnung wird Ihnen per E-Mail zugeschickt, sobald Ihre Zahlung bearbeitet und Ihre Bestellung best\u00e4tigt wurde.<\/p>\n\t\t\t\t\t<\/div>\n\t\t\t\t\t\t<\/div>\n\t\t\t\t<\/div>\n\t\t\t\t<div class=\"elementor-element elementor-element-e868b53 elementor-widget elementor-widget-wd_text_block\" data-id=\"e868b53\" data-element_type=\"widget\" data-e-type=\"widget\" data-widget_type=\"wd_text_block.default\">\n\t\t\t\t<div class=\"elementor-widget-container\">\n\t\t\t\t\t\t\t<div class=\"wd-text-block reset-last-child text-left\">\n\t\t\t\n\t\t\t<h5>Habe ich ein Kundenkonto, um meine Bestellungen und pers\u00f6nlichen Daten einzusehen?<\/h5><p>Ja, wenn Sie ein Kundenkonto anlegen, k\u00f6nnen Sie Ihre Bestellungen leicht einsehen, Ihre Adressen verwalten und Ihre pers\u00f6nlichen Daten an einem Ort aktualisieren.<\/p>\n\t\t\t\t\t<\/div>\n\t\t\t\t\t\t<\/div>\n\t\t\t\t<\/div>\n\t\t\t\t<\/div>\n\t\t\t\t<\/div>\n\t\t\t\t<\/div>\n\t\t\t\t\t<\/div>\n\t\t\t\t<\/div>\n\t\t\t\t<\/div>","protected":false},"excerpt":{"rendered":"<p>Entdecken Sie die sicheren und vielseitigen Zahlungsm\u00f6glichkeiten auf Koussikou.ch, darunter Mastercard, Visa, PayPal, Klarna, Twint, PostFinance.<\/p>","protected":false},"author":8,"featured_media":0,"parent":0,"menu_order":0,"comment_status":"closed","ping_status":"closed","template":"","meta":{"footnotes":""},"class_list":["post-8806","page","type-page","status-publish","hentry"],"_links":{"self":[{"href":"https:\/\/koussikou.ch\/de\/wp-json\/wp\/v2\/pages\/8806","targetHints":{"allow":["GET"]}}],"collection":[{"href":"https:\/\/koussikou.ch\/de\/wp-json\/wp\/v2\/pages"}],"about":[{"href":"https:\/\/koussikou.ch\/de\/wp-json\/wp\/v2\/types\/page"}],"author":[{"embeddable":true,"href":"https:\/\/koussikou.ch\/de\/wp-json\/wp\/v2\/users\/8"}],"replies":[{"embeddable":true,"href":"https:\/\/koussikou.ch\/de\/wp-json\/wp\/v2\/comments?post=8806"}],"version-history":[{"count":0,"href":"https:\/\/koussikou.ch\/de\/wp-json\/wp\/v2\/pages\/8806\/revisions"}],"wp:attachment":[{"href":"https:\/\/koussikou.ch\/de\/wp-json\/wp\/v2\/media?parent=8806"}],"curies":[{"name":"wp","href":"https:\/\/api.w.org\/{rel}","templated":true}]}}