{"id":27009,"date":"2023-03-20T05:37:15","date_gmt":"2023-03-20T03:37:15","guid":{"rendered":"https:\/\/koussikou.ch\/?post_type=product&#038;p=27009"},"modified":"2024-08-11T13:58:30","modified_gmt":"2024-08-11T11:58:30","slug":"oscar-the-fox","status":"publish","type":"product","link":"https:\/\/koussikou.ch\/de\/produkt\/oscar-the-fox\/","title":{"rendered":"Inooko &#8211; Oscar The Fox"},"content":{"rendered":"<div data-elementor-type=\"wp-post\" data-elementor-id=\"27009\" class=\"elementor elementor-27009\">\n\t\t\t\t<div class=\"elementor-element elementor-element-f10d255 e-con-full e-flex e-con e-parent\" data-id=\"f10d255\" data-element_type=\"container\" data-e-type=\"container\">\n\t\t\t\t<div class=\"elementor-element elementor-element-4ce765e elementor-widget elementor-widget-wd_text_block\" data-id=\"4ce765e\" data-element_type=\"widget\" data-e-type=\"widget\" data-widget_type=\"wd_text_block.default\">\n\t\t\t\t<div class=\"elementor-widget-container\">\n\t\t\t\t\t\t\t<div class=\"wd-text-block reset-last-child text-left\">\n\t\t\t\n\t\t\t<p><span style=\"color: #83b735;\"><strong>Oscar the Fox<\/strong><\/span> ist ein umweltfreundliches Pl\u00fcschspielzeug f\u00fcr Hunde aus der Kollektion \"Mountain Folks\" von Inooko. Dieses niedliche Spielzeug wurde mit dem Gedanken an Spa\u00df und Nachhaltigkeit entworfen:<\/p><ol><li>Umweltfreundliche Materialien: Hergestellt aus recycelten Plastikflaschenfasern, ein Beitrag zum Umweltschutz.<\/li><li>Interaktive Merkmale:<br \/>Gibt ein sanftes Quietschen von sich, um Ihren Hund beim Spielen zu besch\u00e4ftigen<br \/>Bestimmte Teile erzeugen ein leichtes Knisterger\u00e4usch f\u00fcr zus\u00e4tzliche Stimulation<\/li><li>Langlebige Konstruktion:<br \/>Verst\u00e4rkte und gefaltete N\u00e4hte f\u00fcr erh\u00f6hte Langlebigkeit<br \/>\u2714 <strong>Geeignet f\u00fcr m\u00e4\u00dfig kauende Menschen.<\/strong><\/li><li>Teil einer Kollektion: Oscar der Fuchs geh\u00f6rt zur \"Mountain Folks\"-Familie der superweichen Pl\u00fcschtiere von Inooko.<\/li><\/ol><p>Dieses Spielzeug kombiniert Unterhaltung f\u00fcr Ihren Hund mit umweltbewusster Herstellung und ist damit eine ausgezeichnete Wahl f\u00fcr Tierhalter, die sowohl das Vergn\u00fcgen ihres Hundes als auch die \u00f6kologische Verantwortung in den Vordergrund stellen. Die verschiedenen Texturen und Ger\u00e4usche sorgen daf\u00fcr, dass Ihr Hund beim Spielen besch\u00e4ftigt und stimuliert wird.<\/p>\n\t\t\t\t\t<\/div>\n\t\t\t\t\t\t<\/div>\n\t\t\t\t<\/div>\n\t\t\t\t<\/div>\n\t\t\t\t<\/div>","protected":false},"excerpt":{"rendered":"<p>Oscar the Fox ist Teil der Pl\u00fcschtierkollektion f\u00fcr Hunde. Dieses umweltfreundliche Pl\u00fcschtier ist aus recycelten Plastikflaschenfasern hergestellt. Es quietscht sanft, um Ihren Hund beim Spielen zu besch\u00e4ftigen.<\/p>","protected":false},"featured_media":27017,"template":"","meta":[],"product_brand":[],"product_cat":[42,95,32,53],"product_tag":[],"class_list":{"0":"post-27009","1":"product","2":"type-product","3":"status-publish","4":"has-post-thumbnail","6":"product_cat-all","7":"product_cat-dogs","8":"product_cat-furniture","9":"product_cat-toys-dogs","11":"first","12":"instock","13":"shipping-taxable","14":"purchasable","15":"product-type-simple"},"_links":{"self":[{"href":"https:\/\/koussikou.ch\/de\/wp-json\/wp\/v2\/product\/27009","targetHints":{"allow":["GET"]}}],"collection":[{"href":"https:\/\/koussikou.ch\/de\/wp-json\/wp\/v2\/product"}],"about":[{"href":"https:\/\/koussikou.ch\/de\/wp-json\/wp\/v2\/types\/product"}],"version-history":[{"count":1,"href":"https:\/\/koussikou.ch\/de\/wp-json\/wp\/v2\/product\/27009\/revisions"}],"predecessor-version":[{"id":32434,"href":"https:\/\/koussikou.ch\/de\/wp-json\/wp\/v2\/product\/27009\/revisions\/32434"}],"wp:featuredmedia":[{"embeddable":true,"href":"https:\/\/koussikou.ch\/de\/wp-json\/wp\/v2\/media\/27017"}],"wp:attachment":[{"href":"https:\/\/koussikou.ch\/de\/wp-json\/wp\/v2\/media?parent=27009"}],"wp:term":[{"taxonomy":"product_brand","embeddable":true,"href":"https:\/\/koussikou.ch\/de\/wp-json\/wp\/v2\/product_brand?post=27009"},{"taxonomy":"product_cat","embeddable":true,"href":"https:\/\/koussikou.ch\/de\/wp-json\/wp\/v2\/product_cat?post=27009"},{"taxonomy":"product_tag","embeddable":true,"href":"https:\/\/koussikou.ch\/de\/wp-json\/wp\/v2\/product_tag?post=27009"}],"curies":[{"name":"wp","href":"https:\/\/api.w.org\/{rel}","templated":true}]}}