{"id":27165,"date":"2021-05-28T12:32:56","date_gmt":"2021-05-28T10:32:56","guid":{"rendered":"https:\/\/koussikou.ch\/?post_type=product&#038;p=27165"},"modified":"2024-08-18T18:21:44","modified_gmt":"2024-08-18T16:21:44","slug":"george-die-giraffe","status":"publish","type":"product","link":"https:\/\/koussikou.ch\/de\/produkt\/george-die-giraffe\/","title":{"rendered":"Beco Pets - George die Giraffe"},"content":{"rendered":"<div data-elementor-type=\"wp-post\" data-elementor-id=\"27165\" class=\"elementor elementor-27165\">\n\t\t\t\t<div class=\"wd-negative-gap elementor-element elementor-element-c82263e e-flex e-con-boxed e-con e-parent\" data-id=\"c82263e\" data-element_type=\"container\" data-e-type=\"container\">\n\t\t\t\t\t<div class=\"e-con-inner\">\n\t\t\t\t<div class=\"elementor-element elementor-element-691c2f2 elementor-widget elementor-widget-wd_text_block\" data-id=\"691c2f2\" data-element_type=\"widget\" data-e-type=\"widget\" data-widget_type=\"wd_text_block.default\">\n\t\t\t\t<div class=\"elementor-widget-container\">\n\t\t\t\t\t\t\t<div class=\"wd-text-block reset-last-child text-left\">\n\t\t\t\n\t\t\t<p style=\"text-align: left;\"><strong><span style=\"color: #83b735;\">George the Giraffe<\/span><\/strong> ist ein Pl\u00fcsch-Hundespielzeug in Form einer Giraffe mit weicher F\u00fcllung, das sich gut f\u00fcr Hunde eignet, die gerne mit einem Spielzeug kuscheln.<\/p><p style=\"text-align: left;\">\u2714 Die extra weiche F\u00fcllung wird aus 100% recycelten Flaschen hergestellt.\u00a0<\/p><p style=\"text-align: left;\">\u2714 Dieses Hundespielzeug ist nicht f\u00fcr Hunde geeignet, die gerne auf ihrem Spielzeug herumkauen, sondern nur f\u00fcr Hunde, die gerne mit einem Spielzeug kuscheln.<\/p><p style=\"text-align: left;\">\u2714 Das Hundespielzeug hat einen Quietscher.<\/p><p style=\"text-align: left;\">\u2714 Die N\u00e4hte sind doppelt gen\u00e4ht, um die Haltbarkeit zu erh\u00f6hen.<\/p><p>\u2714 Frei von sch\u00e4dlichen Chemikalien und Giftstoffen<\/p><p>H: 17cm<\/p>\n\t\t\t\t\t<\/div>\n\t\t\t\t\t\t<\/div>\n\t\t\t\t<\/div>\n\t\t\t\t\t<\/div>\n\t\t\t\t<\/div>\n\t\t\t\t<\/div>","protected":false},"excerpt":{"rendered":"<p>George the Giraffe von Beco Pets ist ein umweltfreundliches Hundespielzeug aus recycelten Plastikflaschen, das sich durch ein strapazierf\u00e4higes Material und einen fesselnden Quietscher auszeichnet.<\/p>","protected":false},"featured_media":32597,"template":"","meta":[],"product_brand":[],"product_cat":[42,95,53],"product_tag":[301,378,379,383,382,381,380],"class_list":{"0":"post-27165","1":"product","2":"type-product","3":"status-publish","4":"has-post-thumbnail","6":"product_cat-all","7":"product_cat-dogs","8":"product_cat-toys-dogs","9":"product_tag-beco-pets","10":"product_tag-dog-toys","11":"product_tag-eco-friendly-pet-toys","12":"product_tag-george-the-giraffe","13":"product_tag-recycled-pet-products","14":"product_tag-squeaky-dog-toys","15":"product_tag-sustainable-dog-toys","17":"first","18":"instock","19":"shipping-taxable","20":"purchasable","21":"product-type-variable"},"_links":{"self":[{"href":"https:\/\/koussikou.ch\/de\/wp-json\/wp\/v2\/product\/27165","targetHints":{"allow":["GET"]}}],"collection":[{"href":"https:\/\/koussikou.ch\/de\/wp-json\/wp\/v2\/product"}],"about":[{"href":"https:\/\/koussikou.ch\/de\/wp-json\/wp\/v2\/types\/product"}],"version-history":[{"count":10,"href":"https:\/\/koussikou.ch\/de\/wp-json\/wp\/v2\/product\/27165\/revisions"}],"predecessor-version":[{"id":32539,"href":"https:\/\/koussikou.ch\/de\/wp-json\/wp\/v2\/product\/27165\/revisions\/32539"}],"wp:featuredmedia":[{"embeddable":true,"href":"https:\/\/koussikou.ch\/de\/wp-json\/wp\/v2\/media\/32597"}],"wp:attachment":[{"href":"https:\/\/koussikou.ch\/de\/wp-json\/wp\/v2\/media?parent=27165"}],"wp:term":[{"taxonomy":"product_brand","embeddable":true,"href":"https:\/\/koussikou.ch\/de\/wp-json\/wp\/v2\/product_brand?post=27165"},{"taxonomy":"product_cat","embeddable":true,"href":"https:\/\/koussikou.ch\/de\/wp-json\/wp\/v2\/product_cat?post=27165"},{"taxonomy":"product_tag","embeddable":true,"href":"https:\/\/koussikou.ch\/de\/wp-json\/wp\/v2\/product_tag?post=27165"}],"curies":[{"name":"wp","href":"https:\/\/api.w.org\/{rel}","templated":true}]}}