{"id":27347,"date":"2022-01-16T12:47:49","date_gmt":"2022-01-16T10:47:49","guid":{"rendered":"https:\/\/koussikou.ch\/?post_type=product&#038;p=27347"},"modified":"2024-08-10T17:58:58","modified_gmt":"2024-08-10T15:58:58","slug":"millie-the-mouse","status":"publish","type":"product","link":"https:\/\/koussikou.ch\/de\/produkt\/millie-the-mouse\/","title":{"rendered":"Beco Pets - Millie the Mouse"},"content":{"rendered":"<div data-elementor-type=\"wp-post\" data-elementor-id=\"27347\" class=\"elementor elementor-27347\">\n\t\t\t\t<div class=\"wd-negative-gap elementor-element elementor-element-350dba5 e-flex e-con-boxed e-con e-parent\" data-id=\"350dba5\" data-element_type=\"container\" data-e-type=\"container\">\n\t\t\t\t\t<div class=\"e-con-inner\">\n\t\t\t\t<div class=\"elementor-element elementor-element-ab61fee elementor-widget elementor-widget-wd_text_block\" data-id=\"ab61fee\" data-element_type=\"widget\" data-e-type=\"widget\" data-widget_type=\"wd_text_block.default\">\n\t\t\t\t<div class=\"elementor-widget-container\">\n\t\t\t\t\t\t\t<div class=\"wd-text-block reset-last-child text-left\">\n\t\t\t\n\t\t\t<p style=\"text-align: left;\"><strong><span style=\"color: #83b735;\">Millie the Mouse<\/span><\/strong> ist das perfekte kleine Spielzeug f\u00fcr Ihre Katze<\/p><p style=\"text-align: left;\">Es wird f\u00fcr stundenlangen Jagd- und Kuschelspa\u00df sorgen!<\/p><p style=\"text-align: left;\">\u2714 Gef\u00fcllt mit recycelten Plastikflaschen<\/p><p style=\"text-align: left;\">\u2714 Gef\u00fcllt mit Katzenminze, um Ihre Katze anzulocken<\/p><p style=\"text-align: left;\">\u2714 Doppelt gen\u00e4ht, daher besonders haltbar<\/p><p style=\"text-align: left;\">\u2714 Weich und zum Kuscheln geeignet<\/p>\n\t\t\t\t\t<\/div>\n\t\t\t\t\t\t<\/div>\n\t\t\t\t<\/div>\n\t\t\t\t\t<\/div>\n\t\t\t\t<\/div>\n\t\t\t\t<\/div>","protected":false},"excerpt":{"rendered":"<p>Millie the Mouse ist besonders weich und kuschelig, ideal f\u00fcr den Mittagsschlaf, und doppelt gen\u00e4ht f\u00fcr eine lange Lebensdauer w\u00e4hrend der Spielzeit.<\/p>","protected":false},"featured_media":27351,"template":"","meta":[],"product_brand":[],"product_cat":[42,104,105],"product_tag":[],"class_list":{"0":"post-27347","1":"product","2":"type-product","3":"status-publish","4":"has-post-thumbnail","6":"product_cat-all","7":"product_cat-cats","8":"product_cat-toys-cats","10":"first","11":"instock","12":"shipping-taxable","13":"purchasable","14":"product-type-simple"},"_links":{"self":[{"href":"https:\/\/koussikou.ch\/de\/wp-json\/wp\/v2\/product\/27347","targetHints":{"allow":["GET"]}}],"collection":[{"href":"https:\/\/koussikou.ch\/de\/wp-json\/wp\/v2\/product"}],"about":[{"href":"https:\/\/koussikou.ch\/de\/wp-json\/wp\/v2\/types\/product"}],"version-history":[{"count":1,"href":"https:\/\/koussikou.ch\/de\/wp-json\/wp\/v2\/product\/27347\/revisions"}],"predecessor-version":[{"id":32398,"href":"https:\/\/koussikou.ch\/de\/wp-json\/wp\/v2\/product\/27347\/revisions\/32398"}],"wp:featuredmedia":[{"embeddable":true,"href":"https:\/\/koussikou.ch\/de\/wp-json\/wp\/v2\/media\/27351"}],"wp:attachment":[{"href":"https:\/\/koussikou.ch\/de\/wp-json\/wp\/v2\/media?parent=27347"}],"wp:term":[{"taxonomy":"product_brand","embeddable":true,"href":"https:\/\/koussikou.ch\/de\/wp-json\/wp\/v2\/product_brand?post=27347"},{"taxonomy":"product_cat","embeddable":true,"href":"https:\/\/koussikou.ch\/de\/wp-json\/wp\/v2\/product_cat?post=27347"},{"taxonomy":"product_tag","embeddable":true,"href":"https:\/\/koussikou.ch\/de\/wp-json\/wp\/v2\/product_tag?post=27347"}],"curies":[{"name":"wp","href":"https:\/\/api.w.org\/{rel}","templated":true}]}}