{"id":27357,"date":"2024-02-13T23:26:01","date_gmt":"2024-02-13T21:26:01","guid":{"rendered":"https:\/\/koussikou.ch\/?post_type=product&#038;p=27357"},"modified":"2024-06-23T17:09:55","modified_gmt":"2024-06-23T15:09:55","slug":"das-kungfu-katzenspielzeug","status":"publish","type":"product","link":"https:\/\/koussikou.ch\/de\/produkt\/das-kungfu-katzenspielzeug\/","title":{"rendered":"MyKotty \u2013 The KungFu Cat Toy"},"content":{"rendered":"<div data-elementor-type=\"wp-post\" data-elementor-id=\"27357\" class=\"elementor elementor-27357\">\n\t\t\t\t<div class=\"wd-negative-gap elementor-element elementor-element-2b79b6d e-flex e-con-boxed e-con e-parent\" data-id=\"2b79b6d\" data-element_type=\"container\" data-e-type=\"container\">\n\t\t\t\t\t<div class=\"e-con-inner\">\n\t\t\t\t<div class=\"elementor-element elementor-element-b086b2e elementor-widget elementor-widget-wd_text_block\" data-id=\"b086b2e\" data-element_type=\"widget\" data-e-type=\"widget\" data-widget_type=\"wd_text_block.default\">\n\t\t\t\t<div class=\"elementor-widget-container\">\n\t\t\t\t\t\t\t<div class=\"wd-text-block reset-last-child text-left\">\n\t\t\t\n\t\t\t<p style=\"text-align: left;\"><strong><span style=\"color: #83b735;\">KungFu Cat toys<\/span><\/strong> - um den Urinstinkt Ihrer Katze zu befreien<\/p><p style=\"text-align: left;\">\u2714 Dieses Produkt wurde entwickelt, um die neugierigsten Menschen zu besch\u00e4ftigen, die nicht an einem Ort sitzen k\u00f6nnen und st\u00e4ndig neue Erfahrungen sammeln wollen<\/p><p style=\"text-align: left;\">\u2714 Treten, Kratzen, Fangen und Werfen werden zu den Lieblings\u00fcbungen Ihrer Katze.<\/p><p style=\"text-align: left;\">\u2714 Einzigartige Kombination von Riemen und Kr\u00e4utern, die die Sinne Ihrer Katze stimulieren<\/p><p style=\"text-align: left;\">\u2714 Das Spielzeug enth\u00e4lt nat\u00fcrliche Kr\u00e4uter: Katzenminze und Baldrian, die aus Ihrer Katze das gl\u00fccklichste Tier der Welt machen<\/p>\n\t\t\t\t\t<\/div>\n\t\t\t\t\t\t<\/div>\n\t\t\t\t<\/div>\n\t\t\t\t\t<\/div>\n\t\t\t\t<\/div>\n\t\t\t\t<\/div>","protected":false},"excerpt":{"rendered":"<p>Ein gestreiftes Katzenspielzeug in Form einer Maus mit schwarzen Schnurrhaaren, perfekt f\u00fcr spielerischen und interaktiven Katzenspa\u00df.<\/p>","protected":false},"featured_media":27369,"template":"","meta":[],"product_brand":[],"product_cat":[42,104,32,105],"product_tag":[],"class_list":{"0":"post-27357","1":"product","2":"type-product","3":"status-publish","4":"has-post-thumbnail","6":"product_cat-all","7":"product_cat-cats","8":"product_cat-furniture","9":"product_cat-toys-cats","11":"first","12":"instock","13":"shipping-taxable","14":"purchasable","15":"product-type-variable"},"_links":{"self":[{"href":"https:\/\/koussikou.ch\/de\/wp-json\/wp\/v2\/product\/27357","targetHints":{"allow":["GET"]}}],"collection":[{"href":"https:\/\/koussikou.ch\/de\/wp-json\/wp\/v2\/product"}],"about":[{"href":"https:\/\/koussikou.ch\/de\/wp-json\/wp\/v2\/types\/product"}],"version-history":[{"count":0,"href":"https:\/\/koussikou.ch\/de\/wp-json\/wp\/v2\/product\/27357\/revisions"}],"wp:featuredmedia":[{"embeddable":true,"href":"https:\/\/koussikou.ch\/de\/wp-json\/wp\/v2\/media\/27369"}],"wp:attachment":[{"href":"https:\/\/koussikou.ch\/de\/wp-json\/wp\/v2\/media?parent=27357"}],"wp:term":[{"taxonomy":"product_brand","embeddable":true,"href":"https:\/\/koussikou.ch\/de\/wp-json\/wp\/v2\/product_brand?post=27357"},{"taxonomy":"product_cat","embeddable":true,"href":"https:\/\/koussikou.ch\/de\/wp-json\/wp\/v2\/product_cat?post=27357"},{"taxonomy":"product_tag","embeddable":true,"href":"https:\/\/koussikou.ch\/de\/wp-json\/wp\/v2\/product_tag?post=27357"}],"curies":[{"name":"wp","href":"https:\/\/api.w.org\/{rel}","templated":true}]}}