{"id":27471,"date":"2022-12-05T13:03:27","date_gmt":"2022-12-05T11:03:27","guid":{"rendered":"https:\/\/koussikou.ch\/?post_type=product&#038;p=27471"},"modified":"2024-06-22T20:54:45","modified_gmt":"2024-06-22T18:54:45","slug":"pushball","status":"publish","type":"product","link":"https:\/\/koussikou.ch\/de\/produkt\/pushball\/","title":{"rendered":"CatPlayFurniture \u2013 Pushball"},"content":{"rendered":"<div data-elementor-type=\"wp-post\" data-elementor-id=\"27471\" class=\"elementor elementor-27471\">\n\t\t\t\t<div class=\"wd-negative-gap elementor-element elementor-element-5197d19 e-flex e-con-boxed e-con e-parent\" data-id=\"5197d19\" data-element_type=\"container\" data-e-type=\"container\">\n\t\t\t\t\t<div class=\"e-con-inner\">\n\t\t\t\t<div class=\"elementor-element elementor-element-6392134 elementor-widget elementor-widget-wd_text_block\" data-id=\"6392134\" data-element_type=\"widget\" data-e-type=\"widget\" data-widget_type=\"wd_text_block.default\">\n\t\t\t\t<div class=\"elementor-widget-container\">\n\t\t\t\t\t\t\t<div class=\"wd-text-block reset-last-child text-left\">\n\t\t\t\n\t\t\t<p style=\"text-align: left;\">Der <span style=\"color: #83b735;\"><strong>CatPlayFurniture Pushball<\/strong><\/span> ist ein innovatives Katzenspielzeug, das Ihrem vierbeinigen Freund endlose Unterhaltung und Bewegung bietet. Dieser interaktive Ball verf\u00fcgt \u00fcber unvorhersehbare Bewegungen, die sowohl die k\u00f6rperliche Aktivit\u00e4t als auch die geistige Besch\u00e4ftigung anregen und Ihre Katze stundenlang aktiv und unterhaltsam halten.<\/p><p style=\"text-align: left;\">Der Pushball rollt und bewegt sich auf unerwartete Weise, was Ihre Katze dazu anregt, ihn zu jagen, zu betatschen und zu schlagen. Diese dynamische Interaktion hilft, den nat\u00fcrlichen Jagdinstinkt Ihrer Katze zu befriedigen, f\u00f6rdert die k\u00f6rperliche Aktivit\u00e4t und verhindert Langeweile.<\/p><p style=\"text-align: left;\">Der aus hochwertigen Materialien gefertigte CatPlayFurniture Pushball ist so gebaut, dass er selbst den spielerischen M\u00e4tzchen der energiegeladensten Katzen standh\u00e4lt. Seine robuste Konstruktion sorgt f\u00fcr lange Haltbarkeit und Freude f\u00fcr Ihr Haustier.<\/p><p style=\"text-align: left;\">Indem Sie den Pushball in die Spielroutine Ihrer Katze einbeziehen, k\u00f6nnen Sie dazu beitragen, dass sie k\u00f6rperlich fit bleibt, geistig stimuliert wird und weniger zu zerst\u00f6rerischem Verhalten aufgrund von Langeweile oder Bewegungsmangel neigt. Er ist eine hervorragende Erg\u00e4nzung f\u00fcr die Sammlung interaktiver Spielzeuge eines jeden Katzenbesitzers.<\/p><p>Eine wunderbare Geschenkidee f\u00fcr Katzenbesitzer<\/p>\n\t\t\t\t\t<\/div>\n\t\t\t\t\t\t<\/div>\n\t\t\t\t<\/div>\n\t\t\t\t\t<\/div>\n\t\t\t\t<\/div>\n\t\t\t\t<\/div>","protected":false},"excerpt":{"rendered":"<p>Der Pushball von CatPlayFurniture ist ein dynamisches Spielzeug, das Ihre Katze mit unvorhersehbaren Bewegungen aktiv und unterhaltsam h\u00e4lt und sie sowohl zur Bewegung als auch zur geistigen Besch\u00e4ftigung anregt.<\/p>","protected":false},"featured_media":27482,"template":"","meta":[],"product_brand":[],"product_cat":[42,104,32,105],"product_tag":[329,335,327,333,331,330,328,332,326,334],"class_list":{"0":"post-27471","1":"product","2":"type-product","3":"status-publish","4":"has-post-thumbnail","6":"product_cat-all","7":"product_cat-cats","8":"product_cat-furniture","9":"product_cat-toys-cats","10":"product_tag-cat-exercise","11":"product_tag-cat-fitness","12":"product_tag-cat-toy","13":"product_tag-catplayfurniture","14":"product_tag-durable-cat-toy","15":"product_tag-feline-entertainment","16":"product_tag-interactive-cat-toy","17":"product_tag-mental-stimulation-for-cats","18":"product_tag-pet-accessories","19":"product_tag-pushball","21":"first","22":"instock","23":"shipping-taxable","24":"purchasable","25":"product-type-variable"},"_links":{"self":[{"href":"https:\/\/koussikou.ch\/de\/wp-json\/wp\/v2\/product\/27471","targetHints":{"allow":["GET"]}}],"collection":[{"href":"https:\/\/koussikou.ch\/de\/wp-json\/wp\/v2\/product"}],"about":[{"href":"https:\/\/koussikou.ch\/de\/wp-json\/wp\/v2\/types\/product"}],"version-history":[{"count":0,"href":"https:\/\/koussikou.ch\/de\/wp-json\/wp\/v2\/product\/27471\/revisions"}],"wp:featuredmedia":[{"embeddable":true,"href":"https:\/\/koussikou.ch\/de\/wp-json\/wp\/v2\/media\/27482"}],"wp:attachment":[{"href":"https:\/\/koussikou.ch\/de\/wp-json\/wp\/v2\/media?parent=27471"}],"wp:term":[{"taxonomy":"product_brand","embeddable":true,"href":"https:\/\/koussikou.ch\/de\/wp-json\/wp\/v2\/product_brand?post=27471"},{"taxonomy":"product_cat","embeddable":true,"href":"https:\/\/koussikou.ch\/de\/wp-json\/wp\/v2\/product_cat?post=27471"},{"taxonomy":"product_tag","embeddable":true,"href":"https:\/\/koussikou.ch\/de\/wp-json\/wp\/v2\/product_tag?post=27471"}],"curies":[{"name":"wp","href":"https:\/\/api.w.org\/{rel}","templated":true}]}}