{"id":27489,"date":"2021-12-05T12:19:42","date_gmt":"2021-12-05T10:19:42","guid":{"rendered":"https:\/\/koussikou.ch\/?post_type=product&#038;p=27489"},"modified":"2024-06-29T10:29:45","modified_gmt":"2024-06-29T08:29:45","slug":"pushnring","status":"publish","type":"product","link":"https:\/\/koussikou.ch\/de\/produkt\/pushnring\/","title":{"rendered":"CatPlayFurniture - Push'n'ring"},"content":{"rendered":"<div data-elementor-type=\"wp-post\" data-elementor-id=\"27489\" class=\"elementor elementor-27489\">\n\t\t\t\t<div class=\"wd-negative-gap elementor-element elementor-element-066ad79 e-flex e-con-boxed e-con e-parent\" data-id=\"066ad79\" data-element_type=\"container\" data-e-type=\"container\">\n\t\t\t\t\t<div class=\"e-con-inner\">\n\t\t\t\t<div class=\"elementor-element elementor-element-2102fec elementor-widget elementor-widget-wd_text_block\" data-id=\"2102fec\" data-element_type=\"widget\" data-e-type=\"widget\" data-widget_type=\"wd_text_block.default\">\n\t\t\t\t<div class=\"elementor-widget-container\">\n\t\t\t\t\t\t\t<div class=\"wd-text-block reset-last-child text-left\">\n\t\t\t\n\t\t\t<p style=\"text-align: left;\">Wir stellen die perfekte L\u00f6sung f\u00fcr verspielte Katzen und m\u00fcde Besitzer vor: ein stabiles Ballspielzeug mit mehreren L\u00f6chern, das Ihren Katzenfreund unterh\u00e4lt, ohne dass er die B\u00e4lle unter den M\u00f6beln hervorholen muss.<\/p><blockquote><h5 style=\"text-align: left;\">Dieses innovative Katzenspielzeug hat folgende Eigenschaften:<\/h5><\/blockquote><p style=\"text-align: left;\">\u2714 Eine robuste Konstruktion, die beim Spielen an Ort und Stelle bleibt<\/p><p style=\"text-align: left;\">\u2714 Mehrere L\u00f6cher mit verschiedenen Durchmessern, um Ihre Katze herauszufordern<\/p><p style=\"text-align: left;\">\u2714 Ein ausgezeichneter Simulator f\u00fcr Katzeninstinkte und Bewegung<\/p><p style=\"text-align: left;\">\u2714 Ein Logo aus Leder f\u00fcr einen Hauch von Stil<\/p><p style=\"text-align: left;\">\u2714 Rutschfeste Eins\u00e4tze, um das Spielzeug auf jeder Oberfl\u00e4che stabil zu halten<\/p><p style=\"text-align: left;\">Schenken Sie Ihrer Katze stundenlangen Spielspa\u00df und ersparen Sie sich die st\u00e4ndige Suche nach dem Ball. Dieses strapazierf\u00e4hige und durchdachte Spielzeug ist perfekt f\u00fcr aktive Katzen, die es lieben, rollende Objekte zu jagen und zu schlagen.<\/p>\n\t\t\t\t\t<\/div>\n\t\t\t\t\t\t<\/div>\n\t\t\t\t<\/div>\n\t\t\t\t\t<\/div>\n\t\t\t\t<\/div>\n\t\t\t\t<\/div>","protected":false},"excerpt":{"rendered":"<p>Sind Sie es leid, B\u00e4lle unter den M\u00f6beln hervorzuholen? Mit diesem stabilen Push'n'ring von CatPlayFurniture, einem Katzenspielzeug mit mehreren L\u00f6chern, hat Ihre Katze Spa\u00df und Ihr Zuhause bleibt aufger\u00e4umt. Langlebiges, rutschfestes Design sorgt f\u00fcr endlosen Spa\u00df und einfache Reinigung. Perfekt f\u00fcr aktive Katzen!<\/p>","protected":false},"featured_media":27527,"template":"","meta":[],"product_brand":[],"product_cat":[42,104,32,105],"product_tag":[],"class_list":{"0":"post-27489","1":"product","2":"type-product","3":"status-publish","4":"has-post-thumbnail","6":"product_cat-all","7":"product_cat-cats","8":"product_cat-furniture","9":"product_cat-toys-cats","11":"first","12":"instock","13":"shipping-taxable","14":"purchasable","15":"product-type-variable"},"_links":{"self":[{"href":"https:\/\/koussikou.ch\/de\/wp-json\/wp\/v2\/product\/27489","targetHints":{"allow":["GET"]}}],"collection":[{"href":"https:\/\/koussikou.ch\/de\/wp-json\/wp\/v2\/product"}],"about":[{"href":"https:\/\/koussikou.ch\/de\/wp-json\/wp\/v2\/types\/product"}],"version-history":[{"count":0,"href":"https:\/\/koussikou.ch\/de\/wp-json\/wp\/v2\/product\/27489\/revisions"}],"wp:featuredmedia":[{"embeddable":true,"href":"https:\/\/koussikou.ch\/de\/wp-json\/wp\/v2\/media\/27527"}],"wp:attachment":[{"href":"https:\/\/koussikou.ch\/de\/wp-json\/wp\/v2\/media?parent=27489"}],"wp:term":[{"taxonomy":"product_brand","embeddable":true,"href":"https:\/\/koussikou.ch\/de\/wp-json\/wp\/v2\/product_brand?post=27489"},{"taxonomy":"product_cat","embeddable":true,"href":"https:\/\/koussikou.ch\/de\/wp-json\/wp\/v2\/product_cat?post=27489"},{"taxonomy":"product_tag","embeddable":true,"href":"https:\/\/koussikou.ch\/de\/wp-json\/wp\/v2\/product_tag?post=27489"}],"curies":[{"name":"wp","href":"https:\/\/api.w.org\/{rel}","templated":true}]}}