{"id":27598,"date":"2021-04-20T12:50:27","date_gmt":"2021-04-20T10:50:27","guid":{"rendered":"https:\/\/koussikou.ch\/?post_type=product&#038;p=27598"},"modified":"2024-06-29T10:16:54","modified_gmt":"2024-06-29T08:16:54","slug":"kratzbaum","status":"publish","type":"product","link":"https:\/\/koussikou.ch\/de\/produkt\/kratzbaum\/","title":{"rendered":"Freezack - Kratzbaum"},"content":{"rendered":"<div data-elementor-type=\"wp-post\" data-elementor-id=\"27598\" class=\"elementor elementor-27598\">\n\t\t\t\t<div class=\"wd-negative-gap elementor-element elementor-element-4c42ad6 e-flex e-con-boxed e-con e-parent\" data-id=\"4c42ad6\" data-element_type=\"container\" data-e-type=\"container\">\n\t\t\t\t\t<div class=\"e-con-inner\">\n\t\t\t\t<div class=\"elementor-element elementor-element-cd0d2de elementor-widget elementor-widget-wd_text_block\" data-id=\"cd0d2de\" data-element_type=\"widget\" data-e-type=\"widget\" data-widget_type=\"wd_text_block.default\">\n\t\t\t\t<div class=\"elementor-widget-container\">\n\t\t\t\t\t\t\t<div class=\"wd-text-block reset-last-child text-left\">\n\t\t\t\n\t\t\t<p style=\"text-align: left;\">Verbessern Sie die Spiel- und Entspannungszeit Ihrer Katze mit diesem stilvollen und funktionalen Kratzbaum<\/p><blockquote><h5 style=\"text-align: left;\">Merkmale:<\/h5><\/blockquote><p style=\"text-align: left;\">\u2714 Sockel und \u00dcberdachung: Die robuste runde Basis ist mit einem weichen, dunklen Stoff \u00fcberzogen, der f\u00fcr Stabilit\u00e4t und Komfort sorgt. Der kegelf\u00f6rmige Unterstand ist aus geflochtenem Weidengeflecht gefertigt und verf\u00fcgt \u00fcber einen runden Eingang, der Ihrer Katze einen gem\u00fctlichen und sicheren Unterschlupf zum Ausruhen oder Schlafen bietet.<\/p><p style=\"text-align: left;\">\u2714 Obere Plattform: Der vertikale Pfosten, umh\u00fcllt von haltbarem, dunklem Material, tr\u00e4gt oben eine runde Weidenplattform. Die Plattform verf\u00fcgt \u00fcber ein weiches, gepolstertes Inneres und bietet Ihrer Katze eine erh\u00f6hte Sitzgelegenheit, auf der sie sich entspannen und ihre Umgebung beobachten kann.<\/p><blockquote><h5 style=\"text-align: left;\">Vorteile:<\/h5><\/blockquote><p style=\"text-align: left;\">\u2714 Stilvolles Design: Das elegante Design aus Weidengeflecht passt zu jeder Wohnungseinrichtung.<\/p><p style=\"text-align: left;\">\u2714 Multifunktional: Bietet sowohl ein Versteck als auch eine erh\u00f6hte Sitzstange, was den nat\u00fcrlichen Instinkten Ihrer Katze entgegenkommt.<\/p><p style=\"text-align: left;\">\u2714 Langlebige Konstruktion: Hergestellt aus hochwertigen Materialien, um eine lange Lebensdauer zu gew\u00e4hrleisten.<\/p>\n\t\t\t\t\t<\/div>\n\t\t\t\t\t\t<\/div>\n\t\t\t\t<\/div>\n\t\t\t\t\t<\/div>\n\t\t\t\t<\/div>\n\t\t\t\t<\/div>","protected":false},"excerpt":{"rendered":"<p>Dieser stilvolle und funktionelle Kratzbaum aus Weidengeflecht bietet Ihrer Katze einen gem\u00fctlichen Unterschlupf und eine erh\u00f6hte Sitzstange f\u00fcr ultimative Entspannung.<\/p>","protected":false},"featured_media":27602,"template":"","meta":[],"product_brand":[],"product_cat":[42,104,129],"product_tag":[],"class_list":{"0":"post-27598","1":"product","2":"type-product","3":"status-publish","4":"has-post-thumbnail","6":"product_cat-all","7":"product_cat-cats","8":"product_cat-sleep-relax-cats","10":"first","11":"instock","12":"shipping-taxable","13":"purchasable","14":"product-type-simple"},"_links":{"self":[{"href":"https:\/\/koussikou.ch\/de\/wp-json\/wp\/v2\/product\/27598","targetHints":{"allow":["GET"]}}],"collection":[{"href":"https:\/\/koussikou.ch\/de\/wp-json\/wp\/v2\/product"}],"about":[{"href":"https:\/\/koussikou.ch\/de\/wp-json\/wp\/v2\/types\/product"}],"version-history":[{"count":0,"href":"https:\/\/koussikou.ch\/de\/wp-json\/wp\/v2\/product\/27598\/revisions"}],"wp:featuredmedia":[{"embeddable":true,"href":"https:\/\/koussikou.ch\/de\/wp-json\/wp\/v2\/media\/27602"}],"wp:attachment":[{"href":"https:\/\/koussikou.ch\/de\/wp-json\/wp\/v2\/media?parent=27598"}],"wp:term":[{"taxonomy":"product_brand","embeddable":true,"href":"https:\/\/koussikou.ch\/de\/wp-json\/wp\/v2\/product_brand?post=27598"},{"taxonomy":"product_cat","embeddable":true,"href":"https:\/\/koussikou.ch\/de\/wp-json\/wp\/v2\/product_cat?post=27598"},{"taxonomy":"product_tag","embeddable":true,"href":"https:\/\/koussikou.ch\/de\/wp-json\/wp\/v2\/product_tag?post=27598"}],"curies":[{"name":"wp","href":"https:\/\/api.w.org\/{rel}","templated":true}]}}