{"id":27608,"date":"2020-09-05T12:21:33","date_gmt":"2020-09-05T10:21:33","guid":{"rendered":"https:\/\/koussikou.ch\/?post_type=product&#038;p=27608"},"modified":"2025-04-04T09:59:55","modified_gmt":"2025-04-04T07:59:55","slug":"vigo","status":"publish","type":"product","link":"https:\/\/koussikou.ch\/de\/produkt\/vigo\/","title":{"rendered":"MyKotty - Kratzer Vigo"},"content":{"rendered":"<div data-elementor-type=\"wp-post\" data-elementor-id=\"27608\" class=\"elementor elementor-27608\">\n\t\t\t\t<div class=\"wd-negative-gap elementor-element elementor-element-9a815e6 e-flex e-con-boxed e-con e-parent\" data-id=\"9a815e6\" data-element_type=\"container\" data-e-type=\"container\">\n\t\t\t\t\t<div class=\"e-con-inner\">\n\t\t\t\t<div class=\"elementor-element elementor-element-209c49c elementor-widget elementor-widget-wd_text_block\" data-id=\"209c49c\" data-element_type=\"widget\" data-e-type=\"widget\" data-widget_type=\"wd_text_block.default\">\n\t\t\t\t<div class=\"elementor-widget-container\">\n\t\t\t\t\t\t\t<div class=\"wd-text-block reset-last-child text-left\">\n\t\t\t\n\t\t\t<h3 style=\"text-align: center;\">Wir stellen vor: VIGO, der Gipfel der Sicherheit und des Komforts bei Katzenkratzern.<\/h3><p style=\"text-align: left;\">Mit viel Liebe zum Detail entworfen, <span style=\"color: #83b735;\"><strong>VIGO<\/strong><\/span> bietet sowohl f\u00fcr Katzen als auch f\u00fcr ihre Besitzer ein unvergleichliches Erlebnis. Die robuste Konstruktion von VIGO aus hochwertiger Wellpappe garantiert Langlebigkeit, w\u00e4hrend das einzigartige Veredelungsverfahren eine weiche, wildleder\u00e4hnliche Textur erzeugt, die sanft zu den empfindlichen Pfoten Ihrer Katze ist.<\/p><p style=\"text-align: left;\">Das Herzst\u00fcck von VIGO ist die Verpflichtung zur Sicherheit. Wir verwenden nur zertifizierten, lebensmittelechten Klebstoff f\u00fcr die Montage, was den Tierhaltern ein gutes Gef\u00fchl gibt.<\/p><blockquote><p style=\"text-align: left;\">Ob Ihre Katze kratzt, spielt oder faulenzt, VIGO bietet eine sichere und angenehme Umgebung.<\/p><\/blockquote><p style=\"text-align: left;\">Aber VIGO ist nicht nur sicher - es ist auch umweltfreundlich. VIGO wird aus nat\u00fcrlichen, nachhaltigen Materialien hergestellt und vor Ort produziert, um den CO2-Fu\u00dfabdruck zu minimieren, und verk\u00f6rpert so unser Engagement f\u00fcr die Umweltverantwortung. Sogar unsere Verpackungen sind umweltbewusst und bestehen aus wiederverwertbaren Materialien, um die Abfallmenge weiter zu reduzieren.<\/p><p style=\"text-align: left;\">Mit VIGO kaufen Sie nicht einfach nur einen Kratzbaum - Sie investieren in das Wohlbefinden Ihrer Katze und in unseren Planeten. G\u00f6nnen Sie Ihrem pelzigen Freund das ultimative Kratzvergn\u00fcgen mit VIGO und seien Sie beruhigt, dass Sie eine sichere, stilvolle und nachhaltige Wahl getroffen haben.<\/p><blockquote><p>Ein zweites Leben - dank der verst\u00e4rkten Frontplatten haben Sie die M\u00f6glichkeit, ihn auf den Kopf zu stellen<\/p><\/blockquote>\n\t\t\t\t\t<\/div>\n\t\t\t\t\t\t<\/div>\n\t\t\t\t<\/div>\n\t\t\t\t\t<\/div>\n\t\t\t\t<\/div>\n\t\t\t\t<\/div>","protected":false},"excerpt":{"rendered":"<p>VIGO ist ein Kratzbaum aus nat\u00fcrlicher Wellpappe - ein umweltfreundliches Material, das von allen Katzen geliebt wird.<\/p>","protected":false},"featured_media":27609,"template":"","meta":[],"product_brand":[],"product_cat":[42,104,129],"product_tag":[],"class_list":{"0":"post-27608","1":"product","2":"type-product","3":"status-publish","4":"has-post-thumbnail","6":"product_cat-all","7":"product_cat-cats","8":"product_cat-sleep-relax-cats","10":"first","11":"outofstock","12":"shipping-taxable","13":"purchasable","14":"product-type-variable"},"_links":{"self":[{"href":"https:\/\/koussikou.ch\/de\/wp-json\/wp\/v2\/product\/27608","targetHints":{"allow":["GET"]}}],"collection":[{"href":"https:\/\/koussikou.ch\/de\/wp-json\/wp\/v2\/product"}],"about":[{"href":"https:\/\/koussikou.ch\/de\/wp-json\/wp\/v2\/types\/product"}],"version-history":[{"count":1,"href":"https:\/\/koussikou.ch\/de\/wp-json\/wp\/v2\/product\/27608\/revisions"}],"predecessor-version":[{"id":32280,"href":"https:\/\/koussikou.ch\/de\/wp-json\/wp\/v2\/product\/27608\/revisions\/32280"}],"wp:featuredmedia":[{"embeddable":true,"href":"https:\/\/koussikou.ch\/de\/wp-json\/wp\/v2\/media\/27609"}],"wp:attachment":[{"href":"https:\/\/koussikou.ch\/de\/wp-json\/wp\/v2\/media?parent=27608"}],"wp:term":[{"taxonomy":"product_brand","embeddable":true,"href":"https:\/\/koussikou.ch\/de\/wp-json\/wp\/v2\/product_brand?post=27608"},{"taxonomy":"product_cat","embeddable":true,"href":"https:\/\/koussikou.ch\/de\/wp-json\/wp\/v2\/product_cat?post=27608"},{"taxonomy":"product_tag","embeddable":true,"href":"https:\/\/koussikou.ch\/de\/wp-json\/wp\/v2\/product_tag?post=27608"}],"curies":[{"name":"wp","href":"https:\/\/api.w.org\/{rel}","templated":true}]}}