{"id":27747,"date":"2022-07-02T07:42:29","date_gmt":"2022-07-02T05:42:29","guid":{"rendered":"https:\/\/koussikou.ch\/?post_type=product&#038;p=27747"},"modified":"2026-03-06T08:55:12","modified_gmt":"2026-03-06T06:55:12","slug":"dome-cat-litter-box","status":"publish","type":"product","link":"https:\/\/koussikou.ch\/de\/produkt\/dome-cat-litter-box\/","title":{"rendered":"Hoopo \u2013 Dome"},"content":{"rendered":"<div data-elementor-type=\"wp-post\" data-elementor-id=\"27747\" class=\"elementor elementor-27747\">\n\t\t\t\t<div class=\"wd-negative-gap elementor-element elementor-element-1fb664e e-flex e-con-boxed e-con e-parent\" data-id=\"1fb664e\" data-element_type=\"container\" data-e-type=\"container\">\n\t\t\t\t\t<div class=\"e-con-inner\">\n\t\t<div class=\"elementor-element elementor-element-2363280 e-con-full e-flex e-con e-child\" data-id=\"2363280\" data-element_type=\"container\" data-e-type=\"container\">\n\t\t\t\t<div class=\"elementor-element elementor-element-825ac1e elementor-widget elementor-widget-wd_text_block\" data-id=\"825ac1e\" data-element_type=\"widget\" data-e-type=\"widget\" data-widget_type=\"wd_text_block.default\">\n\t\t\t\t<div class=\"elementor-widget-container\">\n\t\t\t\t\t\t\t<div class=\"wd-text-block reset-last-child text-left\">\n\t\t\t\n\t\t\t<blockquote><h5>Verbessern Sie das Katzenklo Ihrer Katze und versch\u00f6nern Sie Ihr Zuhause!<\/h5><\/blockquote><p>Verbessern Sie das Katzenstreu-Erlebnis mit dem <strong><span style=\"color: #83b735;\">Kuppel-Katzenklo<\/span><\/strong>Erh\u00e4ltlich in schlichtem Wei\u00df und elegantem Grau. Diese stilvolle Katzentoilette verbindet moderne \u00c4sthetik mit praktischer Funktionalit\u00e4t und f\u00fcgt sich nahtlos in Ihre Einrichtung ein.<\/p><p>Elegantes Design: Der Dome zeichnet sich durch ein wundersch\u00f6nes Design aus, das sich m\u00fchelos in jeden Einrichtungsstil einf\u00fcgt. Sein modernes Aussehen bedeutet, dass er nicht versteckt werden muss - er kann \u00fcberall in Ihrem Zuhause mit Stolz pr\u00e4sentiert werden.<\/p><p>Praktisch und langlebig: Der Dome ist aus haltbarem, 100% recyceltem ABS-Kunststoff hergestellt, umweltfreundlich und langlebig. Die leicht zu reinigende Struktur sorgt f\u00fcr m\u00fchelose Wartung, w\u00e4hrend die interne Auffangschale effektiv verhindert, dass sich Sand ausbreitet und Ihre B\u00f6den sauber h\u00e4lt.<\/p><blockquote><h5>Geeignet f\u00fcr Ihre Katze?<\/h5><\/blockquote><p>Das Dome-Katzenklo ist perfekt f\u00fcr <strong><span style=\"color: #83b735;\">kleine bis mittelgro\u00dfe Katzen<\/span><\/strong>. Es ist jedoch nicht geeignet f\u00fcr Katzen, die nicht im Sitzen urinieren k\u00f6nnen oder die spritzen, sowie f\u00fcr<\/p><blockquote><h5>Die wichtigsten Vorteile:<\/h5><\/blockquote><p>\u2714 Praktisch und leicht zu reinigen: Entworfen f\u00fcr Ihre Bequemlichkeit, so dass die Reinigung ein Kinderspiel ist.<\/p><p>\u2714 Keine Streu mehr auf dem Boden: Die externe Auffangschale h\u00e4lt die Streu in Schach.<\/p><p>\u2714 Stilvolle Erg\u00e4nzung f\u00fcr Ihr Zuhause: Das elegante Design passt zu jeder Einrichtung.<\/p><p>\u2714 Einfacher Zugang f\u00fcr Ihre Katze: Das Design ist auf den Komfort Ihrer Katze abgestimmt.<\/p><p>\u2714 Umweltfreundlich: Hergestellt aus 100% recyceltem ABS-Kunststoff, ein Beitrag zu einem gr\u00fcneren Planeten.<\/p>\n\t\t\t\t\t<\/div>\n\t\t\t\t\t\t<\/div>\n\t\t\t\t<\/div>\n\t\t\t\t<\/div>\n\t\t<div class=\"elementor-element elementor-element-98c4ff4 e-con-full e-flex e-con e-child\" data-id=\"98c4ff4\" data-element_type=\"container\" data-e-type=\"container\">\n\t\t<div class=\"wd-negative-gap elementor-element elementor-element-cfb94ce e-flex e-con-boxed e-con e-child\" data-id=\"cfb94ce\" data-element_type=\"container\" data-e-type=\"container\">\n\t\t\t\t\t<div class=\"e-con-inner\">\n\t\t\t\t<div class=\"elementor-element elementor-element-98a14a3 elementor-widget elementor-widget-wd_text_block\" data-id=\"98a14a3\" data-element_type=\"widget\" data-e-type=\"widget\" data-widget_type=\"wd_text_block.default\">\n\t\t\t\t<div class=\"elementor-widget-container\">\n\t\t\t\t\t\t\t<div class=\"wd-text-block reset-last-child text-left\">\n\t\t\t\n\t\t\t<blockquote><h5>Bestandteile:<\/h5><\/blockquote><p>\u2714 Schaufel mit Halter<\/p><p>\u2714 Vorhang (kann ein- oder ausgeklickt werden)<\/p><p>\u2714 Boden mit Pads<\/p><p>\u00a0<\/p>\n\t\t\t\t\t<\/div>\n\t\t\t\t\t\t<\/div>\n\t\t\t\t<\/div>\n\t\t\t\t<div class=\"elementor-element elementor-element-e9e0cca elementor-widget elementor-widget-wd_infobox\" data-id=\"e9e0cca\" data-element_type=\"widget\" data-e-type=\"widget\" data-widget_type=\"wd_infobox.default\">\n\t\t\t\t<div class=\"elementor-widget-container\">\n\t\t\t\t\t\t\t<div class=\"info-box-wrapper\">\n\t\t\t<div class=\"wd-info-box text-center box-icon-align-top box-style-base color-scheme-\">\n\t\t\t\t\t\t\t\t\t<div class=\"box-icon-wrapper  box-with-icon box-icon-simple\">\n\t\t\t\t\t\t<div class=\"info-box-icon\">\n\t\t\t\t\t\t\t\t\t\t\t\t\t\t\t<img loading=\"lazy\" decoding=\"async\" width=\"150\" height=\"150\" src=\"https:\/\/koussikou.ch\/wp-content\/uploads\/2024\/05\/image-40-150x150.webp\" class=\"attachment-thumbnail size-thumbnail\" alt=\"Modernes gem\u00fctliches Wohnzimmer mit stilvollem Dekor.\" srcset=\"https:\/\/koussikou.ch\/wp-content\/uploads\/2024\/05\/image-40-150x150.webp 150w, https:\/\/koussikou.ch\/wp-content\/uploads\/2024\/05\/image-40-300x300.webp 300w, https:\/\/koussikou.ch\/wp-content\/uploads\/2024\/05\/image-40-800x800.webp 800w, https:\/\/koussikou.ch\/wp-content\/uploads\/2024\/05\/image-40-768x768.webp 768w, https:\/\/koussikou.ch\/wp-content\/uploads\/2024\/05\/image-40-12x12.webp 12w, https:\/\/koussikou.ch\/wp-content\/uploads\/2024\/05\/image-40-430x430.webp 430w, https:\/\/koussikou.ch\/wp-content\/uploads\/2024\/05\/image-40-700x700.webp 700w, https:\/\/koussikou.ch\/wp-content\/uploads\/2024\/05\/image-40.webp 1000w\" sizes=\"auto, (max-width: 150px) 100vw, 150px\" \/>\t\t\t\t\t\t\t\t\t\t\t\t\t<\/div>\n\t\t\t\t\t<\/div>\n\t\t\t\t\n\t\t\t\t<div class=\"info-box-content\">\n\t\t\t\t\t\n\t\t\t\t\t\t\t\t\t\t\t<h4\t\t\t\t\t\tclass=\"info-box-title title box-title-style-default wd-fontsize-m\" data-elementor-setting-key=\"title\">\n\t\t\t\t\t\t\t\tDome - Manual\t\t\t\t\t\t<\/h4>\n\t\t\t\t\t\n\t\t\t\t\t<div class=\"info-box-inner reset-last-child\"data-elementor-setting-key=\"content\"><p><a href=\"https:\/\/koussikou.ch\/wp-content\/uploads\/2024\/05\/hoopo-dome-litter-box-manual-300x145mm-20210412-ou.pdf\" target=\"_blank\" rel=\"noopener\">Anleitungen<\/a><\/p>\n<\/div>\n\n\t\t\t\t\t\t\t\t\t<\/div>\n\n\t\t\t\t\t\t\t<\/div>\n\t\t<\/div>\n\t\t\t\t\t\t<\/div>\n\t\t\t\t<\/div>\n\t\t\t\t\t<\/div>\n\t\t\t\t<\/div>\n\t\t\t\t<\/div>\n\t\t\t\t\t<\/div>\n\t\t\t\t<\/div>\n\t\t\t\t<\/div>","protected":false},"excerpt":{"rendered":"<p>Mit dem Dome-Katzenklo, das in schlichtem Wei\u00df und elegantem Grau erh\u00e4ltlich ist, verbessern Sie das Katzenklo-Erlebnis Ihrer Katze und verleihen Ihrem Zuhause mehr Stil.<\/p>","protected":false},"featured_media":27736,"template":"","meta":[],"product_brand":[],"product_cat":[42,104,121],"product_tag":[122,123],"class_list":{"0":"post-27747","1":"product","2":"type-product","3":"status-publish","4":"has-post-thumbnail","6":"product_cat-all","7":"product_cat-cats","8":"product_cat-toilet","9":"product_tag-cats","10":"product_tag-litters","12":"first","13":"outofstock","14":"featured","15":"shipping-taxable","16":"purchasable","17":"product-type-variable"},"_links":{"self":[{"href":"https:\/\/koussikou.ch\/de\/wp-json\/wp\/v2\/product\/27747","targetHints":{"allow":["GET"]}}],"collection":[{"href":"https:\/\/koussikou.ch\/de\/wp-json\/wp\/v2\/product"}],"about":[{"href":"https:\/\/koussikou.ch\/de\/wp-json\/wp\/v2\/types\/product"}],"version-history":[{"count":0,"href":"https:\/\/koussikou.ch\/de\/wp-json\/wp\/v2\/product\/27747\/revisions"}],"wp:featuredmedia":[{"embeddable":true,"href":"https:\/\/koussikou.ch\/de\/wp-json\/wp\/v2\/media\/27736"}],"wp:attachment":[{"href":"https:\/\/koussikou.ch\/de\/wp-json\/wp\/v2\/media?parent=27747"}],"wp:term":[{"taxonomy":"product_brand","embeddable":true,"href":"https:\/\/koussikou.ch\/de\/wp-json\/wp\/v2\/product_brand?post=27747"},{"taxonomy":"product_cat","embeddable":true,"href":"https:\/\/koussikou.ch\/de\/wp-json\/wp\/v2\/product_cat?post=27747"},{"taxonomy":"product_tag","embeddable":true,"href":"https:\/\/koussikou.ch\/de\/wp-json\/wp\/v2\/product_tag?post=27747"}],"curies":[{"name":"wp","href":"https:\/\/api.w.org\/{rel}","templated":true}]}}