{"id":27797,"date":"2020-06-30T19:21:54","date_gmt":"2020-06-30T17:21:54","guid":{"rendered":"https:\/\/koussikou.ch\/?post_type=product&#038;p=27797"},"modified":"2026-04-08T20:40:07","modified_gmt":"2026-04-08T18:40:07","slug":"dome-plus-cat-litter-box","status":"publish","type":"product","link":"https:\/\/koussikou.ch\/de\/produkt\/dome-plus-cat-litter-box\/","title":{"rendered":"Hoopo \u2013 Dome Plus"},"content":{"rendered":"<div data-elementor-type=\"wp-post\" data-elementor-id=\"27797\" class=\"elementor elementor-27797\">\n\t\t\t\t<div class=\"wd-negative-gap elementor-element elementor-element-1367581 e-flex e-con-boxed e-con e-parent\" data-id=\"1367581\" data-element_type=\"container\" data-e-type=\"container\">\n\t\t\t\t\t<div class=\"e-con-inner\">\n\t\t<div class=\"elementor-element elementor-element-45a63ba e-con-full e-flex e-con e-child\" data-id=\"45a63ba\" data-element_type=\"container\" data-e-type=\"container\">\n\t\t\t\t<div class=\"elementor-element elementor-element-7e1d203 elementor-widget elementor-widget-wd_text_block\" data-id=\"7e1d203\" data-element_type=\"widget\" data-e-type=\"widget\" data-widget_type=\"wd_text_block.default\">\n\t\t\t\t<div class=\"elementor-widget-container\">\n\t\t\t\t\t\t\t<div class=\"wd-text-block reset-last-child text-left\">\n\t\t\t\n\t\t\t<blockquote><h5>Wir stellen die Dome Plus Katzentoilette vor, eine perfekte Mischung aus Stil, Funktionalit\u00e4t und Komfort.<\/h5><\/blockquote><p>Um den Bed\u00fcrfnissen von Katzen und Katzenbesitzern gerecht zu werden, wurde das <strong><span style=\"color: #83b735;\">Dome Plus<\/span><\/strong> bietet eine raffinierte L\u00f6sung f\u00fcr die Bed\u00fcrfnisse Ihres Haustieres und wertet gleichzeitig die Einrichtung Ihres Hauses auf.<\/p><p>Elegantes und modernes Design: Das Dome Plus verf\u00fcgt \u00fcber ein elegantes, modernes Design, das sich nahtlos in jeden Einrichtungsstil einf\u00fcgt. Erh\u00e4ltlich in Wei\u00df und Grau, muss dieses Katzenklo nicht versteckt werden. Sein stilvolles Aussehen macht es zu einer willkommenen Erg\u00e4nzung f\u00fcr jeden Raum.<\/p><p>Langlebig und umweltfreundlich: Der Dome Plus wird aus 100% recyceltem ABS-Kunststoff hergestellt und ist f\u00fcr eine lange Lebensdauer ausgelegt. Seine robuste Konstruktion garantiert Langlebigkeit, w\u00e4hrend sein umweltfreundliches Material einen gr\u00fcneren Planeten unterst\u00fctzt.<\/p><p>Praktische Merkmale: Der Dome Plus wurde mit dem Gedanken an Komfort entwickelt. Sie verf\u00fcgt \u00fcber eine externe Auffangschale, die verhindert, dass sich Streugut verteilt und Ihre B\u00f6den sauber h\u00e4lt. Die Katzentoilette ist au\u00dferdem leicht zu reinigen, so dass eine problemlose Wartung gew\u00e4hrleistet ist.<\/p><blockquote><h5>Geeignet f\u00fcr Ihre Katze?<\/h5><\/blockquote><p>Die Dome Plus Katzentoilette ist geeignet f\u00fcr <strong><span style=\"color: #83b735;\">kleine bis gro\u00dfe Katzen<\/span><\/strong>. Es ist jedoch nicht geeignet f\u00fcr Katzen, die nicht im Sitzen urinieren k\u00f6nnen oder die spritzen, sowie f\u00fcr<\/p><blockquote><h5>Die wichtigsten Vorteile:<\/h5><\/blockquote><p>\u2714 Praktisch und leicht zu reinigen: Die Reinigung ist dank des benutzerfreundlichen Designs ein Kinderspiel.<\/p><p>\u2714 Keine Streu mehr auf dem Boden: Die externe Auffangschale h\u00e4lt die Streu in Schach.<\/p><p>\u2714 Stilvolle Erg\u00e4nzung f\u00fcr Ihr Zuhause: Sein elegantes Design passt zu jeder Einrichtung.<\/p><p>\u2714 Einfacher Zugang f\u00fcr Ihre Katze: Das Design ist auf den Komfort Ihrer Katze abgestimmt.<\/p><p>\u2714 Umweltfreundlich: Hergestellt aus 100% recyceltem ABS-Kunststoff, ein Beitrag zu einem gr\u00fcneren Planeten.<\/p>\n\t\t\t\t\t<\/div>\n\t\t\t\t\t\t<\/div>\n\t\t\t\t<\/div>\n\t\t\t\t<\/div>\n\t\t<div class=\"elementor-element elementor-element-f748b54 e-con-full e-flex e-con e-child\" data-id=\"f748b54\" data-element_type=\"container\" data-e-type=\"container\">\n\t\t<div class=\"wd-negative-gap elementor-element elementor-element-97f6c04 e-flex e-con-boxed e-con e-child\" data-id=\"97f6c04\" data-element_type=\"container\" data-e-type=\"container\">\n\t\t\t\t\t<div class=\"e-con-inner\">\n\t\t\t\t<div class=\"elementor-element elementor-element-1cd059c elementor-widget elementor-widget-wd_text_block\" data-id=\"1cd059c\" data-element_type=\"widget\" data-e-type=\"widget\" data-widget_type=\"wd_text_block.default\">\n\t\t\t\t<div class=\"elementor-widget-container\">\n\t\t\t\t\t\t\t<div class=\"wd-text-block reset-last-child text-left\">\n\t\t\t\n\t\t\t<blockquote><h5><span style=\"color: #83b735;\">Bestandteile:\u00a0<\/span><\/h5><\/blockquote><p>\u2714 Tropfschale mit kleinem Beh\u00e4lter<\/p><p>\u2714 Schaufel mit Halter<\/p><p>\u2714 Vorhang (kann ein- oder ausgeklickt werden)<\/p><p>\u2714 Boden mit Pads<\/p>\n\t\t\t\t\t<\/div>\n\t\t\t\t\t\t<\/div>\n\t\t\t\t<\/div>\n\t\t\t\t\t<\/div>\n\t\t\t\t<\/div>\n\t\t<div class=\"wd-negative-gap elementor-element elementor-element-97c72be e-flex e-con-boxed e-con e-child\" data-id=\"97c72be\" data-element_type=\"container\" data-e-type=\"container\">\n\t\t\t\t\t<div class=\"e-con-inner\">\n\t\t\t\t<div class=\"elementor-element elementor-element-365d597 elementor-widget elementor-widget-wd_text_block\" data-id=\"365d597\" data-element_type=\"widget\" data-e-type=\"widget\" data-widget_type=\"wd_text_block.default\">\n\t\t\t\t<div class=\"elementor-widget-container\">\n\t\t\t\t\t\t\t<div class=\"wd-text-block reset-last-child text-left\">\n\t\t\t\n\t\t\t\n\t\t\t\t\t<\/div>\n\t\t\t\t\t\t<\/div>\n\t\t\t\t<\/div>\n\t\t\t\t<div class=\"elementor-element elementor-element-9ee98eb elementor-widget elementor-widget-wd_infobox\" data-id=\"9ee98eb\" data-element_type=\"widget\" data-e-type=\"widget\" data-widget_type=\"wd_infobox.default\">\n\t\t\t\t<div class=\"elementor-widget-container\">\n\t\t\t\t\t\t\t<div class=\"info-box-wrapper\">\n\t\t\t<div class=\"wd-info-box text-center box-icon-align-top box-style-base color-scheme-\">\n\t\t\t\t\t\t\t\t\t<div class=\"box-icon-wrapper  box-with-icon box-icon-simple\">\n\t\t\t\t\t\t<div class=\"info-box-icon\">\n\t\t\t\t\t\t\t\t\t\t\t\t\t\t\t<img loading=\"lazy\" decoding=\"async\" width=\"150\" height=\"150\" src=\"https:\/\/koussikou.ch\/wp-content\/uploads\/2024\/05\/image-50-150x150.webp\" class=\"attachment-thumbnail size-thumbnail\" alt=\"Sch\u00f6ner Sonnenuntergang \u00fcber einem ruhigen See mit Bergen.\" srcset=\"https:\/\/koussikou.ch\/wp-content\/uploads\/2024\/05\/image-50-150x150.webp 150w, https:\/\/koussikou.ch\/wp-content\/uploads\/2024\/05\/image-50-300x300.webp 300w, https:\/\/koussikou.ch\/wp-content\/uploads\/2024\/05\/image-50-800x800.webp 800w, https:\/\/koussikou.ch\/wp-content\/uploads\/2024\/05\/image-50-768x768.webp 768w, https:\/\/koussikou.ch\/wp-content\/uploads\/2024\/05\/image-50-12x12.webp 12w, https:\/\/koussikou.ch\/wp-content\/uploads\/2024\/05\/image-50-430x430.webp 430w, https:\/\/koussikou.ch\/wp-content\/uploads\/2024\/05\/image-50-700x700.webp 700w, https:\/\/koussikou.ch\/wp-content\/uploads\/2024\/05\/image-50.webp 1000w\" sizes=\"auto, (max-width: 150px) 100vw, 150px\" \/>\t\t\t\t\t\t\t\t\t\t\t\t\t<\/div>\n\t\t\t\t\t<\/div>\n\t\t\t\t\n\t\t\t\t<div class=\"info-box-content\">\n\t\t\t\t\t\n\t\t\t\t\t\t\t\t\t\t\t<h4\t\t\t\t\t\tclass=\"info-box-title title box-title-style-default wd-fontsize-m\" data-elementor-setting-key=\"title\">\n\t\t\t\t\t\t\t\tDome-Plus-Handbuch\t\t\t\t\t\t<\/h4>\n\t\t\t\t\t\n\t\t\t\t\t<div class=\"info-box-inner reset-last-child\"data-elementor-setting-key=\"content\"><p><a href=\"https:\/\/koussikou.ch\/wp-content\/uploads\/2024\/05\/hoopo-dome-plus-litter-box-manual-300x145mm-202104.pdf\" target=\"_blank\" rel=\"noopener\">Anleitungen<\/a><\/p>\n<\/div>\n\n\t\t\t\t\t\t\t\t\t<\/div>\n\n\t\t\t\t\t\t\t<\/div>\n\t\t<\/div>\n\t\t\t\t\t\t<\/div>\n\t\t\t\t<\/div>\n\t\t\t\t\t<\/div>\n\t\t\t\t<\/div>\n\t\t\t\t<\/div>\n\t\t\t\t\t<\/div>\n\t\t\t\t<\/div>\n\t\t\t\t<\/div>","protected":false},"excerpt":{"rendered":"<p>Wir pr\u00e4sentieren die Dome Plus Katzentoilette, bei der elegantes Design auf au\u00dfergew\u00f6hnliche Zweckm\u00e4\u00dfigkeit und Benutzerfreundlichkeit trifft.<\/p>","protected":false},"featured_media":27818,"template":"","meta":[],"product_brand":[],"product_cat":[42,104,121],"product_tag":[122,123],"class_list":{"0":"post-27797","1":"product","2":"type-product","3":"status-publish","4":"has-post-thumbnail","6":"product_cat-all","7":"product_cat-cats","8":"product_cat-toilet","9":"product_tag-cats","10":"product_tag-litters","12":"first","13":"outofstock","14":"featured","15":"shipping-taxable","16":"purchasable","17":"product-type-variable"},"_links":{"self":[{"href":"https:\/\/koussikou.ch\/de\/wp-json\/wp\/v2\/product\/27797","targetHints":{"allow":["GET"]}}],"collection":[{"href":"https:\/\/koussikou.ch\/de\/wp-json\/wp\/v2\/product"}],"about":[{"href":"https:\/\/koussikou.ch\/de\/wp-json\/wp\/v2\/types\/product"}],"version-history":[{"count":1,"href":"https:\/\/koussikou.ch\/de\/wp-json\/wp\/v2\/product\/27797\/revisions"}],"predecessor-version":[{"id":33070,"href":"https:\/\/koussikou.ch\/de\/wp-json\/wp\/v2\/product\/27797\/revisions\/33070"}],"wp:featuredmedia":[{"embeddable":true,"href":"https:\/\/koussikou.ch\/de\/wp-json\/wp\/v2\/media\/27818"}],"wp:attachment":[{"href":"https:\/\/koussikou.ch\/de\/wp-json\/wp\/v2\/media?parent=27797"}],"wp:term":[{"taxonomy":"product_brand","embeddable":true,"href":"https:\/\/koussikou.ch\/de\/wp-json\/wp\/v2\/product_brand?post=27797"},{"taxonomy":"product_cat","embeddable":true,"href":"https:\/\/koussikou.ch\/de\/wp-json\/wp\/v2\/product_cat?post=27797"},{"taxonomy":"product_tag","embeddable":true,"href":"https:\/\/koussikou.ch\/de\/wp-json\/wp\/v2\/product_tag?post=27797"}],"curies":[{"name":"wp","href":"https:\/\/api.w.org\/{rel}","templated":true}]}}