{"id":27909,"date":"2024-05-11T16:32:55","date_gmt":"2024-05-11T14:32:55","guid":{"rendered":"https:\/\/koussikou.ch\/?post_type=product&#038;p=27909"},"modified":"2024-08-13T07:29:24","modified_gmt":"2024-08-13T05:29:24","slug":"donut-cat-bed","status":"publish","type":"product","link":"https:\/\/koussikou.ch\/de\/produkt\/donut-cat-bed\/","title":{"rendered":"Hoopo \u2013 Donut Bed"},"content":{"rendered":"<p>Das pr\u00e4chtige Design des <span style=\"color: #83b735;\"><strong>Donut<\/strong><\/span> verbindet h\u00f6chste Handwerkskunst mit den besten Materialien. Dieses weiche Katzenbett ist in acht Farben erh\u00e4ltlich, die sich nahtlos in jede Einrichtung einf\u00fcgen. Und wenn das Bett schmutzig wird, kann es einfach in der Waschmaschine gewaschen werden.<\/p>\n<blockquote>\n<h5>Die wichtigsten Vorteile<\/h5>\n<\/blockquote>\n<p>\u2714 Wunderbar weiches und bequemes Kopfkissen.<\/p>\n<p>\u2714 Maschinenwaschbar bei 30\u00baC.<\/p>\n<p>\u2714 Co2-freundliche Verpackung.<\/p>\n<p>\u2714 Eine sch\u00f6ne Erg\u00e4nzung f\u00fcr Ihr Zuhause.<\/p>\n<p>\u2714 Katzen k\u00f6nnen ihre Pfoten in das Loch stecken, um die ideale Liegeposition einzunehmen.<\/p>\n<blockquote>\n<h5>Ist es f\u00fcr meine Katze geeignet?<\/h5>\n<\/blockquote>\n<p>Der Donut ist f\u00fcr alle Katzen geeignet. Er eignet sich auch hervorragend als tragbares Bett, so dass Ihre Katze es \u00fcberall bequem hat, wo Sie hingehen.<\/p>","protected":false},"excerpt":{"rendered":"<p>Genie\u00dfen Sie den ganzen Tag lang die sch\u00f6nsten Katzentr\u00e4ume in diesem \u00e4u\u00dferst bequemen Bett.<\/p>","protected":false},"featured_media":27930,"template":"","meta":[],"product_brand":[],"product_cat":[42,104,32,129],"product_tag":[127,122,128],"class_list":{"0":"post-27909","1":"product","2":"type-product","3":"status-publish","4":"has-post-thumbnail","6":"product_cat-all","7":"product_cat-cats","8":"product_cat-furniture","9":"product_cat-sleep-relax-cats","10":"product_tag-beds","11":"product_tag-cats","12":"product_tag-cushions","14":"first","15":"instock","16":"shipping-taxable","17":"purchasable","18":"product-type-variable"},"_links":{"self":[{"href":"https:\/\/koussikou.ch\/de\/wp-json\/wp\/v2\/product\/27909","targetHints":{"allow":["GET"]}}],"collection":[{"href":"https:\/\/koussikou.ch\/de\/wp-json\/wp\/v2\/product"}],"about":[{"href":"https:\/\/koussikou.ch\/de\/wp-json\/wp\/v2\/types\/product"}],"version-history":[{"count":2,"href":"https:\/\/koussikou.ch\/de\/wp-json\/wp\/v2\/product\/27909\/revisions"}],"predecessor-version":[{"id":32492,"href":"https:\/\/koussikou.ch\/de\/wp-json\/wp\/v2\/product\/27909\/revisions\/32492"}],"wp:featuredmedia":[{"embeddable":true,"href":"https:\/\/koussikou.ch\/de\/wp-json\/wp\/v2\/media\/27930"}],"wp:attachment":[{"href":"https:\/\/koussikou.ch\/de\/wp-json\/wp\/v2\/media?parent=27909"}],"wp:term":[{"taxonomy":"product_brand","embeddable":true,"href":"https:\/\/koussikou.ch\/de\/wp-json\/wp\/v2\/product_brand?post=27909"},{"taxonomy":"product_cat","embeddable":true,"href":"https:\/\/koussikou.ch\/de\/wp-json\/wp\/v2\/product_cat?post=27909"},{"taxonomy":"product_tag","embeddable":true,"href":"https:\/\/koussikou.ch\/de\/wp-json\/wp\/v2\/product_tag?post=27909"}],"curies":[{"name":"wp","href":"https:\/\/api.w.org\/{rel}","templated":true}]}}