{"id":28023,"date":"2024-04-08T18:25:18","date_gmt":"2024-04-08T16:25:18","guid":{"rendered":"https:\/\/koussikou.ch\/?post_type=product&#038;p=28023"},"modified":"2025-04-28T11:16:22","modified_gmt":"2025-04-28T09:16:22","slug":"hoopo-tower-ergonomic-feeder","status":"publish","type":"product","link":"https:\/\/koussikou.ch\/de\/produkt\/hoopo-tower-ergonomic-feeder\/","title":{"rendered":"Hoopo - Tower"},"content":{"rendered":"<p>Der <span style=\"color: #83b735;\"><strong>Turm-Fressnapf<\/strong><\/span> ist aus langlebigem, hochwertigem Porzellan gefertigt und hat die perfekte ergonomische H\u00f6he. Der Katzennapf l\u00e4sst sich gut mit dem Ring Slow Feeder kombinieren, und dank der verschiedenen Farben k\u00f6nnen Sie sie kreativ miteinander kombinieren.<\/p>\n<blockquote>\n<h5>Die wichtigsten Vorteile<\/h5>\n<\/blockquote>\n<p>\u2714 Verwendung als Futter- oder Trinknapf.<br \/>\n\u2714 Ergonomisches Design f\u00fcr eine gesunde Fress- und Trinkhaltung, auch f\u00fcr Katzen mit Arthritis.<br \/>\n\u2714 Perfekt in Kombination mit dem Ring-Schieberegler zu verwenden.<br \/>\n\u2714 Steht fest durch seine stabile Konstruktion und sein Gewicht.<br \/>\n\u2714 Er ist mit einem Griff zum leichten Anheben ausgestattet.<br \/>\n\u2714 Hergestellt aus hochwertigem und langlebigem Porzellan.<br \/>\n\u2714 Sp\u00fclmaschinenfest.<\/p>\n<blockquote>\n<h5>Ist es f\u00fcr meine Katze geeignet?<\/h5>\n<\/blockquote>\n<p>Der Tower-Futter- und Trinknapf ist f\u00fcr alle Katzen geeignet und dank seiner ergonomischen H\u00f6he auch hervorragend zu verwenden, wenn Ihre Katze unter Arthritis leidet.<\/p>","protected":false},"excerpt":{"rendered":"<p>Erh\u00f6hte Katzenn\u00e4pfe tragen dazu bei, dass Ihre Katze in der richtigen Fressposition bleibt, selbst bei Katzen mit Arthritis<\/p>","protected":false},"featured_media":28029,"template":"","meta":[],"product_brand":[],"product_cat":[42,104,133],"product_tag":[],"class_list":{"0":"post-28023","1":"product","2":"type-product","3":"status-publish","4":"has-post-thumbnail","6":"product_cat-all","7":"product_cat-cats","8":"product_cat-eat-cats","10":"first","11":"instock","12":"shipping-taxable","13":"purchasable","14":"product-type-variable"},"_links":{"self":[{"href":"https:\/\/koussikou.ch\/de\/wp-json\/wp\/v2\/product\/28023","targetHints":{"allow":["GET"]}}],"collection":[{"href":"https:\/\/koussikou.ch\/de\/wp-json\/wp\/v2\/product"}],"about":[{"href":"https:\/\/koussikou.ch\/de\/wp-json\/wp\/v2\/types\/product"}],"version-history":[{"count":1,"href":"https:\/\/koussikou.ch\/de\/wp-json\/wp\/v2\/product\/28023\/revisions"}],"predecessor-version":[{"id":33002,"href":"https:\/\/koussikou.ch\/de\/wp-json\/wp\/v2\/product\/28023\/revisions\/33002"}],"wp:featuredmedia":[{"embeddable":true,"href":"https:\/\/koussikou.ch\/de\/wp-json\/wp\/v2\/media\/28029"}],"wp:attachment":[{"href":"https:\/\/koussikou.ch\/de\/wp-json\/wp\/v2\/media?parent=28023"}],"wp:term":[{"taxonomy":"product_brand","embeddable":true,"href":"https:\/\/koussikou.ch\/de\/wp-json\/wp\/v2\/product_brand?post=28023"},{"taxonomy":"product_cat","embeddable":true,"href":"https:\/\/koussikou.ch\/de\/wp-json\/wp\/v2\/product_cat?post=28023"},{"taxonomy":"product_tag","embeddable":true,"href":"https:\/\/koussikou.ch\/de\/wp-json\/wp\/v2\/product_tag?post=28023"}],"curies":[{"name":"wp","href":"https:\/\/api.w.org\/{rel}","templated":true}]}}