{"id":28273,"date":"2024-02-12T00:08:56","date_gmt":"2024-02-11T22:08:56","guid":{"rendered":"https:\/\/koussikou.ch\/?post_type=product&#038;p=28273"},"modified":"2025-05-02T13:11:15","modified_gmt":"2025-05-02T11:11:15","slug":"hoopo-ring-slowfeeder","status":"publish","type":"product","link":"https:\/\/koussikou.ch\/de\/produkt\/hoopo-ring-slowfeeder\/","title":{"rendered":"Hoopo - Ring"},"content":{"rendered":"<div data-elementor-type=\"wp-post\" data-elementor-id=\"28273\" class=\"elementor elementor-28273\">\n\t\t\t\t<div class=\"wd-negative-gap elementor-element elementor-element-1034d52d e-flex e-con-boxed e-con e-parent\" data-id=\"1034d52d\" data-element_type=\"container\" data-e-type=\"container\">\n\t\t\t\t\t<div class=\"e-con-inner\">\n\t\t\t\t<div class=\"elementor-element elementor-element-61a01fad color-scheme-inherit text-left elementor-widget elementor-widget-text-editor\" data-id=\"61a01fad\" data-element_type=\"widget\" data-e-type=\"widget\" data-widget_type=\"text-editor.default\">\n\t\t\t\t<div class=\"elementor-widget-container\">\n\t\t\t\t\t\t\t\t\t<p>Die flache, breite <strong><span style=\"color: #83b735;\">Ring SlowFeeder<\/span><\/strong> verhindert die Erm\u00fcdung der Schnurrhaare und ist auch f\u00fcr Katzen mit flachen K\u00f6pfen geeignet.<\/p><p>Katzenfutter kann in den Ring gestreut werden, um ruhiges Fressen zu f\u00f6rdern.<\/p><p>Der Slowfeeder hat ein elegantes Design und ist aus langlebigem, hochwertigem Porzellan gefertigt.<\/p><p>Erh\u00e4ltlich in 3 verschiedenen Farben, mischen und kombinieren Sie sie kreativ. Passt gut zu The Plate und The Tower.<\/p><blockquote><h5>Die wichtigsten Vorteile<\/h5><\/blockquote><p>\u2714 Verhindert zu schnelles Essen und regt zum Spielen an.<\/p><p>\u2714 Das flache und breite Design verhindert die Erm\u00fcdung der Schnurrhaare.<\/p><p>\u2714 Steht fest durch seine stabile Konstruktion und sein Gewicht.<\/p><p>\u2714 Hergestellt aus hochwertigem und langlebigem Porzellan.<\/p><p>\u2714 Perfekt in Kombination mit dem Tower Feeder zu verwenden.<\/p><p>\u2714 Sp\u00fclmaschinenfest.<\/p><blockquote><h5>Ist es f\u00fcr meine Katze geeignet?<\/h5><\/blockquote><p>Der Ring Slowfeeder ist f\u00fcr alle Katzen geeignet und kann auch verwendet werden, wenn Ihre Katze zu schnell frisst oder unter Schnurrhaarm\u00fcdigkeit leidet.<\/p>\t\t\t\t\t\t\t\t<\/div>\n\t\t\t\t<\/div>\n\t\t\t\t\t<\/div>\n\t\t\t\t<\/div>\n\t\t\t\t<\/div>","protected":false},"excerpt":{"rendered":"<p>Der flache, breite Ring Slowfeeder verhindert die Erm\u00fcdung der Schnurrhaare<\/p>","protected":false},"featured_media":28289,"template":"","meta":[],"product_brand":[],"product_cat":[42,104,133],"product_tag":[],"class_list":{"0":"post-28273","1":"product","2":"type-product","3":"status-publish","4":"has-post-thumbnail","6":"product_cat-all","7":"product_cat-cats","8":"product_cat-eat-cats","10":"first","11":"instock","12":"shipping-taxable","13":"purchasable","14":"product-type-variable"},"_links":{"self":[{"href":"https:\/\/koussikou.ch\/de\/wp-json\/wp\/v2\/product\/28273","targetHints":{"allow":["GET"]}}],"collection":[{"href":"https:\/\/koussikou.ch\/de\/wp-json\/wp\/v2\/product"}],"about":[{"href":"https:\/\/koussikou.ch\/de\/wp-json\/wp\/v2\/types\/product"}],"version-history":[{"count":1,"href":"https:\/\/koussikou.ch\/de\/wp-json\/wp\/v2\/product\/28273\/revisions"}],"predecessor-version":[{"id":33004,"href":"https:\/\/koussikou.ch\/de\/wp-json\/wp\/v2\/product\/28273\/revisions\/33004"}],"wp:featuredmedia":[{"embeddable":true,"href":"https:\/\/koussikou.ch\/de\/wp-json\/wp\/v2\/media\/28289"}],"wp:attachment":[{"href":"https:\/\/koussikou.ch\/de\/wp-json\/wp\/v2\/media?parent=28273"}],"wp:term":[{"taxonomy":"product_brand","embeddable":true,"href":"https:\/\/koussikou.ch\/de\/wp-json\/wp\/v2\/product_brand?post=28273"},{"taxonomy":"product_cat","embeddable":true,"href":"https:\/\/koussikou.ch\/de\/wp-json\/wp\/v2\/product_cat?post=28273"},{"taxonomy":"product_tag","embeddable":true,"href":"https:\/\/koussikou.ch\/de\/wp-json\/wp\/v2\/product_tag?post=28273"}],"curies":[{"name":"wp","href":"https:\/\/api.w.org\/{rel}","templated":true}]}}