{"id":28293,"date":"2021-12-09T21:05:20","date_gmt":"2021-12-09T19:05:20","guid":{"rendered":"https:\/\/koussikou.ch\/?post_type=product&#038;p=28293"},"modified":"2024-06-22T01:33:54","modified_gmt":"2024-06-21T23:33:54","slug":"pflegekindergarten","status":"publish","type":"product","link":"https:\/\/koussikou.ch\/de\/produkt\/pflegekindergarten\/","title":{"rendered":"Groomy - Pflegeb\u00fcrste"},"content":{"rendered":"<div data-elementor-type=\"wp-post\" data-elementor-id=\"28293\" class=\"elementor elementor-28293\">\n\t\t\t\t<div class=\"wd-negative-gap elementor-element elementor-element-9194d1e e-flex e-con-boxed e-con e-parent\" data-id=\"9194d1e\" data-element_type=\"container\" data-e-type=\"container\">\n\t\t\t\t\t<div class=\"e-con-inner\">\n\t\t\t\t<div class=\"elementor-element elementor-element-a3c67ae elementor-widget elementor-widget-wd_text_block\" data-id=\"a3c67ae\" data-element_type=\"widget\" data-e-type=\"widget\" data-widget_type=\"wd_text_block.default\">\n\t\t\t\t<div class=\"elementor-widget-container\">\n\t\t\t\t\t\t\t<div class=\"wd-text-block reset-last-child text-left\">\n\t\t\t\n\t\t\t<h4>Die Groomy Care B\u00fcrste f\u00fcr Katzen mit kurzem Haar<\/h4><h5>Qualit\u00e4t aus der Schweiz<\/h5><p>Das ultimative Pflegewerkzeug f\u00fcr alle Katzenrassen, hergestellt aus 100% hochwertigem Silikon. <span style=\"color: #83b735;\"><strong>Die Groomy Care B\u00fcrste<\/strong><\/span> st\u00e4rkt und pflegt nicht nur das Fell, sondern n\u00e4hrt auch das darunter liegende Unterhautgewebe und f\u00f6rdert die allgemeine Gesundheit der Haut.<\/p><p>\u2714 Geeignet f\u00fcr alle Katzenrassen: Perfekt f\u00fcr Kurzhaar- und Langhaarkatzen gleicherma\u00dfen.<\/p><p>\u2714 100% Premium-Silikon: Weich, langlebig und sanft zur Haut Ihres Haustieres.<\/p><p>\u2714 Verbessert die Fellgesundheit: St\u00e4rkt das Fell und sorgt f\u00fcr ein gl\u00e4nzendes und gesundes Fell.<\/p><p>\u2714 Therapeutische Massage: Bietet eine sanfte Massage, die den Stoffwechsel anregt und die Heilung von Muskeln, Haut und Gelenken f\u00f6rdert.<\/p><p>\u2714 Effiziente Haarentfernung: Entfernt m\u00fchelos lose Haare von Ihrem Haustier.<\/p><p>Die Groomy Care Brush sorgt f\u00fcr ein beruhigendes Pflegeerlebnis und ist damit ein Muss f\u00fcr jeden Katzenbesitzer. Verwandeln Sie die Fellpflege in eine entspannende, therapeutische Routine und halten Sie Ihr Zuhause frei von losen Tierhaaren.<\/p>\n\t\t\t\t\t<\/div>\n\t\t\t\t\t\t<\/div>\n\t\t\t\t<\/div>\n\t\t\t\t\t<\/div>\n\t\t\t\t<\/div>\n\t\t\t\t<\/div>","protected":false},"excerpt":{"rendered":"<p>Dieses in der Schweiz hergestellte Ger\u00e4t entfernt m\u00fchelos lose Haare, bietet therapeutische Massagen und ist f\u00fcr alle Katzenrassen geeignet.<\/p>","protected":false},"featured_media":28296,"template":"","meta":[],"product_brand":[],"product_cat":[42,104,121],"product_tag":[],"class_list":{"0":"post-28293","1":"product","2":"type-product","3":"status-publish","4":"has-post-thumbnail","6":"product_cat-all","7":"product_cat-cats","8":"product_cat-toilet","10":"first","11":"instock","12":"shipping-taxable","13":"purchasable","14":"product-type-simple"},"_links":{"self":[{"href":"https:\/\/koussikou.ch\/de\/wp-json\/wp\/v2\/product\/28293","targetHints":{"allow":["GET"]}}],"collection":[{"href":"https:\/\/koussikou.ch\/de\/wp-json\/wp\/v2\/product"}],"about":[{"href":"https:\/\/koussikou.ch\/de\/wp-json\/wp\/v2\/types\/product"}],"version-history":[{"count":0,"href":"https:\/\/koussikou.ch\/de\/wp-json\/wp\/v2\/product\/28293\/revisions"}],"wp:featuredmedia":[{"embeddable":true,"href":"https:\/\/koussikou.ch\/de\/wp-json\/wp\/v2\/media\/28296"}],"wp:attachment":[{"href":"https:\/\/koussikou.ch\/de\/wp-json\/wp\/v2\/media?parent=28293"}],"wp:term":[{"taxonomy":"product_brand","embeddable":true,"href":"https:\/\/koussikou.ch\/de\/wp-json\/wp\/v2\/product_brand?post=28293"},{"taxonomy":"product_cat","embeddable":true,"href":"https:\/\/koussikou.ch\/de\/wp-json\/wp\/v2\/product_cat?post=28293"},{"taxonomy":"product_tag","embeddable":true,"href":"https:\/\/koussikou.ch\/de\/wp-json\/wp\/v2\/product_tag?post=28293"}],"curies":[{"name":"wp","href":"https:\/\/api.w.org\/{rel}","templated":true}]}}