{"id":28429,"date":"2024-05-05T06:02:48","date_gmt":"2024-05-05T04:02:48","guid":{"rendered":"https:\/\/koussikou.ch\/?post_type=product&#038;p=28429"},"modified":"2026-04-27T14:58:55","modified_gmt":"2026-04-27T12:58:55","slug":"hoopo-poh","status":"publish","type":"product","link":"https:\/\/koussikou.ch\/de\/produkt\/hoopo-poh\/","title":{"rendered":"Hoopo - Poh"},"content":{"rendered":"<div data-elementor-type=\"wp-post\" data-elementor-id=\"28429\" class=\"elementor elementor-28429\">\n\t\t\t\t<div class=\"wd-negative-gap elementor-element elementor-element-1367581 e-flex e-con-boxed e-con e-parent\" data-id=\"1367581\" data-element_type=\"container\" data-e-type=\"container\">\n\t\t\t\t\t<div class=\"e-con-inner\">\n\t\t<div class=\"elementor-element elementor-element-45a63ba e-con-full e-flex e-con e-child\" data-id=\"45a63ba\" data-element_type=\"container\" data-e-type=\"container\">\n\t\t\t\t<div class=\"elementor-element elementor-element-7e1d203 elementor-widget elementor-widget-wd_text_block\" data-id=\"7e1d203\" data-element_type=\"widget\" data-e-type=\"widget\" data-widget_type=\"wd_text_block.default\">\n\t\t\t\t<div class=\"elementor-widget-container\">\n\t\t\t\t\t\t\t<div class=\"wd-text-block reset-last-child text-left\">\n\t\t\t\n\t\t\t<blockquote><h5>Diese sch\u00f6ne, neu gestaltete Version des klassischen Katzenklos ist vollst\u00e4ndig aus umweltfreundlichem Kunststoff hergestellt.<\/h5><\/blockquote><p>Durch sein kompaktes Design eignet sich der Poh f\u00fcr kleine R\u00e4ume, ist aber dennoch ger\u00e4umig genug f\u00fcr den Komfort Ihrer Katze.<\/p><p><strong><span style=\"color: #83b735;\">Der Poh<\/span><span style=\"color: #83b735;\"> Katzentoilette<\/span><\/strong> besteht aus hochwertigem, robustem Kunststoff, der leicht zu reinigen ist und sich solide anf\u00fchlt. Die Reinigung ist einfach mit der praktischen Schaufel, die gut in den mitgelieferten Beh\u00e4lter passt. Dank des stilvollen Designs muss die Katzentoilette nicht versteckt werden und kann \u00fcberall aufgestellt werden.<\/p>\n\t\t\t\t\t<\/div>\n\t\t\t\t\t\t<\/div>\n\t\t\t\t<\/div>\n\t\t\t\t<div class=\"elementor-element elementor-element-4cf04fb elementor-widget elementor-widget-wd_text_block\" data-id=\"4cf04fb\" data-element_type=\"widget\" data-e-type=\"widget\" data-widget_type=\"wd_text_block.default\">\n\t\t\t\t<div class=\"elementor-widget-container\">\n\t\t\t\t\t\t\t<div class=\"wd-text-block reset-last-child text-left\">\n\t\t\t\n\t\t\t<blockquote><h5>Geeignet f\u00fcr meine Katze?<\/h5><\/blockquote><p>Der Poh ist f\u00fcr kleine bis gro\u00dfe Katzenrassen geeignet. Der Poh ist nicht geeignet f\u00fcr Katzen, die sich zum Pinkeln nicht hinsetzen k\u00f6nnen und f\u00fcr die gr\u00f6\u00dften Katzenrassen (Ragdoll, Main Coon).<\/p>\n\t\t\t\t\t<\/div>\n\t\t\t\t\t\t<\/div>\n\t\t\t\t<\/div>\n\t\t\t\t<\/div>\n\t\t<div class=\"elementor-element elementor-element-f748b54 e-con-full e-flex e-con e-child\" data-id=\"f748b54\" data-element_type=\"container\" data-e-type=\"container\">\n\t\t<div class=\"wd-negative-gap elementor-element elementor-element-97f6c04 e-flex e-con-boxed e-con e-child\" data-id=\"97f6c04\" data-element_type=\"container\" data-e-type=\"container\">\n\t\t\t\t\t<div class=\"e-con-inner\">\n\t\t\t\t<div class=\"elementor-element elementor-element-1cd059c elementor-widget elementor-widget-wd_text_block\" data-id=\"1cd059c\" data-element_type=\"widget\" data-e-type=\"widget\" data-widget_type=\"wd_text_block.default\">\n\t\t\t\t<div class=\"elementor-widget-container\">\n\t\t\t\t\t\t\t<div class=\"wd-text-block reset-last-child text-left\">\n\t\t\t\n\t\t\t<blockquote><h5>Bestandteile:\u00a0<\/h5><\/blockquote><p>\u2714 Schaufel mit Halter<\/p><blockquote><h5>Die wichtigsten Vorteile:<\/h5><\/blockquote><p>\u2714 Der Poh ist sehr praktisch und leicht zu reinigen.<\/p><p>\u2714 Eine willkommene Erg\u00e4nzung f\u00fcr Ihr Interieur.<\/p><p>\u2714 Leichter Zugang f\u00fcr Ihre Katze.<\/p><p>\u2714 Das offene Design macht den Poh auch f\u00fcr \u00e4ngstliche Katzen geeignet.<\/p><p>\u2714 Umweltfreundlich, aus 100% recyceltem ABS.<\/p>\n\t\t\t\t\t<\/div>\n\t\t\t\t\t\t<\/div>\n\t\t\t\t<\/div>\n\t\t\t\t\t<\/div>\n\t\t\t\t<\/div>\n\t\t<div class=\"wd-negative-gap elementor-element elementor-element-97c72be e-flex e-con-boxed e-con e-child\" data-id=\"97c72be\" data-element_type=\"container\" data-e-type=\"container\">\n\t\t\t\t\t<div class=\"e-con-inner\">\n\t\t\t\t<div class=\"elementor-element elementor-element-365d597 elementor-widget elementor-widget-wd_text_block\" data-id=\"365d597\" data-element_type=\"widget\" data-e-type=\"widget\" data-widget_type=\"wd_text_block.default\">\n\t\t\t\t<div class=\"elementor-widget-container\">\n\t\t\t\t\t\t\t<div class=\"wd-text-block reset-last-child text-left\">\n\t\t\t\n\t\t\t\n\t\t\t\t\t<\/div>\n\t\t\t\t\t\t<\/div>\n\t\t\t\t<\/div>\n\t\t\t\t\t<\/div>\n\t\t\t\t<\/div>\n\t\t\t\t<\/div>\n\t\t\t\t\t<\/div>\n\t\t\t\t<\/div>\n\t\t\t\t<\/div>","protected":false},"excerpt":{"rendered":"<p>Stylish and eco-friendly Poh cat litter box: Compact, easy-clean design for small spaces. Made from 100% recycled ABS, suitable for most cat breeds. Includes scoop with holder. Perfect blend of functionality and modern aesthetics for your home.<\/p>","protected":false},"featured_media":28440,"template":"","meta":[],"product_brand":[],"product_cat":[42,104,121],"product_tag":[122,123],"class_list":{"0":"post-28429","1":"product","2":"type-product","3":"status-publish","4":"has-post-thumbnail","6":"product_cat-all","7":"product_cat-cats","8":"product_cat-toilet","9":"product_tag-cats","10":"product_tag-litters","12":"first","13":"instock","14":"featured","15":"shipping-taxable","16":"purchasable","17":"product-type-variable"},"_links":{"self":[{"href":"https:\/\/koussikou.ch\/de\/wp-json\/wp\/v2\/product\/28429","targetHints":{"allow":["GET"]}}],"collection":[{"href":"https:\/\/koussikou.ch\/de\/wp-json\/wp\/v2\/product"}],"about":[{"href":"https:\/\/koussikou.ch\/de\/wp-json\/wp\/v2\/types\/product"}],"version-history":[{"count":1,"href":"https:\/\/koussikou.ch\/de\/wp-json\/wp\/v2\/product\/28429\/revisions"}],"predecessor-version":[{"id":33020,"href":"https:\/\/koussikou.ch\/de\/wp-json\/wp\/v2\/product\/28429\/revisions\/33020"}],"wp:featuredmedia":[{"embeddable":true,"href":"https:\/\/koussikou.ch\/de\/wp-json\/wp\/v2\/media\/28440"}],"wp:attachment":[{"href":"https:\/\/koussikou.ch\/de\/wp-json\/wp\/v2\/media?parent=28429"}],"wp:term":[{"taxonomy":"product_brand","embeddable":true,"href":"https:\/\/koussikou.ch\/de\/wp-json\/wp\/v2\/product_brand?post=28429"},{"taxonomy":"product_cat","embeddable":true,"href":"https:\/\/koussikou.ch\/de\/wp-json\/wp\/v2\/product_cat?post=28429"},{"taxonomy":"product_tag","embeddable":true,"href":"https:\/\/koussikou.ch\/de\/wp-json\/wp\/v2\/product_tag?post=28429"}],"curies":[{"name":"wp","href":"https:\/\/api.w.org\/{rel}","templated":true}]}}