{"id":28470,"date":"2021-08-20T12:29:34","date_gmt":"2021-08-20T10:29:34","guid":{"rendered":"https:\/\/koussikou.ch\/?post_type=product&#038;p=28470"},"modified":"2024-06-28T20:50:35","modified_gmt":"2024-06-28T18:50:35","slug":"ibiyaya-ultraleicht-pro-haustier-rucksack-trager","status":"publish","type":"product","link":"https:\/\/koussikou.ch\/de\/produkt\/ibiyaya-ultraleicht-pro-haustier-rucksack-trager\/","title":{"rendered":"Ibiyaya &#8211; Ultralight Backpack"},"content":{"rendered":"<div data-elementor-type=\"wp-post\" data-elementor-id=\"28470\" class=\"elementor elementor-28470\">\n\t\t\t\t<div class=\"wd-negative-gap elementor-element elementor-element-5f5fe45 e-flex e-con-boxed e-con e-parent\" data-id=\"5f5fe45\" data-element_type=\"container\" data-e-type=\"container\">\n\t\t\t\t\t<div class=\"e-con-inner\">\n\t\t<div class=\"elementor-element elementor-element-5ab553b e-con-full e-flex e-con e-child\" data-id=\"5ab553b\" data-element_type=\"container\" data-e-type=\"container\">\n\t\t\t\t<div class=\"elementor-element elementor-element-75964b9 elementor-widget elementor-widget-wd_text_block\" data-id=\"75964b9\" data-element_type=\"widget\" data-e-type=\"widget\" data-widget_type=\"wd_text_block.default\">\n\t\t\t\t<div class=\"elementor-widget-container\">\n\t\t\t\t\t\t\t<div class=\"wd-text-block reset-last-child text-left\">\n\t\t\t\n\t\t\t<blockquote><h5>Suchen Sie den besten und praktischsten Reiserucksack f\u00fcr Haustiere?<\/h5><\/blockquote><p>Machen Sie Ihren Wochenendausflug mit dem neuen Ultra Pro Rucksacktr\u00e4ger zu einem aufregenden und unterhaltsamen Erlebnis.<\/p><p>Die beste Wahl, wenn Sie auf der Suche nach einem ger\u00e4umigen, aber leichten und multifunktionalen Tragesystem f\u00fcr Ihren lieben Begleiter sind.<\/p><p>Mit Sicherheit und Komfort im Hinterkopf k\u00f6nnen Sie und Ihr pelziger Freund sich jetzt auf jeden Ausflug nach drau\u00dfen freuen und gemeinsam Spa\u00df haben.<\/p>\n\t\t\t\t\t<\/div>\n\t\t\t\t\t\t<\/div>\n\t\t\t\t<\/div>\n\t\t\t\t<div class=\"elementor-element elementor-element-eea6c30 elementor-widget elementor-widget-wd_text_block\" data-id=\"eea6c30\" data-element_type=\"widget\" data-e-type=\"widget\" data-widget_type=\"wd_text_block.default\">\n\t\t\t\t<div class=\"elementor-widget-container\">\n\t\t\t\t\t\t\t<div class=\"wd-text-block reset-last-child text-left\">\n\t\t\t\n\t\t\t<blockquote><h5>2-WEG-R\u00dcCKENPACK<\/h5><\/blockquote><p>Tragen Sie ihn auf zwei Arten (vorne oder hinten). Legen Sie ihn gerade oder flach hin und passen Sie die Bodenpolster nach Belieben an. Falten Sie ihn flach f\u00fcr eine einfache Lagerung.<\/p><blockquote><p>Kann bis zu 7 kg tragen<\/p><p>F\u00fcr <strong>mittelgro\u00dfe Hunde und Katzen<\/strong>.<\/p><\/blockquote>\n\t\t\t\t\t<\/div>\n\t\t\t\t\t\t<\/div>\n\t\t\t\t<\/div>\n\t\t\t\t<\/div>\n\t\t<div class=\"elementor-element elementor-element-e916c7d e-con-full e-flex e-con e-child\" data-id=\"e916c7d\" data-element_type=\"container\" data-e-type=\"container\">\n\t\t<div class=\"wd-negative-gap elementor-element elementor-element-a30e482 e-flex e-con-boxed e-con e-child\" data-id=\"a30e482\" data-element_type=\"container\" data-e-type=\"container\">\n\t\t\t\t\t<div class=\"e-con-inner\">\n\t\t\t\t<div class=\"elementor-element elementor-element-714f14e elementor-widget elementor-widget-wd_text_block\" data-id=\"714f14e\" data-element_type=\"widget\" data-e-type=\"widget\" data-widget_type=\"wd_text_block.default\">\n\t\t\t\t<div class=\"elementor-widget-container\">\n\t\t\t\t\t\t\t<div class=\"wd-text-block reset-last-child text-left\">\n\t\t\t\n\t\t\t<blockquote><h5>SUPERLEICHT<\/h5><\/blockquote><p>Dieser New Fun Lightweight Pet Backpack eignet sich perfekt f\u00fcr Ausfl\u00fcge ins Freie, Wanderungen, Reisen mit dem Flugzeug und sogar f\u00fcr einen kurzen Besuch im Einkaufszentrum.<\/p><p>Er garantiert herausragende Sicherheit und Komfort auf Schritt und Tritt.<\/p><p>Ein Reiserucksack, der so leicht ist, dass Sie nicht einmal sp\u00fcren, wie das Gewicht Ihren R\u00fccken belastet. Definitiv der ultimative Wanderbegleiter f\u00fcr Sie und Ihren Champ.<\/p><blockquote><h5>ERGONOMISCHE GESTALTUNG<\/h5><\/blockquote><p>Mit superweichen und atmungsaktiven Polstern, leicht verstellbaren Schulter- und Brustgurten, die den R\u00fccken hervorragend st\u00fctzen.<\/p><blockquote><h5>AUSREICHENDER LUFTSTROM<\/h5><\/blockquote><p>Ausgestattet mit Mesh-Fenstern f\u00fcr maximale Bel\u00fcftung, einer oberen Abdeckung mit Magnetverschl\u00fcssen, um die Privatsph\u00e4re Ihres Haustieres zu sch\u00fctzen und es ungest\u00f6rt zu halten.<\/p><blockquote><h5>LANGLEBIG UND ULTRA-SICHER<\/h5><\/blockquote><p>Mit abnehmbarer EVA-Hartschale und hochdichtem, hartem Boden; ausgestattet mit zus\u00e4tzlichen Auto-Lock-Schiebern und Sicherheitsgurten, um die Sicherheit Ihres Haustieres zu gew\u00e4hrleisten.<\/p>\n\t\t\t\t\t<\/div>\n\t\t\t\t\t\t<\/div>\n\t\t\t\t<\/div>\n\t\t\t\t\t<\/div>\n\t\t\t\t<\/div>\n\t\t\t\t<\/div>\n\t\t\t\t\t<\/div>\n\t\t\t\t<\/div>\n\t\t\t\t<\/div>","protected":false},"excerpt":{"rendered":"<p>Machen Sie Ihre Wochenendausfl\u00fcge zu einem unvergesslichen Erlebnis mit dem Ultra Pro Backpack Carrier, der f\u00fcr maximalen Komfort und Sicherheit f\u00fcr Ihren pelzigen Freund entwickelt wurde.<\/p>","protected":false},"featured_media":28480,"template":"","meta":[],"product_brand":[],"product_cat":[42,95,131],"product_tag":[],"class_list":{"0":"post-28470","1":"product","2":"type-product","3":"status-publish","4":"has-post-thumbnail","6":"product_cat-all","7":"product_cat-dogs","8":"product_cat-travel-walk-dogs","10":"first","11":"instock","12":"shipping-taxable","13":"purchasable","14":"product-type-variable"},"_links":{"self":[{"href":"https:\/\/koussikou.ch\/de\/wp-json\/wp\/v2\/product\/28470","targetHints":{"allow":["GET"]}}],"collection":[{"href":"https:\/\/koussikou.ch\/de\/wp-json\/wp\/v2\/product"}],"about":[{"href":"https:\/\/koussikou.ch\/de\/wp-json\/wp\/v2\/types\/product"}],"version-history":[{"count":0,"href":"https:\/\/koussikou.ch\/de\/wp-json\/wp\/v2\/product\/28470\/revisions"}],"wp:featuredmedia":[{"embeddable":true,"href":"https:\/\/koussikou.ch\/de\/wp-json\/wp\/v2\/media\/28480"}],"wp:attachment":[{"href":"https:\/\/koussikou.ch\/de\/wp-json\/wp\/v2\/media?parent=28470"}],"wp:term":[{"taxonomy":"product_brand","embeddable":true,"href":"https:\/\/koussikou.ch\/de\/wp-json\/wp\/v2\/product_brand?post=28470"},{"taxonomy":"product_cat","embeddable":true,"href":"https:\/\/koussikou.ch\/de\/wp-json\/wp\/v2\/product_cat?post=28470"},{"taxonomy":"product_tag","embeddable":true,"href":"https:\/\/koussikou.ch\/de\/wp-json\/wp\/v2\/product_tag?post=28470"}],"curies":[{"name":"wp","href":"https:\/\/api.w.org\/{rel}","templated":true}]}}