{"id":28665,"date":"2023-05-05T01:12:04","date_gmt":"2023-05-04T23:12:04","guid":{"rendered":"https:\/\/koussikou.ch\/?post_type=product&#038;p=28665"},"modified":"2024-08-13T13:57:22","modified_gmt":"2024-08-13T11:57:22","slug":"gemutliches-und-schlafriges-tranquillo-bett","status":"publish","type":"product","link":"https:\/\/koussikou.ch\/de\/produkt\/gemutliches-und-schlafriges-tranquillo-bett\/","title":{"rendered":"Cosy and Dozy \u2013 Tranquillo Bed"},"content":{"rendered":"<p>Das aus strapazierf\u00e4higem, verschlei\u00dffestem Stoff gefertigte <span style=\"color: #83b735;\"><strong>Kuscheliges und gem\u00fctliches Tranquillo-Bett<\/strong><\/span> bietet unvergleichlichen Komfort und Langlebigkeit.<\/p>\n<p>Die F\u00fcllung besteht aus einer sorgf\u00e4ltig ausgew\u00e4hlten Mischung aus Polyurethanschaum und Nylonfetzen, die f\u00fcr au\u00dfergew\u00f6hnliche Weichheit und Elastizit\u00e4t sorgt.<\/p>\n<p>Dieses stilvolle und attraktive Design wertet nicht nur die Inneneinrichtung Ihres Hauses auf, sondern bietet Ihrem Haustier auch einen gem\u00fctlichen, komfortablen Platz zum Ausruhen und Entspannen.<\/p>\n<p>Geben Sie Ihrer Katze das ultimative Liegeerlebnis mit dem Cosy and Dozy Tranquillo Bed.<\/p>","protected":false},"excerpt":{"rendered":"<p>Das Cosy and Dozy - Tranquillo Bed bietet luxuri\u00f6sen Komfort f\u00fcr Haustiere, mit einem Pl\u00fcschkissen und elegantem Design. Leicht zu reinigen und langlebig.<\/p>","protected":false},"featured_media":28670,"template":"","meta":[],"product_brand":[],"product_cat":[42,104,95,129,130],"product_tag":[],"class_list":{"0":"post-28665","1":"product","2":"type-product","3":"status-publish","4":"has-post-thumbnail","6":"product_cat-all","7":"product_cat-cats","8":"product_cat-dogs","9":"product_cat-sleep-relax-cats","10":"product_cat-sleep-relax-dogs","12":"first","13":"instock","14":"shipping-taxable","15":"purchasable","16":"product-type-variable"},"_links":{"self":[{"href":"https:\/\/koussikou.ch\/de\/wp-json\/wp\/v2\/product\/28665","targetHints":{"allow":["GET"]}}],"collection":[{"href":"https:\/\/koussikou.ch\/de\/wp-json\/wp\/v2\/product"}],"about":[{"href":"https:\/\/koussikou.ch\/de\/wp-json\/wp\/v2\/types\/product"}],"version-history":[{"count":1,"href":"https:\/\/koussikou.ch\/de\/wp-json\/wp\/v2\/product\/28665\/revisions"}],"predecessor-version":[{"id":32535,"href":"https:\/\/koussikou.ch\/de\/wp-json\/wp\/v2\/product\/28665\/revisions\/32535"}],"wp:featuredmedia":[{"embeddable":true,"href":"https:\/\/koussikou.ch\/de\/wp-json\/wp\/v2\/media\/28670"}],"wp:attachment":[{"href":"https:\/\/koussikou.ch\/de\/wp-json\/wp\/v2\/media?parent=28665"}],"wp:term":[{"taxonomy":"product_brand","embeddable":true,"href":"https:\/\/koussikou.ch\/de\/wp-json\/wp\/v2\/product_brand?post=28665"},{"taxonomy":"product_cat","embeddable":true,"href":"https:\/\/koussikou.ch\/de\/wp-json\/wp\/v2\/product_cat?post=28665"},{"taxonomy":"product_tag","embeddable":true,"href":"https:\/\/koussikou.ch\/de\/wp-json\/wp\/v2\/product_tag?post=28665"}],"curies":[{"name":"wp","href":"https:\/\/api.w.org\/{rel}","templated":true}]}}