{"id":28675,"date":"2020-06-12T11:00:08","date_gmt":"2020-06-12T09:00:08","guid":{"rendered":"https:\/\/koussikou.ch\/?post_type=product&#038;p=28675"},"modified":"2024-06-29T09:41:41","modified_gmt":"2024-06-29T07:41:41","slug":"haustier-innenraum-arena","status":"publish","type":"product","link":"https:\/\/koussikou.ch\/de\/produkt\/haustier-innenraum-arena\/","title":{"rendered":"Haustier-Einrichtungen - Arena"},"content":{"rendered":"<p>Pet Interiors &#8211; <span style=\"color: #83b735;\"><strong>Arena<\/strong><\/span> ist die ultimative Mischung aus Komfort und Eleganz f\u00fcr Ihr geliebtes Haustier. Dieses luxuri\u00f6se Bett f\u00fcr Haustiere ist aus hochwertigen Materialien gefertigt, die Langlebigkeit und einen pl\u00fcschigen Ruheplatz f\u00fcr Ihren pelzigen Freund garantieren. Das schlichte, moderne Design des Arena-Bettes f\u00fcgt sich nahtlos in jede Wohnungseinrichtung ein und macht es zu einer stilvollen Erg\u00e4nzung Ihres Wohnraums. Der abnehmbare und waschbare Bezug macht die Pflege zum Kinderspiel und h\u00e4lt das Bett Ihres Haustiers stets frisch und sauber.<\/p>\r\n<p>Mit seiner <strong>orthop\u00e4dischen Unterst\u00fctzung<\/strong>, ist das Arena-Bett speziell darauf ausgerichtet, die Gesundheit der Gelenke zu f\u00f6rdern und das allgemeine Wohlbefinden Ihres Haustieres zu verbessern.<\/p>\r\n<p>G\u00f6nnen Sie Ihrem Haustier den Komfort und Luxus, den es verdient, mit Pet Interiors - Arena.<\/p>","protected":false},"excerpt":{"rendered":"<p>Ein luxuri\u00f6ses, stilvolles und orthop\u00e4disches Bett f\u00fcr Haustiere, das ultimativen Komfort und Unterst\u00fctzung f\u00fcr Haustiere aller Gr\u00f6\u00dfen bietet.<\/p>","protected":false},"featured_media":28686,"template":"","meta":[],"product_brand":[],"product_cat":[42,104,95,32,129,130],"product_tag":[376,351,352,349,375,353,373,348,355,354,377,350,372,374],"class_list":{"0":"post-28675","1":"product","2":"type-product","3":"status-publish","4":"has-post-thumbnail","6":"product_cat-all","7":"product_cat-cats","8":"product_cat-dogs","9":"product_cat-furniture","10":"product_cat-sleep-relax-cats","11":"product_cat-sleep-relax-dogs","12":"product_tag-arena-bed","13":"product_tag-comfortable-pet-bed","14":"product_tag-easy-maintenance-pet-bed","15":"product_tag-luxurious-pet-bed","16":"product_tag-modern-pet-bed","17":"product_tag-modern-pet-furniture","18":"product_tag-orthopedic-pet-bed","19":"product_tag-pet-bed","20":"product_tag-pet-comfort","21":"product_tag-pet-interiors","22":"product_tag-pet-wellness","23":"product_tag-stylish-pet-bed","24":"product_tag-stylish-pet-furniture","25":"product_tag-washable-pet-bed-cover","27":"first","28":"instock","29":"shipping-taxable","30":"purchasable","31":"product-type-variable"},"_links":{"self":[{"href":"https:\/\/koussikou.ch\/de\/wp-json\/wp\/v2\/product\/28675","targetHints":{"allow":["GET"]}}],"collection":[{"href":"https:\/\/koussikou.ch\/de\/wp-json\/wp\/v2\/product"}],"about":[{"href":"https:\/\/koussikou.ch\/de\/wp-json\/wp\/v2\/types\/product"}],"version-history":[{"count":0,"href":"https:\/\/koussikou.ch\/de\/wp-json\/wp\/v2\/product\/28675\/revisions"}],"wp:featuredmedia":[{"embeddable":true,"href":"https:\/\/koussikou.ch\/de\/wp-json\/wp\/v2\/media\/28686"}],"wp:attachment":[{"href":"https:\/\/koussikou.ch\/de\/wp-json\/wp\/v2\/media?parent=28675"}],"wp:term":[{"taxonomy":"product_brand","embeddable":true,"href":"https:\/\/koussikou.ch\/de\/wp-json\/wp\/v2\/product_brand?post=28675"},{"taxonomy":"product_cat","embeddable":true,"href":"https:\/\/koussikou.ch\/de\/wp-json\/wp\/v2\/product_cat?post=28675"},{"taxonomy":"product_tag","embeddable":true,"href":"https:\/\/koussikou.ch\/de\/wp-json\/wp\/v2\/product_tag?post=28675"}],"curies":[{"name":"wp","href":"https:\/\/api.w.org\/{rel}","templated":true}]}}