{"id":28696,"date":"2021-08-02T20:35:48","date_gmt":"2021-08-02T18:35:48","guid":{"rendered":"https:\/\/koussikou.ch\/?post_type=product&#038;p=28696"},"modified":"2024-06-22T16:27:34","modified_gmt":"2024-06-22T14:27:34","slug":"ibiyaya-klassische-tasche","status":"publish","type":"product","link":"https:\/\/koussikou.ch\/de\/produkt\/ibiyaya-klassische-tasche\/","title":{"rendered":"Ibiyaya - Klassische Tasche"},"content":{"rendered":"<p><strong><span style=\"color: #83b735;\">Der Ibiyaya Classic Bag<\/span><\/strong> ist der ultimative Reisebegleiter f\u00fcr Ihr Haustier. Dieser vielseitige Tiertransporter wurde mit Blick auf Stil und Funktionalit\u00e4t entworfen und ist perfekt f\u00fcr jeden Ausflug.<\/p>\n<p>Sie ist aus strapazierf\u00e4higen, hochwertigen Materialien gefertigt und sorgt f\u00fcr den Komfort und die Sicherheit Ihres Haustiers auf Reisen. Die atmungsaktiven Mesh-Fenster sorgen f\u00fcr eine hervorragende Bel\u00fcftung, w\u00e4hrend das weiche, pl\u00fcschige Innere Ihr Haustier gem\u00fctlich h\u00e4lt.<\/p>\n<p>Mit ihrem verstellbaren Schultergurt und den ergonomischen Griffen l\u00e4sst sie sich leicht tragen, egal ob Sie auf dem Weg zum Tierarzt sind, einen Wochenendausflug machen oder einfach nur um den Block spazieren gehen. Die Ibiyaya Classic Bag ist auch leicht zu reinigen, mit einem herausnehmbaren und waschbaren Innenpolster.<\/p>\n<p>Reisen Sie mit der Gewissheit, dass Ihr pelziger Freund sicher und bequem in der Ibiyaya Classic Bag untergebracht ist.<\/p>\n<p>Diese Tasche ist zusammenklappbar und besteht aus leichtem EVA-Material.<\/p>\n<p>\u2714 Bequem und platzsparend: Abnehmbar, zusammenklappbar und leicht faltbar<\/p>\n<p>\u2714 Maximale Bel\u00fcftung und Sichtbarkeit<\/p>\n<p>\u2714 Abnehmbare Unterlage f\u00fcr einfache Reinigung<\/p>\n<p>\u2714 Mit gepolstertem Schultergurt<\/p>","protected":false},"excerpt":{"rendered":"<p>Reisen Sie stilvoll mit der Ibiyaya Classic Bag! Diese schicke, robuste Tasche f\u00fcr Haustiere bietet ultimativen Komfort mit atmungsaktiven Netzfenstern und einem pl\u00fcschigen Innenraum. Leicht zu tragen und zu reinigen, ist sie perfekt f\u00fcr jedes Abenteuer mit Ihrem pelzigen Freund.<\/p>","protected":false},"featured_media":28701,"template":"","meta":[],"product_brand":[],"product_cat":[42,104,95,131,132],"product_tag":[477,472,475,471,326,473,355,474,476],"class_list":{"0":"post-28696","1":"product","2":"type-product","3":"status-publish","4":"has-post-thumbnail","6":"product_cat-all","7":"product_cat-cats","8":"product_cat-dogs","9":"product_cat-travel-walk-dogs","10":"product_cat-travel-walk-cats","11":"product_tag-breathable-pet-carrier","12":"product_tag-classic-bag","13":"product_tag-durable-pet-carrier","14":"product_tag-ibiyaya","15":"product_tag-pet-accessories","16":"product_tag-pet-carrier","17":"product_tag-pet-comfort","18":"product_tag-pet-travel","19":"product_tag-stylish-pet-bag","21":"first","22":"instock","23":"shipping-taxable","24":"purchasable","25":"product-type-variable"},"_links":{"self":[{"href":"https:\/\/koussikou.ch\/de\/wp-json\/wp\/v2\/product\/28696","targetHints":{"allow":["GET"]}}],"collection":[{"href":"https:\/\/koussikou.ch\/de\/wp-json\/wp\/v2\/product"}],"about":[{"href":"https:\/\/koussikou.ch\/de\/wp-json\/wp\/v2\/types\/product"}],"version-history":[{"count":0,"href":"https:\/\/koussikou.ch\/de\/wp-json\/wp\/v2\/product\/28696\/revisions"}],"wp:featuredmedia":[{"embeddable":true,"href":"https:\/\/koussikou.ch\/de\/wp-json\/wp\/v2\/media\/28701"}],"wp:attachment":[{"href":"https:\/\/koussikou.ch\/de\/wp-json\/wp\/v2\/media?parent=28696"}],"wp:term":[{"taxonomy":"product_brand","embeddable":true,"href":"https:\/\/koussikou.ch\/de\/wp-json\/wp\/v2\/product_brand?post=28696"},{"taxonomy":"product_cat","embeddable":true,"href":"https:\/\/koussikou.ch\/de\/wp-json\/wp\/v2\/product_cat?post=28696"},{"taxonomy":"product_tag","embeddable":true,"href":"https:\/\/koussikou.ch\/de\/wp-json\/wp\/v2\/product_tag?post=28696"}],"curies":[{"name":"wp","href":"https:\/\/api.w.org\/{rel}","templated":true}]}}