{"id":28755,"date":"2023-10-09T11:10:14","date_gmt":"2023-10-09T09:10:14","guid":{"rendered":"https:\/\/koussikou.ch\/?post_type=product&#038;p=28755"},"modified":"2024-06-23T16:47:10","modified_gmt":"2024-06-23T14:47:10","slug":"brullaffe-brullaffe","status":"publish","type":"product","link":"https:\/\/koussikou.ch\/de\/produkt\/brullaffe-brullaffe\/","title":{"rendered":"Howlpot. - Howly"},"content":{"rendered":"<p>Treffen Sie <span style=\"color: #83b735;\"><strong>Howly<\/strong><\/span>, die neueste innovative Kreation von Howlpot. Dieses elegant gestaltete und multifunktionale Produkt ist auf moderne Haustierbesitzer zugeschnitten, die sowohl Stil als auch Komfort suchen. Howly ist ein All-in-One-Haustierzubeh\u00f6r, mit dem Ihre pelzigen Freunde unterhalten werden, sich wohlf\u00fchlen und gl\u00fccklich sind.<\/p>\n<p>Mit seinem eleganten, minimalistischen Design f\u00fcgt sich Howly problemlos in jede Wohnungseinrichtung ein und bietet gleichzeitig maximale Funktionalit\u00e4t. Ganz gleich, ob Sie ein kuscheliges Bettchen oder ein interaktives Spielzeug suchen, Howly hat alles, was Sie brauchen. Die hochwertigen Materialien garantieren Langlebigkeit und Komfort f\u00fcr Ihre Haustiere. Dank des intelligenten Designs l\u00e4sst es sich au\u00dferdem leicht reinigen und sorgt f\u00fcr eine hygienische Umgebung f\u00fcr Ihre geliebten Tiere.<\/p>\n<p>Es wurde mit einem abnehmbaren Stahlrahmen geschaffen, der die Struktur des Hauses sicher aufrechterh\u00e4lt. Der Stahlrahmen sorgt f\u00fcr eine einfache Lagerung.<\/p>\n<p>Der Stoff des Innenkissens wurde mit wasserdichtem Material verarbeitet, so dass es vor einer betr\u00e4chtlichen Menge an Unf\u00e4llen Ihres Begleiters sicher ist.<\/p>\n<p>G\u00f6nnen Sie Ihren Haustieren den Luxus, den sie verdienen - mit Howly von Howlpot.<\/p>","protected":false},"excerpt":{"rendered":"<p>Howly von Howlpot vereint Stil und Funktionalit\u00e4t in einem eleganten und multifunktionalen Haustierzubeh\u00f6r, das Komfort und Unterhaltung f\u00fcr Ihre Haustiere bietet.<\/p>","protected":false},"featured_media":28771,"template":"","meta":[],"product_brand":[],"product_cat":[42,95,32,130],"product_tag":[547,546,551,549,548,348,550,552],"class_list":{"0":"post-28755","1":"product","2":"type-product","3":"status-publish","4":"has-post-thumbnail","6":"product_cat-all","7":"product_cat-dogs","8":"product_cat-furniture","9":"product_cat-sleep-relax-dogs","10":"product_tag-howlpot","11":"product_tag-howly","12":"product_tag-modern-design","13":"product_tag-multifunctional","14":"product_tag-pet-accessory","15":"product_tag-pet-bed","16":"product_tag-pet-toy","17":"product_tag-premium-pet-product","19":"first","20":"instock","21":"shipping-taxable","22":"purchasable","23":"product-type-variable"},"_links":{"self":[{"href":"https:\/\/koussikou.ch\/de\/wp-json\/wp\/v2\/product\/28755","targetHints":{"allow":["GET"]}}],"collection":[{"href":"https:\/\/koussikou.ch\/de\/wp-json\/wp\/v2\/product"}],"about":[{"href":"https:\/\/koussikou.ch\/de\/wp-json\/wp\/v2\/types\/product"}],"version-history":[{"count":0,"href":"https:\/\/koussikou.ch\/de\/wp-json\/wp\/v2\/product\/28755\/revisions"}],"wp:featuredmedia":[{"embeddable":true,"href":"https:\/\/koussikou.ch\/de\/wp-json\/wp\/v2\/media\/28771"}],"wp:attachment":[{"href":"https:\/\/koussikou.ch\/de\/wp-json\/wp\/v2\/media?parent=28755"}],"wp:term":[{"taxonomy":"product_brand","embeddable":true,"href":"https:\/\/koussikou.ch\/de\/wp-json\/wp\/v2\/product_brand?post=28755"},{"taxonomy":"product_cat","embeddable":true,"href":"https:\/\/koussikou.ch\/de\/wp-json\/wp\/v2\/product_cat?post=28755"},{"taxonomy":"product_tag","embeddable":true,"href":"https:\/\/koussikou.ch\/de\/wp-json\/wp\/v2\/product_tag?post=28755"}],"curies":[{"name":"wp","href":"https:\/\/api.w.org\/{rel}","templated":true}]}}