{"id":28843,"date":"2023-09-30T00:42:04","date_gmt":"2023-09-29T22:42:04","guid":{"rendered":"https:\/\/koussikou.ch\/?post_type=product&#038;p=28843"},"modified":"2024-07-14T12:15:15","modified_gmt":"2024-07-14T10:15:15","slug":"inooko-lebensmittel-platzdeckchen","status":"publish","type":"product","link":"https:\/\/koussikou.ch\/de\/produkt\/inooko-lebensmittel-platzdeckchen\/","title":{"rendered":"Inooko - Food Place Mat"},"content":{"rendered":"<div data-elementor-type=\"wp-post\" data-elementor-id=\"28843\" class=\"elementor elementor-28843\">\n\t\t\t\t<div class=\"wd-negative-gap elementor-element elementor-element-19615738 e-flex e-con-boxed e-con e-parent\" data-id=\"19615738\" data-element_type=\"container\" data-e-type=\"container\">\n\t\t\t\t\t<div class=\"e-con-inner\">\n\t\t\t\t<div class=\"elementor-element elementor-element-60d58930 color-scheme-inherit text-left elementor-widget elementor-widget-text-editor\" data-id=\"60d58930\" data-element_type=\"widget\" data-e-type=\"widget\" data-widget_type=\"text-editor.default\">\n\t\t\t\t<div class=\"elementor-widget-container\">\n\t\t\t\t\t\t\t\t\t<p>Halten Sie Ihre B\u00f6den makellos und gesch\u00fctzt mit <strong><span style=\"color: #83b735;\">Inooko's Hunde - und Katzenfuttermatte<\/span><\/strong>.<\/p><p>Diese Matte kombiniert ein elegantes, modernes Design mit praktischer Wasserdichtigkeit, damit Ihr vierbeiniger Freund fressen und trinken kann, ohne eine Sauerei zu verursachen.<\/p><p>Er ist ger\u00e4umig genug, um zwei Sch\u00fcsseln bequem unterzubringen, und die erh\u00f6hten R\u00e4nder helfen dabei, versch\u00fcttetes Futter und Wasser zur\u00fcckzuhalten.<\/p><p>\u2714 Perfekt f\u00fcr Hartholz-, Fliesen- und Laminatb\u00f6den.<\/p><p>\u2714 Einfache Wartung: Ein schnelles Abwischen mit einem Schwamm gen\u00fcgt, um es zu reinigen!<\/p><p>\u2714 Hergestellt aus langlebigem, lebensmittelechtem Silikon, ungiftig, BPA- und PVC-frei.<\/p>\t\t\t\t\t\t\t\t<\/div>\n\t\t\t\t<\/div>\n\t\t\t\t\t<\/div>\n\t\t\t\t<\/div>\n\t\t\t\t<\/div>","protected":false},"excerpt":{"rendered":"<p>Mit der eleganten und wasserdichten Hunde - und Katzenfuttermatte von Inooko bleiben Ihre B\u00f6den makellos.<\/p>","protected":false},"featured_media":28845,"template":"","meta":[],"product_brand":[],"product_cat":[42,104,95,133,134],"product_tag":[],"class_list":{"0":"post-28843","1":"product","2":"type-product","3":"status-publish","4":"has-post-thumbnail","6":"product_cat-all","7":"product_cat-cats","8":"product_cat-dogs","9":"product_cat-eat-cats","10":"product_cat-eat-dogs","12":"first","13":"instock","14":"shipping-taxable","15":"purchasable","16":"product-type-variable"},"_links":{"self":[{"href":"https:\/\/koussikou.ch\/de\/wp-json\/wp\/v2\/product\/28843","targetHints":{"allow":["GET"]}}],"collection":[{"href":"https:\/\/koussikou.ch\/de\/wp-json\/wp\/v2\/product"}],"about":[{"href":"https:\/\/koussikou.ch\/de\/wp-json\/wp\/v2\/types\/product"}],"version-history":[{"count":0,"href":"https:\/\/koussikou.ch\/de\/wp-json\/wp\/v2\/product\/28843\/revisions"}],"wp:featuredmedia":[{"embeddable":true,"href":"https:\/\/koussikou.ch\/de\/wp-json\/wp\/v2\/media\/28845"}],"wp:attachment":[{"href":"https:\/\/koussikou.ch\/de\/wp-json\/wp\/v2\/media?parent=28843"}],"wp:term":[{"taxonomy":"product_brand","embeddable":true,"href":"https:\/\/koussikou.ch\/de\/wp-json\/wp\/v2\/product_brand?post=28843"},{"taxonomy":"product_cat","embeddable":true,"href":"https:\/\/koussikou.ch\/de\/wp-json\/wp\/v2\/product_cat?post=28843"},{"taxonomy":"product_tag","embeddable":true,"href":"https:\/\/koussikou.ch\/de\/wp-json\/wp\/v2\/product_tag?post=28843"}],"curies":[{"name":"wp","href":"https:\/\/api.w.org\/{rel}","templated":true}]}}