{"id":28986,"date":"2023-02-24T05:17:28","date_gmt":"2023-02-24T03:17:28","guid":{"rendered":"https:\/\/koussikou.ch\/?post_type=product&#038;p=28986"},"modified":"2025-11-02T16:24:36","modified_gmt":"2025-11-02T14:24:36","slug":"yamazaki-tower-pet-food-bowl","status":"publish","type":"product","link":"https:\/\/koussikou.ch\/de\/produkt\/yamazaki-tower-pet-food-bowl\/","title":{"rendered":"Yamazaki \u2013 Tower Pet Food Bowl"},"content":{"rendered":"<p>Verleihen Sie den Mahlzeiten Ihrer Lieblingskatze oder Ihres Lieblingshundes ein wenig Raffinesse. Modern und stilvoll, die <strong><span style=\"color: #83b735;\">Tower Pet Food Bowl<\/span><\/strong> bringt mit seiner Schlichtheit Eleganz in jeden Raum.<\/p>\n<p>Dieser Futternapfst\u00e4nder l\u00e4sst den normalen Alltag Ihrer Haustiere hinter sich, denn er ist nicht nur dekorativ, sondern auch angenehm zu benutzen.<\/p>\n<p>Der <strong>hohe Position<\/strong> des St\u00e4nders werden Nacken und R\u00fccken Ihrer tierischen Familienmitglieder nicht belastet.<\/p>\n<p>Die Gr\u00f6\u00dfe dieses Gerichts ist optimal <strong>f\u00fcr Katzen und kleinw\u00fcchsige Hunde<\/strong>.<\/p>","protected":false},"excerpt":{"rendered":"<p>Der Yamazaki - Tower Pet Food Bowl bietet eine stilvolle und funktionelle Essensl\u00f6sung f\u00fcr Haustiere. Er verf\u00fcgt \u00fcber einen rutschfesten Boden und ein erh\u00f6htes Design f\u00fcr eine bessere K\u00f6rperhaltung und Verdauung.<\/p>","protected":false},"featured_media":29001,"template":"","meta":[],"product_brand":[],"product_cat":[42,104,95,134,133],"product_tag":[],"class_list":{"0":"post-28986","1":"product","2":"type-product","3":"status-publish","4":"has-post-thumbnail","6":"product_cat-all","7":"product_cat-cats","8":"product_cat-dogs","9":"product_cat-eat-dogs","10":"product_cat-eat-cats","12":"first","13":"instock","14":"shipping-taxable","15":"purchasable","16":"product-type-variable"},"_links":{"self":[{"href":"https:\/\/koussikou.ch\/de\/wp-json\/wp\/v2\/product\/28986","targetHints":{"allow":["GET"]}}],"collection":[{"href":"https:\/\/koussikou.ch\/de\/wp-json\/wp\/v2\/product"}],"about":[{"href":"https:\/\/koussikou.ch\/de\/wp-json\/wp\/v2\/types\/product"}],"version-history":[{"count":0,"href":"https:\/\/koussikou.ch\/de\/wp-json\/wp\/v2\/product\/28986\/revisions"}],"wp:featuredmedia":[{"embeddable":true,"href":"https:\/\/koussikou.ch\/de\/wp-json\/wp\/v2\/media\/29001"}],"wp:attachment":[{"href":"https:\/\/koussikou.ch\/de\/wp-json\/wp\/v2\/media?parent=28986"}],"wp:term":[{"taxonomy":"product_brand","embeddable":true,"href":"https:\/\/koussikou.ch\/de\/wp-json\/wp\/v2\/product_brand?post=28986"},{"taxonomy":"product_cat","embeddable":true,"href":"https:\/\/koussikou.ch\/de\/wp-json\/wp\/v2\/product_cat?post=28986"},{"taxonomy":"product_tag","embeddable":true,"href":"https:\/\/koussikou.ch\/de\/wp-json\/wp\/v2\/product_tag?post=28986"}],"curies":[{"name":"wp","href":"https:\/\/api.w.org\/{rel}","templated":true}]}}