{"id":29068,"date":"2024-02-11T17:29:50","date_gmt":"2024-02-11T15:29:50","guid":{"rendered":"https:\/\/koussikou.ch\/?post_type=product&#038;p=29068"},"modified":"2025-01-11T22:17:37","modified_gmt":"2025-01-11T20:17:37","slug":"inooko-slow-feeder-bowl","status":"publish","type":"product","link":"https:\/\/koussikou.ch\/de\/produkt\/inooko-slow-feeder-bowl\/","title":{"rendered":"Inooko \u2013 Slow Feeder Bowl"},"content":{"rendered":"<p><span style=\"color: #83b735;\"><strong>Inooko\u2019s Slow Feeder Bowl<\/strong><\/span> hilft Ihrer Katze, eine nat\u00fcrliche und ges\u00fcndere Art des Fressens anzunehmen. Ihre Katze wird sich die Zeit nehmen, ihre Mahlzeit (trocken oder nass) auf unterhaltsame Art und Weise zu genie\u00dfen.<\/p>\n<p>\u2714 Bis zu 10 Mal langsamer<\/p>\n<p>\u2714 Verhindert Langeweile und Fettleibigkeit<\/p>\n<p>\u2714 Leicht zu reinigen, die Schale ist <strong>sp\u00fclmaschinenfest<\/strong><\/p>\n<p>\u2714 Flexibel, sch\u00fctzt die Z\u00e4hne Ihrer Katze, wenn sie zubei\u00dft<\/p>\n<p>\u2714 Hergestellt aus Silikon, rutschfest<\/p>","protected":false},"excerpt":{"rendered":"<p>Entdecken Sie mit dem Slow Feeder Bowl von Inooko eine nat\u00fcrliche und ges\u00fcndere Art der Nahrungsaufnahme f\u00fcr Ihre Katze, die das Fressen zum Vergn\u00fcgen macht und Fettleibigkeit vorbeugt.<\/p>","protected":false},"featured_media":29072,"template":"","meta":[],"product_brand":[],"product_cat":[42,104,133],"product_tag":[],"class_list":{"0":"post-29068","1":"product","2":"type-product","3":"status-publish","4":"has-post-thumbnail","6":"product_cat-all","7":"product_cat-cats","8":"product_cat-eat-cats","10":"first","11":"instock","12":"shipping-taxable","13":"purchasable","14":"product-type-variable"},"_links":{"self":[{"href":"https:\/\/koussikou.ch\/de\/wp-json\/wp\/v2\/product\/29068","targetHints":{"allow":["GET"]}}],"collection":[{"href":"https:\/\/koussikou.ch\/de\/wp-json\/wp\/v2\/product"}],"about":[{"href":"https:\/\/koussikou.ch\/de\/wp-json\/wp\/v2\/types\/product"}],"version-history":[{"count":0,"href":"https:\/\/koussikou.ch\/de\/wp-json\/wp\/v2\/product\/29068\/revisions"}],"wp:featuredmedia":[{"embeddable":true,"href":"https:\/\/koussikou.ch\/de\/wp-json\/wp\/v2\/media\/29072"}],"wp:attachment":[{"href":"https:\/\/koussikou.ch\/de\/wp-json\/wp\/v2\/media?parent=29068"}],"wp:term":[{"taxonomy":"product_brand","embeddable":true,"href":"https:\/\/koussikou.ch\/de\/wp-json\/wp\/v2\/product_brand?post=29068"},{"taxonomy":"product_cat","embeddable":true,"href":"https:\/\/koussikou.ch\/de\/wp-json\/wp\/v2\/product_cat?post=29068"},{"taxonomy":"product_tag","embeddable":true,"href":"https:\/\/koussikou.ch\/de\/wp-json\/wp\/v2\/product_tag?post=29068"}],"curies":[{"name":"wp","href":"https:\/\/api.w.org\/{rel}","templated":true}]}}