{"id":29099,"date":"2021-07-06T01:04:16","date_gmt":"2021-07-05T23:04:16","guid":{"rendered":"https:\/\/koussikou.ch\/?post_type=product&#038;p=29099"},"modified":"2024-06-29T10:21:49","modified_gmt":"2024-06-29T08:21:49","slug":"curver-rattanbett","status":"publish","type":"product","link":"https:\/\/koussikou.ch\/de\/produkt\/curver-rattanbett\/","title":{"rendered":"Curver \u2013 Rattan Bed"},"content":{"rendered":"<p>Der <span style=\"color: #83b735;\"><strong>Curver Rattan Bed<\/strong><\/span> is a stylish and functional pet bed designed for cats and dogs. This bed offers a cozy place for your pet to sleep, rest, and play.<\/p>\n<blockquote>\n<h5><span style=\"color: #333333;\">FEATURES <\/span><\/h5>\n<\/blockquote>\n<p>\u2714 Attraktives Design: Das Bett hat eine sch\u00f6ne Rattan-Optik, die einen Hauch von Eleganz in Ihr Zuhause bringt<br \/>\n\u2714 Einfache Pflege: Das Bett ist so konzipiert, dass es leicht zu reinigen ist, so dass es f\u00fcr die Tierhalter bequem ist, die Hygiene aufrechtzuerhalten<br \/>\n\u2714 Vielseitigkeit: Es bietet einen bequemen Platz f\u00fcr Ihr Haustier zum Schlafen, Entspannen und sogar zum Spielen und eignet sich f\u00fcr verschiedene Haustieraktivit\u00e4ten<\/p>","protected":false},"excerpt":{"rendered":"<p>Das Curver Rattanbett bietet Ihrem Haustier einen gem\u00fctlichen Platz zum Schlafen, Ausruhen und Spielen.<\/p>","protected":false},"featured_media":29112,"template":"","meta":[],"product_brand":[],"product_cat":[42,104,95,129,130],"product_tag":[],"class_list":{"0":"post-29099","1":"product","2":"type-product","3":"status-publish","4":"has-post-thumbnail","6":"product_cat-all","7":"product_cat-cats","8":"product_cat-dogs","9":"product_cat-sleep-relax-cats","10":"product_cat-sleep-relax-dogs","12":"first","13":"instock","14":"shipping-taxable","15":"purchasable","16":"product-type-simple"},"_links":{"self":[{"href":"https:\/\/koussikou.ch\/de\/wp-json\/wp\/v2\/product\/29099","targetHints":{"allow":["GET"]}}],"collection":[{"href":"https:\/\/koussikou.ch\/de\/wp-json\/wp\/v2\/product"}],"about":[{"href":"https:\/\/koussikou.ch\/de\/wp-json\/wp\/v2\/types\/product"}],"version-history":[{"count":0,"href":"https:\/\/koussikou.ch\/de\/wp-json\/wp\/v2\/product\/29099\/revisions"}],"wp:featuredmedia":[{"embeddable":true,"href":"https:\/\/koussikou.ch\/de\/wp-json\/wp\/v2\/media\/29112"}],"wp:attachment":[{"href":"https:\/\/koussikou.ch\/de\/wp-json\/wp\/v2\/media?parent=29099"}],"wp:term":[{"taxonomy":"product_brand","embeddable":true,"href":"https:\/\/koussikou.ch\/de\/wp-json\/wp\/v2\/product_brand?post=29099"},{"taxonomy":"product_cat","embeddable":true,"href":"https:\/\/koussikou.ch\/de\/wp-json\/wp\/v2\/product_cat?post=29099"},{"taxonomy":"product_tag","embeddable":true,"href":"https:\/\/koussikou.ch\/de\/wp-json\/wp\/v2\/product_tag?post=29099"}],"curies":[{"name":"wp","href":"https:\/\/api.w.org\/{rel}","templated":true}]}}