{"id":29133,"date":"2022-09-10T03:07:14","date_gmt":"2022-09-10T01:07:14","guid":{"rendered":"https:\/\/koussikou.ch\/?post_type=product&#038;p=29133"},"modified":"2024-06-22T20:27:50","modified_gmt":"2024-06-22T18:27:50","slug":"petbo-playhouse","status":"publish","type":"product","link":"https:\/\/koussikou.ch\/de\/produkt\/petbo-playhouse\/","title":{"rendered":"PetBo \u2013 Playhouse"},"content":{"rendered":"<p><span style=\"color: #83b735;\"><strong>Das Petbo-Spielhaus<\/strong><\/span> ist aus dem Lieblingsmaterial von Katzen - <strong>Karton<\/strong>. Sie sind 100% recycelbar und umweltfreundlich \u267b\ufe0f.<\/p>\n<p>Durch die Verwendung von verst\u00e4rktem Karton h\u00f6chster Qualit\u00e4t k\u00f6nnen wir sicherstellen, dass er stabil und widerstandsf\u00e4hig ist.<\/p>\n<p>F\u00fcr Katzen, um ihr biologisches Bed\u00fcrfnis nach Privatsph\u00e4re und Spiel zu erf\u00fcllen. Zur gleichen Zeit wird es Ihr Haus zu dekorieren. Dieses sch\u00f6ne Haus f\u00fcr Ihre Katze ist leicht faltbar.<\/p>\n<p>Sie k\u00f6nnen ihn in weniger als 1 Minute zusammenbauen und ihn bei jeder Reise oder jedem Umzug wieder zusammenfalten.<\/p>\n<p>\u2714 Mit jedem Haus erhalten Sie auch eine <strong>Kratzmatte<\/strong>.<\/p>\n<div class=\"wp-menu-arrow\"><\/div>","protected":false},"excerpt":{"rendered":"<p>Das PetBo Playhouse ist ein stilvolles und umweltfreundliches Katzenhaus, das Ihrem vierbeinigen Freund eine komfortable und ansprechende Umgebung bietet. Das aus hochwertigem, verst\u00e4rktem Karton gefertigte Spielhaus ist stabil, widerstandsf\u00e4hig und zu 100 % recycelbar.<\/p>","protected":false},"featured_media":29134,"template":"","meta":[],"product_brand":[],"product_cat":[42,104,32,129],"product_tag":[],"class_list":{"0":"post-29133","1":"product","2":"type-product","3":"status-publish","4":"has-post-thumbnail","6":"product_cat-all","7":"product_cat-cats","8":"product_cat-furniture","9":"product_cat-sleep-relax-cats","11":"first","12":"instock","13":"shipping-taxable","14":"purchasable","15":"product-type-variable"},"_links":{"self":[{"href":"https:\/\/koussikou.ch\/de\/wp-json\/wp\/v2\/product\/29133","targetHints":{"allow":["GET"]}}],"collection":[{"href":"https:\/\/koussikou.ch\/de\/wp-json\/wp\/v2\/product"}],"about":[{"href":"https:\/\/koussikou.ch\/de\/wp-json\/wp\/v2\/types\/product"}],"version-history":[{"count":0,"href":"https:\/\/koussikou.ch\/de\/wp-json\/wp\/v2\/product\/29133\/revisions"}],"wp:featuredmedia":[{"embeddable":true,"href":"https:\/\/koussikou.ch\/de\/wp-json\/wp\/v2\/media\/29134"}],"wp:attachment":[{"href":"https:\/\/koussikou.ch\/de\/wp-json\/wp\/v2\/media?parent=29133"}],"wp:term":[{"taxonomy":"product_brand","embeddable":true,"href":"https:\/\/koussikou.ch\/de\/wp-json\/wp\/v2\/product_brand?post=29133"},{"taxonomy":"product_cat","embeddable":true,"href":"https:\/\/koussikou.ch\/de\/wp-json\/wp\/v2\/product_cat?post=29133"},{"taxonomy":"product_tag","embeddable":true,"href":"https:\/\/koussikou.ch\/de\/wp-json\/wp\/v2\/product_tag?post=29133"}],"curies":[{"name":"wp","href":"https:\/\/api.w.org\/{rel}","templated":true}]}}