{"id":29167,"date":"2022-09-15T04:52:35","date_gmt":"2022-09-15T02:52:35","guid":{"rendered":"https:\/\/koussikou.ch\/?post_type=product&#038;p=29167"},"modified":"2024-06-29T10:56:39","modified_gmt":"2024-06-29T08:56:39","slug":"curver-cat-carrier","status":"publish","type":"product","link":"https:\/\/koussikou.ch\/de\/produkt\/curver-cat-carrier\/","title":{"rendered":"Curver \u2013 Travel Basket"},"content":{"rendered":"<p>Der <span style=\"color: #83b735;\"><strong>Curver Rattan-Tiertransporter<\/strong><\/span> wurde entwickelt, um Haustieren eine komfortable und sichere Reise zu erm\u00f6glichen.<\/p>\n<blockquote>\n<h5>Die wichtigsten Merkmale sind:<\/h5>\n<\/blockquote>\n<p>\u2714 Verschlusssystem und Klappe f\u00fcr mehr Sicherheit und Komfort<br \/>\n\u2714 Gute Bel\u00fcftung mit mehreren schmalen \u00d6ffnungen f\u00fcr die Luftzirkulation<br \/>\n\u2714 Spezielle kleine \u00d6ffnung, damit Sie Ihr Haustier w\u00e4hrend der Reise streicheln k\u00f6nnen<\/p>\n<p>Die Tragetasche ist in einem stilvollen Rattan-Design gehalten, das zu jeder Einrichtung passt. Au\u00dferdem verf\u00fcgt er \u00fcber einen bequemen Griff zum einfachen Tragen.<br \/>\nDer Curver Rattan Pet Carrier ist in den Farben Anthrazit oder Mokka erh\u00e4ltlich und eignet sich f\u00fcr Katzen, Hunde und kleine Nagetiere.<\/p>\n<p>Er bietet eine praktische und designorientierte L\u00f6sung f\u00fcr Haustierbesitzer, die mit ihren pelzigen Freunden stilvoll und sicher reisen m\u00f6chten.<\/p>","protected":false},"excerpt":{"rendered":"<p>Der Curver Travel Basket bietet Komfort, Sicherheit und Stil f\u00fcr Reisen mit Ihren Haustieren.<\/p>","protected":false},"featured_media":29173,"template":"","meta":[],"product_brand":[],"product_cat":[42,104,95,131,132],"product_tag":[562,473,355,367,364,561,563,554],"class_list":{"0":"post-29167","1":"product","2":"type-product","3":"status-publish","4":"has-post-thumbnail","6":"product_cat-all","7":"product_cat-cats","8":"product_cat-dogs","9":"product_cat-travel-walk-dogs","10":"product_cat-travel-walk-cats","11":"product_tag-curver-pet-basket","12":"product_tag-pet-carrier","13":"product_tag-pet-comfort","14":"product_tag-pet-safety","15":"product_tag-pet-travel-accessory","16":"product_tag-pet-travel-basket","17":"product_tag-pet-travel-solution","18":"product_tag-travel-pet-carrier","20":"first","21":"instock","22":"shipping-taxable","23":"purchasable","24":"product-type-variable"},"_links":{"self":[{"href":"https:\/\/koussikou.ch\/de\/wp-json\/wp\/v2\/product\/29167","targetHints":{"allow":["GET"]}}],"collection":[{"href":"https:\/\/koussikou.ch\/de\/wp-json\/wp\/v2\/product"}],"about":[{"href":"https:\/\/koussikou.ch\/de\/wp-json\/wp\/v2\/types\/product"}],"version-history":[{"count":0,"href":"https:\/\/koussikou.ch\/de\/wp-json\/wp\/v2\/product\/29167\/revisions"}],"wp:featuredmedia":[{"embeddable":true,"href":"https:\/\/koussikou.ch\/de\/wp-json\/wp\/v2\/media\/29173"}],"wp:attachment":[{"href":"https:\/\/koussikou.ch\/de\/wp-json\/wp\/v2\/media?parent=29167"}],"wp:term":[{"taxonomy":"product_brand","embeddable":true,"href":"https:\/\/koussikou.ch\/de\/wp-json\/wp\/v2\/product_brand?post=29167"},{"taxonomy":"product_cat","embeddable":true,"href":"https:\/\/koussikou.ch\/de\/wp-json\/wp\/v2\/product_cat?post=29167"},{"taxonomy":"product_tag","embeddable":true,"href":"https:\/\/koussikou.ch\/de\/wp-json\/wp\/v2\/product_tag?post=29167"}],"curies":[{"name":"wp","href":"https:\/\/api.w.org\/{rel}","templated":true}]}}