{"id":29181,"date":"2022-06-04T03:47:49","date_gmt":"2022-06-04T01:47:49","guid":{"rendered":"https:\/\/koussikou.ch\/?post_type=product&#038;p=29181"},"modified":"2025-10-02T18:17:49","modified_gmt":"2025-10-02T16:17:49","slug":"curver-multibox","status":"publish","type":"product","link":"https:\/\/koussikou.ch\/de\/produkt\/curver-multibox\/","title":{"rendered":"Curver - Multibox"},"content":{"rendered":"<p>Einf\u00fchrung in die <span style=\"color: #83b735;\"><strong>Curver Multibox<\/strong><\/span>, ist eine vielseitige und elegante Aufbewahrungsl\u00f6sung mit einem Fassungsverm\u00f6gen von 3 Litern, die sich perfekt eignet, um alle kleinen Gegenst\u00e4nde Ihres Haustiers geordnet und leicht zug\u00e4nglich aufzubewahren. Ob es <strong>Spielzeug, B\u00fcrsten oder Zubeh\u00f6r<\/strong>, diese Mehrzweckbox sorgt daf\u00fcr, dass alles seinen Platz hat.<\/p>\n<blockquote>\n<h5>Wesentliche Merkmale<\/h5>\n<\/blockquote>\n<p>\u2714 3-Liter Fassungsverm\u00f6gen: Gen\u00fcgend Platz f\u00fcr eine Vielzahl von Haustierutensilien.<br \/>\n\u2714 Sicherer Verschluss des Deckels: H\u00e4lt den Inhalt sicher und verhindert das Versch\u00fctten.<br \/>\n\u2714 Leicht zu transportieren: Das Design ist sehr praktisch und macht den Transport einfach.<\/p>\n<p>Die Curver Multibox ist die perfekte Erg\u00e4nzung f\u00fcr das Zuhause eines jeden Tierbesitzers und bietet eine ordentliche und effiziente M\u00f6glichkeit, die Sachen Ihres Haustiers zu verwalten. Mit dieser praktischen und eleganten Aufbewahrungsbox halten Sie Ihren Raum ordentlich und die Gegenst\u00e4nde Ihres Haustieres organisiert.<\/p>","protected":false},"excerpt":{"rendered":"<p>Die Curver Multibox ist eine vielseitige 3-Liter-Aufbewahrungsl\u00f6sung, die sich perfekt f\u00fcr die Aufbewahrung von Kleinteilen wie Spielzeug, B\u00fcrsten und Zubeh\u00f6r f\u00fcr Ihr Haustier eignet. Mit einem sicheren Deckelverschluss und einem leicht zu tragenden Design h\u00e4lt diese Mehrzweckbox alles ordentlich an einem Ort.<\/p>","protected":false},"featured_media":29182,"template":"","meta":[],"product_brand":[],"product_cat":[42,104,95,133,134],"product_tag":[422,415,460,429,345,425,463,424,419,462,416,420,421,423,426,461,464,417,427,418,428],"class_list":{"0":"post-29181","1":"product","2":"type-product","3":"status-publish","4":"has-post-thumbnail","6":"product_cat-all","7":"product_cat-cats","8":"product_cat-dogs","9":"product_cat-eat-cats","10":"product_cat-eat-dogs","11":"product_tag-clutter-free","12":"product_tag-curver","13":"product_tag-curver-multibox","14":"product_tag-decluttering","15":"product_tag-durable","16":"product_tag-durable-plastic","17":"product_tag-durable-storage-solution","18":"product_tag-easy-to-clean","19":"product_tag-home-organization","20":"product_tag-multi-purpose-storage","21":"product_tag-multibox","22":"product_tag-office-organization","23":"product_tag-plastic-storage-box","24":"product_tag-secure-lid","25":"product_tag-stackable-design","26":"product_tag-storage-box","27":"product_tag-storage-container","28":"product_tag-storage-solution","29":"product_tag-transparent-sides","30":"product_tag-versatile","31":"product_tag-versatile-storage","33":"first","34":"outofstock","35":"shipping-taxable","36":"purchasable","37":"product-type-simple"},"_links":{"self":[{"href":"https:\/\/koussikou.ch\/de\/wp-json\/wp\/v2\/product\/29181","targetHints":{"allow":["GET"]}}],"collection":[{"href":"https:\/\/koussikou.ch\/de\/wp-json\/wp\/v2\/product"}],"about":[{"href":"https:\/\/koussikou.ch\/de\/wp-json\/wp\/v2\/types\/product"}],"version-history":[{"count":1,"href":"https:\/\/koussikou.ch\/de\/wp-json\/wp\/v2\/product\/29181\/revisions"}],"predecessor-version":[{"id":33067,"href":"https:\/\/koussikou.ch\/de\/wp-json\/wp\/v2\/product\/29181\/revisions\/33067"}],"wp:featuredmedia":[{"embeddable":true,"href":"https:\/\/koussikou.ch\/de\/wp-json\/wp\/v2\/media\/29182"}],"wp:attachment":[{"href":"https:\/\/koussikou.ch\/de\/wp-json\/wp\/v2\/media?parent=29181"}],"wp:term":[{"taxonomy":"product_brand","embeddable":true,"href":"https:\/\/koussikou.ch\/de\/wp-json\/wp\/v2\/product_brand?post=29181"},{"taxonomy":"product_cat","embeddable":true,"href":"https:\/\/koussikou.ch\/de\/wp-json\/wp\/v2\/product_cat?post=29181"},{"taxonomy":"product_tag","embeddable":true,"href":"https:\/\/koussikou.ch\/de\/wp-json\/wp\/v2\/product_tag?post=29181"}],"curies":[{"name":"wp","href":"https:\/\/api.w.org\/{rel}","templated":true}]}}