{"id":29197,"date":"2024-05-31T02:14:24","date_gmt":"2024-05-31T00:14:24","guid":{"rendered":"https:\/\/koussikou.ch\/?post_type=product&#038;p=29197"},"modified":"2024-06-23T17:33:14","modified_gmt":"2024-06-23T15:33:14","slug":"catplayfurniture-mondbett","status":"publish","type":"product","link":"https:\/\/koussikou.ch\/de\/produkt\/catplayfurniture-mondbett\/","title":{"rendered":"CatPlayFurniture \u2013 Moon Bed"},"content":{"rendered":"<p>Die \ud83c\udf19 <strong><span style=\"color: #83b735;\">Mondbett Katzenh\u00e4ngematte \ud83c\udf19.<\/span><\/strong>in der Form einer Katze bietet einen angenehmen Ruheplatz f\u00fcr Ihren Katzenfreund. Er ist stabil und dennoch leicht, sodass Sie ihn leicht in Ihrer Wohnung transportieren k\u00f6nnen, damit Ihre Katze immer einen gem\u00fctlichen Platz hat.<\/p>\n<blockquote>\n<h5><span style=\"color: #83b735;\">Merkmale:<\/span><\/h5>\n<\/blockquote>\n<p>Base Material: Durable plywood<br \/>\nMaterial: Weiches Segeltuch und Lapin<\/p>\n<p>Schaffen Sie mit dieser charmanten und praktischen H\u00e4ngematte einen echten Komfortplatz f\u00fcr Ihre Katze.<\/p>","protected":false},"excerpt":{"rendered":"<p>Verbessern Sie den Komfort Ihrer Katze mit dem CatPlayFurniture Moon Bed, einem gem\u00fctlichen, halbmondf\u00f6rmigen Ort zum Schlafen und Faulenzen.<\/p>","protected":false},"featured_media":29204,"template":"","meta":[],"product_brand":[],"product_cat":[42,104,32,129],"product_tag":[],"class_list":{"0":"post-29197","1":"product","2":"type-product","3":"status-publish","4":"has-post-thumbnail","6":"product_cat-all","7":"product_cat-cats","8":"product_cat-furniture","9":"product_cat-sleep-relax-cats","11":"first","12":"instock","13":"shipping-taxable","14":"purchasable","15":"product-type-variable"},"_links":{"self":[{"href":"https:\/\/koussikou.ch\/de\/wp-json\/wp\/v2\/product\/29197","targetHints":{"allow":["GET"]}}],"collection":[{"href":"https:\/\/koussikou.ch\/de\/wp-json\/wp\/v2\/product"}],"about":[{"href":"https:\/\/koussikou.ch\/de\/wp-json\/wp\/v2\/types\/product"}],"version-history":[{"count":0,"href":"https:\/\/koussikou.ch\/de\/wp-json\/wp\/v2\/product\/29197\/revisions"}],"wp:featuredmedia":[{"embeddable":true,"href":"https:\/\/koussikou.ch\/de\/wp-json\/wp\/v2\/media\/29204"}],"wp:attachment":[{"href":"https:\/\/koussikou.ch\/de\/wp-json\/wp\/v2\/media?parent=29197"}],"wp:term":[{"taxonomy":"product_brand","embeddable":true,"href":"https:\/\/koussikou.ch\/de\/wp-json\/wp\/v2\/product_brand?post=29197"},{"taxonomy":"product_cat","embeddable":true,"href":"https:\/\/koussikou.ch\/de\/wp-json\/wp\/v2\/product_cat?post=29197"},{"taxonomy":"product_tag","embeddable":true,"href":"https:\/\/koussikou.ch\/de\/wp-json\/wp\/v2\/product_tag?post=29197"}],"curies":[{"name":"wp","href":"https:\/\/api.w.org\/{rel}","templated":true}]}}