{"id":29228,"date":"2023-12-24T15:54:35","date_gmt":"2023-12-24T13:54:35","guid":{"rendered":"https:\/\/koussikou.ch\/?post_type=product&#038;p=29228"},"modified":"2024-12-26T10:33:19","modified_gmt":"2024-12-26T08:33:19","slug":"green-blue-belle","status":"publish","type":"product","link":"https:\/\/koussikou.ch\/de\/produkt\/green-blue-belle\/","title":{"rendered":"Green &amp; Blue \u2013 Belle"},"content":{"rendered":"<p>Der <span style=\"color: #83b735;\"><strong>Birdball Belle Feeder<\/strong><\/span> ist der perfekte Weg, um kleine Gartenv\u00f6gel zu f\u00fcttern. H\u00e4ngen Sie das Vogelh\u00e4uschen im Garten auf, damit die V\u00f6gel einen Unterschlupf und ein Nest finden.<\/p>\n<p>\u2714 Leicht zu reinigen: Hygienische und strapazierf\u00e4hige, abwischbare Oberfl\u00e4che<\/p>\n<p>\u2714 Einfach aufh\u00e4ngen: <strong>Inklusive Aufh\u00e4ngeseil und Baumschutz<\/strong><\/p>\n<p>\u2714 Schnell und einfach zu bef\u00fcllen: Mit Futterkugeln, K\u00fcchenabf\u00e4llen, Obst oder Nistmaterial.<\/p>\n<p>\u2714 V\u00f6llig wetterfest, damit Sie das ganze Jahr \u00fcber drau\u00dfen h\u00e4ngen k\u00f6nnen<\/p>\n<p>\u2714 Wird mit Edelstahldraht und Baumschutz geliefert.<\/p>\n<p>Ziehen eine Vielzahl von V\u00f6geln an. <strong>Geeignet f\u00fcr kleine V\u00f6gel<\/strong><\/p>\n<p>Handgefertigt in England mit traditionellen Techniken.<\/p>","protected":false},"excerpt":{"rendered":"<p>Entdecken Sie den Birdball Belle, eine stilvolle und praktische L\u00f6sung f\u00fcr die F\u00fctterung und den Schutz von kleinen Gartenv\u00f6geln.<\/p>","protected":false},"featured_media":29234,"template":"","meta":[],"product_brand":[],"product_cat":[42,20,32],"product_tag":[],"class_list":{"0":"post-29228","1":"product","2":"type-product","3":"status-publish","4":"has-post-thumbnail","6":"product_cat-all","7":"product_cat-birds","8":"product_cat-furniture","10":"first","11":"instock","12":"shipping-taxable","13":"purchasable","14":"product-type-variable"},"_links":{"self":[{"href":"https:\/\/koussikou.ch\/de\/wp-json\/wp\/v2\/product\/29228","targetHints":{"allow":["GET"]}}],"collection":[{"href":"https:\/\/koussikou.ch\/de\/wp-json\/wp\/v2\/product"}],"about":[{"href":"https:\/\/koussikou.ch\/de\/wp-json\/wp\/v2\/types\/product"}],"version-history":[{"count":0,"href":"https:\/\/koussikou.ch\/de\/wp-json\/wp\/v2\/product\/29228\/revisions"}],"wp:featuredmedia":[{"embeddable":true,"href":"https:\/\/koussikou.ch\/de\/wp-json\/wp\/v2\/media\/29234"}],"wp:attachment":[{"href":"https:\/\/koussikou.ch\/de\/wp-json\/wp\/v2\/media?parent=29228"}],"wp:term":[{"taxonomy":"product_brand","embeddable":true,"href":"https:\/\/koussikou.ch\/de\/wp-json\/wp\/v2\/product_brand?post=29228"},{"taxonomy":"product_cat","embeddable":true,"href":"https:\/\/koussikou.ch\/de\/wp-json\/wp\/v2\/product_cat?post=29228"},{"taxonomy":"product_tag","embeddable":true,"href":"https:\/\/koussikou.ch\/de\/wp-json\/wp\/v2\/product_tag?post=29228"}],"curies":[{"name":"wp","href":"https:\/\/api.w.org\/{rel}","templated":true}]}}