{"id":29386,"date":"2021-08-14T19:44:23","date_gmt":"2021-08-14T17:44:23","guid":{"rendered":"https:\/\/koussikou.ch\/?post_type=product&#038;p=29386"},"modified":"2025-10-22T13:46:10","modified_gmt":"2025-10-22T11:46:10","slug":"grun-blau-erdnuss","status":"publish","type":"product","link":"https:\/\/koussikou.ch\/de\/produkt\/grun-blau-erdnuss\/","title":{"rendered":"Green &amp; Blue \u2013 Peanut"},"content":{"rendered":"<p>Die innovative <strong><span style=\"color: #83b735;\">Erdnuss-Vogelfutterhaus<\/span><\/strong>, <span style=\"color: #83b735;\"><strong>award-winning<\/strong><\/span>, h\u00e4lt die N\u00fcsse trocken, ist leicht zu reinigen, einfach zu bef\u00fcllen, wetterfest und verhindert Sch\u00e4den an den F\u00fc\u00dfen und Schn\u00e4beln der V\u00f6gel, die durch die h\u00e4ufig in Vogelfutterh\u00e4uschen verwendeten Gitter und Dr\u00e4hte verursacht werden k\u00f6nnen.<\/p>\n<p>Das moderne Peanut-Vogelfutterhaus bietet Gartenv\u00f6geln eine zuverl\u00e4ssige Nahrungsquelle. Das einfache und stilvolle Design bietet Wildv\u00f6geln das ganze Jahr \u00fcber eine sichere Futterquelle.<\/p>\n<p>Speziell entwickelt, um kleinen V\u00f6geln wie Meisen, Spatzen, Kleibern, Finken und Spechten das F\u00fcttern zu erm\u00f6glichen, w\u00e4hrend der durch Schwerkraft gespeiste Futterschlitz, die gl\u00e4nzende Oberfl\u00e4che und das einzigartige Flexi-Barsch-System gr\u00f6\u00dfere V\u00f6gel und Eichh\u00f6rnchen abschreckt.<\/p>\n<p>\u2714 Einfach aufh\u00e4ngen: <strong>Geliefert mit Edelstahldraht und Baumschutz<\/strong><\/p>\n<p>\u2714 V\u00f6llig wetterfest, damit Sie das ganze Jahr \u00fcber drau\u00dfen h\u00e4ngen k\u00f6nnen<\/p>\n<p>\u2714 Ziehen eine Vielzahl von V\u00f6geln an<\/p>\n<p>Handgefertigt in England mit traditionellen Techniken<\/p>","protected":false},"excerpt":{"rendered":"<p>Entdecken Sie den innovativen Peanut Bird Feeder: preisgekr\u00f6nt, wetterfest und sicher f\u00fcr V\u00f6gel. Dieses stilvolle, leicht zu reinigende Futterhaus lockt kleine Gartenv\u00f6gel an und schreckt gleichzeitig gr\u00f6\u00dfere V\u00f6gel und Eichh\u00f6rnchen ab.<\/p>","protected":false},"featured_media":29387,"template":"","meta":[],"product_brand":[],"product_cat":[42,20,32],"product_tag":[],"class_list":{"0":"post-29386","1":"product","2":"type-product","3":"status-publish","4":"has-post-thumbnail","6":"product_cat-all","7":"product_cat-birds","8":"product_cat-furniture","10":"first","11":"outofstock","12":"shipping-taxable","13":"purchasable","14":"product-type-simple"},"_links":{"self":[{"href":"https:\/\/koussikou.ch\/de\/wp-json\/wp\/v2\/product\/29386","targetHints":{"allow":["GET"]}}],"collection":[{"href":"https:\/\/koussikou.ch\/de\/wp-json\/wp\/v2\/product"}],"about":[{"href":"https:\/\/koussikou.ch\/de\/wp-json\/wp\/v2\/types\/product"}],"version-history":[{"count":0,"href":"https:\/\/koussikou.ch\/de\/wp-json\/wp\/v2\/product\/29386\/revisions"}],"wp:featuredmedia":[{"embeddable":true,"href":"https:\/\/koussikou.ch\/de\/wp-json\/wp\/v2\/media\/29387"}],"wp:attachment":[{"href":"https:\/\/koussikou.ch\/de\/wp-json\/wp\/v2\/media?parent=29386"}],"wp:term":[{"taxonomy":"product_brand","embeddable":true,"href":"https:\/\/koussikou.ch\/de\/wp-json\/wp\/v2\/product_brand?post=29386"},{"taxonomy":"product_cat","embeddable":true,"href":"https:\/\/koussikou.ch\/de\/wp-json\/wp\/v2\/product_cat?post=29386"},{"taxonomy":"product_tag","embeddable":true,"href":"https:\/\/koussikou.ch\/de\/wp-json\/wp\/v2\/product_tag?post=29386"}],"curies":[{"name":"wp","href":"https:\/\/api.w.org\/{rel}","templated":true}]}}