{"id":29392,"date":"2021-04-01T21:46:47","date_gmt":"2021-04-01T19:46:47","guid":{"rendered":"https:\/\/koussikou.ch\/?post_type=product&#038;p=29392"},"modified":"2024-06-29T10:14:11","modified_gmt":"2024-06-29T08:14:11","slug":"green-blue-seed","status":"publish","type":"product","link":"https:\/\/koussikou.ch\/de\/produkt\/green-blue-seed\/","title":{"rendered":"Green &amp; Blue \u2013 Seed"},"content":{"rendered":"<p>Der <span style=\"color: #83b735;\"><strong>Birdball Saatgutspender<\/strong><\/span> bietet Gartenv\u00f6geln wie Sperlingen, Finken und Kleibern das ganze Jahr \u00fcber eine abwechslungsreiche Nahrungsquelle.<\/p>\n<p>Der schlichte und stilvolle Saatguttr\u00e4ger sieht im Garten gro\u00dfartig aus. Das einzigartige, innovative Design ist leicht zu bef\u00fcllen und zu reinigen und ein ideales Geschenk f\u00fcr Naturliebhaber und G\u00e4rtner \u00fcberall.<\/p>\n<p>\u2714 Gro\u00dfe Einf\u00fcll\u00f6ffnung: Schnell und einfach zu bef\u00fcllen. Weniger Unordnung beim Bef\u00fcllen<\/p>\n<p>\u2714 Leicht zu reinigen: Die abwischbare Oberfl\u00e4che ist leicht zu reinigen, hygienisch und strapazierf\u00e4hig<\/p>\n<p>\u2714 Wetterfest : Aus frostsicherer Keramik<\/p>\n<p>\u2714 Gro\u00dfes Fassungsverm\u00f6gen: bis zu 500 g Saatgut<\/p>\n<p>\u2714 Einfaches Aufh\u00e4ngen: Aufh\u00e4ngeseil und Baumschutz aus Edelstahl<\/p>\n<p>\u2714 V\u00f6llig wetterfest, damit Sie das ganze Jahr \u00fcber drau\u00dfen h\u00e4ngen k\u00f6nnen<\/p>\n<p>\u2714 <strong>Geliefert mit Edelstahldraht und Baumschutz<\/strong><\/p>\n<p>\u2714 Ziehen eine Vielzahl von V\u00f6geln an<\/p>\n<p>Handgefertigt in England mit traditionellen Techniken<\/p>","protected":false},"excerpt":{"rendered":"<p>Das innovative moderne Birdball Seed Vogelfutterhaus bietet Gartenv\u00f6geln eine abwechslungsreiche und zuverl\u00e4ssige Nahrungsquelle und sieht in einem modernen Garten gro\u00dfartig aus. Das schlichte, aber stilvolle Design bietet Gartenv\u00f6geln das ganze Jahr \u00fcber sichere Nahrung.<\/p>","protected":false},"featured_media":29401,"template":"","meta":[],"product_brand":[],"product_cat":[42,20,32],"product_tag":[],"class_list":{"0":"post-29392","1":"product","2":"type-product","3":"status-publish","4":"has-post-thumbnail","6":"product_cat-all","7":"product_cat-birds","8":"product_cat-furniture","10":"first","11":"instock","12":"shipping-taxable","13":"purchasable","14":"product-type-variable"},"_links":{"self":[{"href":"https:\/\/koussikou.ch\/de\/wp-json\/wp\/v2\/product\/29392","targetHints":{"allow":["GET"]}}],"collection":[{"href":"https:\/\/koussikou.ch\/de\/wp-json\/wp\/v2\/product"}],"about":[{"href":"https:\/\/koussikou.ch\/de\/wp-json\/wp\/v2\/types\/product"}],"version-history":[{"count":0,"href":"https:\/\/koussikou.ch\/de\/wp-json\/wp\/v2\/product\/29392\/revisions"}],"wp:featuredmedia":[{"embeddable":true,"href":"https:\/\/koussikou.ch\/de\/wp-json\/wp\/v2\/media\/29401"}],"wp:attachment":[{"href":"https:\/\/koussikou.ch\/de\/wp-json\/wp\/v2\/media?parent=29392"}],"wp:term":[{"taxonomy":"product_brand","embeddable":true,"href":"https:\/\/koussikou.ch\/de\/wp-json\/wp\/v2\/product_brand?post=29392"},{"taxonomy":"product_cat","embeddable":true,"href":"https:\/\/koussikou.ch\/de\/wp-json\/wp\/v2\/product_cat?post=29392"},{"taxonomy":"product_tag","embeddable":true,"href":"https:\/\/koussikou.ch\/de\/wp-json\/wp\/v2\/product_tag?post=29392"}],"curies":[{"name":"wp","href":"https:\/\/api.w.org\/{rel}","templated":true}]}}