{"id":29424,"date":"2024-06-08T20:08:25","date_gmt":"2024-06-08T18:08:25","guid":{"rendered":"https:\/\/koussikou.ch\/?post_type=product&#038;p=29424"},"modified":"2024-06-23T17:38:05","modified_gmt":"2024-06-23T15:38:05","slug":"freezack-borneo","status":"publish","type":"product","link":"https:\/\/koussikou.ch\/de\/produkt\/freezack-borneo\/","title":{"rendered":"Freezack - Borneo"},"content":{"rendered":"<p>Ein einzigartiger Stil f\u00fcr optimalen Komfort im Alltag und bei besonderen Anl\u00e4ssen. Bleiben Sie im Trend und \u00fcbernehmen Sie die neuesten Modetrends, indem Sie Ihrem pelzigen Freund ein Maximum an Liebe schenken mit <span style=\"color: #83b735;\"><strong>Freezack's Borneo Transporttasche<\/strong><\/span>!<\/p>\n<p>\u2714 Leichte und bequeme Tragetasche f\u00fcr die Reise mit Ihrer Katze oder Ihrem Hund.<\/p>\n<p>\u2714 Bequemes Bett mit abnehmbarer Matratze, waschbar in der Maschine.<\/p>\n<p>\u2714 Halterung f\u00fcr den Autositz.<\/p>\n<p>\u2714 Zubeh\u00f6rtasche.<\/p>\n<p>\u2714 Abnehmbarer und verstellbarer Schultergurt. Stabiler integrierter Sicherheitsgurt.<\/p>\n<p>\u2714 Widerstandsf\u00e4hig gegen schlechte Wetterbedingungen.<\/p>\n<p>\u2714 Leicht zu pflegen.<\/p>\n<p>\u2714 High-Tech-Materialien.<\/p>","protected":false},"excerpt":{"rendered":"<p>Die Transporttasche Borneo von Freezack bietet ultimativen Komfort und Stil f\u00fcr Ihren pelzigen Freund. Atmungsaktiv, strapazierf\u00e4hig und leicht zu reinigen, ist sie perfekt f\u00fcr Haustiere jeden Alters.<\/p>","protected":false},"featured_media":29425,"template":"","meta":[],"product_brand":[],"product_cat":[42,104,132],"product_tag":[],"class_list":{"0":"post-29424","1":"product","2":"type-product","3":"status-publish","4":"has-post-thumbnail","6":"product_cat-all","7":"product_cat-cats","8":"product_cat-travel-walk-cats","10":"first","11":"instock","12":"shipping-taxable","13":"purchasable","14":"product-type-simple"},"_links":{"self":[{"href":"https:\/\/koussikou.ch\/de\/wp-json\/wp\/v2\/product\/29424","targetHints":{"allow":["GET"]}}],"collection":[{"href":"https:\/\/koussikou.ch\/de\/wp-json\/wp\/v2\/product"}],"about":[{"href":"https:\/\/koussikou.ch\/de\/wp-json\/wp\/v2\/types\/product"}],"version-history":[{"count":0,"href":"https:\/\/koussikou.ch\/de\/wp-json\/wp\/v2\/product\/29424\/revisions"}],"wp:featuredmedia":[{"embeddable":true,"href":"https:\/\/koussikou.ch\/de\/wp-json\/wp\/v2\/media\/29425"}],"wp:attachment":[{"href":"https:\/\/koussikou.ch\/de\/wp-json\/wp\/v2\/media?parent=29424"}],"wp:term":[{"taxonomy":"product_brand","embeddable":true,"href":"https:\/\/koussikou.ch\/de\/wp-json\/wp\/v2\/product_brand?post=29424"},{"taxonomy":"product_cat","embeddable":true,"href":"https:\/\/koussikou.ch\/de\/wp-json\/wp\/v2\/product_cat?post=29424"},{"taxonomy":"product_tag","embeddable":true,"href":"https:\/\/koussikou.ch\/de\/wp-json\/wp\/v2\/product_tag?post=29424"}],"curies":[{"name":"wp","href":"https:\/\/api.w.org\/{rel}","templated":true}]}}