{"id":29484,"date":"2024-06-09T13:41:58","date_gmt":"2024-06-09T11:41:58","guid":{"rendered":"https:\/\/koussikou.ch\/?post_type=product&#038;p=29484"},"modified":"2024-06-22T01:13:19","modified_gmt":"2024-06-21T23:13:19","slug":"kitty-a-gogo-designer-katzenklo","status":"publish","type":"product","link":"https:\/\/koussikou.ch\/de\/produkt\/kitty-a-gogo-designer-katzenklo\/","title":{"rendered":"Kitty a Gogo - Designer-Katzenklo"},"content":{"rendered":"<p>Der <span style=\"color: #83b735;\"><strong>Kitty a GoGo<\/strong><\/span> bietet Ihrer Katze einen stilvollen Platz zum Ausgehen!<\/p>\n<p>Endlich ein Katzenklo, das einfach und praktisch ist und zu Ihrer Einrichtung passt.<\/p>\n<p>\u2714 schmutzabweisender Kunststoff, der die neun Leben Ihrer Katze \u00fcberdauern wird<br \/>\n\u2714 Ger\u00e4umig und bequem f\u00fcr Katzen jeder Gr\u00f6\u00dfe<br \/>\n\u2714 Verleiht Ihrer Wohnung das gewisse Extra an Eleganz<\/p>\n<p>Das Kitty a GoGo verf\u00fcgt \u00fcber eine ausziehbare Schublade, die das Aufr\u00e4umen erleichtert.<\/p>\n<p>\u2714 Zum Bef\u00fcllen einfach herausschieben, aussch\u00f6pfen und wieder einschieben.<\/p>\n<p>Dank des ger\u00e4umigen Katzenklos eignet sich die Kitty a GoGo auch f\u00fcr die gr\u00f6\u00dften Katzenrassen.<\/p>\n<p>Kitty a GoGo ist aus hochwertigem, schlagfestem und schmutzabweisendem Kunststoff gefertigt, der f\u00fcr eine lange Lebensdauer ausgelegt ist.<\/p>","protected":false},"excerpt":{"rendered":"<p>Das Kitty a Gogo Designer-Katzenklo kombiniert Stil und Funktionalit\u00e4t mit modernem Design, einer ausziehbaren Schale und Geruchskontrolle. Perfekt f\u00fcr jedes Zuhause.<\/p>","protected":false},"featured_media":29246,"template":"","meta":[],"product_brand":[],"product_cat":[42,104,121],"product_tag":[],"class_list":{"0":"post-29484","1":"product","2":"type-product","3":"status-publish","4":"has-post-thumbnail","6":"product_cat-all","7":"product_cat-cats","8":"product_cat-toilet","10":"first","11":"instock","12":"shipping-taxable","13":"purchasable","14":"product-type-variable"},"_links":{"self":[{"href":"https:\/\/koussikou.ch\/de\/wp-json\/wp\/v2\/product\/29484","targetHints":{"allow":["GET"]}}],"collection":[{"href":"https:\/\/koussikou.ch\/de\/wp-json\/wp\/v2\/product"}],"about":[{"href":"https:\/\/koussikou.ch\/de\/wp-json\/wp\/v2\/types\/product"}],"version-history":[{"count":0,"href":"https:\/\/koussikou.ch\/de\/wp-json\/wp\/v2\/product\/29484\/revisions"}],"wp:featuredmedia":[{"embeddable":true,"href":"https:\/\/koussikou.ch\/de\/wp-json\/wp\/v2\/media\/29246"}],"wp:attachment":[{"href":"https:\/\/koussikou.ch\/de\/wp-json\/wp\/v2\/media?parent=29484"}],"wp:term":[{"taxonomy":"product_brand","embeddable":true,"href":"https:\/\/koussikou.ch\/de\/wp-json\/wp\/v2\/product_brand?post=29484"},{"taxonomy":"product_cat","embeddable":true,"href":"https:\/\/koussikou.ch\/de\/wp-json\/wp\/v2\/product_cat?post=29484"},{"taxonomy":"product_tag","embeddable":true,"href":"https:\/\/koussikou.ch\/de\/wp-json\/wp\/v2\/product_tag?post=29484"}],"curies":[{"name":"wp","href":"https:\/\/api.w.org\/{rel}","templated":true}]}}