{"id":29597,"date":"2024-06-09T18:01:20","date_gmt":"2024-06-09T16:01:20","guid":{"rendered":"https:\/\/koussikou.ch\/?post_type=product&#038;p=29597"},"modified":"2024-06-19T21:06:13","modified_gmt":"2024-06-19T19:06:13","slug":"freezack-pflegeburste","status":"publish","type":"product","link":"https:\/\/koussikou.ch\/de\/produkt\/freezack-pflegeburste\/","title":{"rendered":"Freezack - Pflegeb\u00fcrste"},"content":{"rendered":"<p>Der <span style=\"color: #83b735;\"><strong>Freezack Dual-Funktions-B\u00fcrste<\/strong><\/span> verf\u00fcgt \u00fcber Stahlborsten mit Schutzkappen, die ein sanftes Entwirren und eine wohltuende Massage erm\u00f6glichen, die die Blutzirkulation anregt.<\/p>\n<p>Die Nylonseite gl\u00e4ttet das Fell und verleiht ihm ein gl\u00e4nzendes und gepflegtes Aussehen.<\/p>\n<p>Diese vielseitige B\u00fcrste bietet <strong>alle wichtigen Pflegeprodukte, die das Fell Ihres Haustieres braucht, in einem praktischen Ger\u00e4t<\/strong>.<\/p>","protected":false},"excerpt":{"rendered":"<p>Ver\u00e4ndern Sie die Pflegeroutine Ihres Haustiers. Dieses vielseitige Ger\u00e4t bietet alle wichtigen Pflegefunktionen, die das Fell Ihres Haustieres ben\u00f6tigt, in einer einzigen praktischen B\u00fcrste.<\/p>","protected":false},"featured_media":29598,"template":"","meta":[],"product_brand":[],"product_cat":[42,138,104,95,121],"product_tag":[],"class_list":{"0":"post-29597","1":"product","2":"type-product","3":"status-publish","4":"has-post-thumbnail","6":"product_cat-all","7":"product_cat-care-dogs","8":"product_cat-cats","9":"product_cat-dogs","10":"product_cat-toilet","12":"first","13":"instock","14":"shipping-taxable","15":"purchasable","16":"product-type-variable"},"_links":{"self":[{"href":"https:\/\/koussikou.ch\/de\/wp-json\/wp\/v2\/product\/29597","targetHints":{"allow":["GET"]}}],"collection":[{"href":"https:\/\/koussikou.ch\/de\/wp-json\/wp\/v2\/product"}],"about":[{"href":"https:\/\/koussikou.ch\/de\/wp-json\/wp\/v2\/types\/product"}],"version-history":[{"count":0,"href":"https:\/\/koussikou.ch\/de\/wp-json\/wp\/v2\/product\/29597\/revisions"}],"wp:featuredmedia":[{"embeddable":true,"href":"https:\/\/koussikou.ch\/de\/wp-json\/wp\/v2\/media\/29598"}],"wp:attachment":[{"href":"https:\/\/koussikou.ch\/de\/wp-json\/wp\/v2\/media?parent=29597"}],"wp:term":[{"taxonomy":"product_brand","embeddable":true,"href":"https:\/\/koussikou.ch\/de\/wp-json\/wp\/v2\/product_brand?post=29597"},{"taxonomy":"product_cat","embeddable":true,"href":"https:\/\/koussikou.ch\/de\/wp-json\/wp\/v2\/product_cat?post=29597"},{"taxonomy":"product_tag","embeddable":true,"href":"https:\/\/koussikou.ch\/de\/wp-json\/wp\/v2\/product_tag?post=29597"}],"curies":[{"name":"wp","href":"https:\/\/api.w.org\/{rel}","templated":true}]}}