{"id":29604,"date":"2024-06-09T18:07:22","date_gmt":"2024-06-09T16:07:22","guid":{"rendered":"https:\/\/koussikou.ch\/?post_type=product&#038;p=29604"},"modified":"2024-06-22T01:11:21","modified_gmt":"2024-06-21T23:11:21","slug":"freezack-bambuskamm","status":"publish","type":"product","link":"https:\/\/koussikou.ch\/de\/produkt\/freezack-bambuskamm\/","title":{"rendered":"Freezack - Bambuskamm"},"content":{"rendered":"<p>Der <span style=\"color: #83b735;\"><strong>Freezack-Pflegekamm<\/strong><\/span> ist mit seinen langen Metallz\u00e4hnen ideal f\u00fcr die Pflege von Fell und Unterwolle Ihres Haustieres.<\/p>\n<p>Diese verl\u00e4ngerten Z\u00e4hne erreichen m\u00fchelos die tiefsten Schichten des Fells und verhindern bei regelm\u00e4\u00dfiger Anwendung Verfilzungen und Matten.<\/p>\n<p>Die rotierenden Z\u00e4hne des Kammes gleiten sanft durch das Fell, ohne zu ziehen, und sorgen so f\u00fcr ein stressfreies Pflegeerlebnis.<\/p>\n<p>Dieser Kamm ist <strong>ein unverzichtbares Hilfsmittel, um das Fell Ihres Haustieres gesund und knotenfrei zu halten<\/strong>.<\/p>","protected":false},"excerpt":{"rendered":"<p>Halten Sie das Fell Ihres Haustieres gesund und knotenfrei mit diesem unverzichtbaren Pflegehilfsmittel.<\/p>","protected":false},"featured_media":29608,"template":"","meta":[],"product_brand":[],"product_cat":[42,138,104,95,121],"product_tag":[],"class_list":{"0":"post-29604","1":"product","2":"type-product","3":"status-publish","4":"has-post-thumbnail","6":"product_cat-all","7":"product_cat-care-dogs","8":"product_cat-cats","9":"product_cat-dogs","10":"product_cat-toilet","12":"first","13":"instock","14":"shipping-taxable","15":"purchasable","16":"product-type-variable"},"_links":{"self":[{"href":"https:\/\/koussikou.ch\/de\/wp-json\/wp\/v2\/product\/29604","targetHints":{"allow":["GET"]}}],"collection":[{"href":"https:\/\/koussikou.ch\/de\/wp-json\/wp\/v2\/product"}],"about":[{"href":"https:\/\/koussikou.ch\/de\/wp-json\/wp\/v2\/types\/product"}],"version-history":[{"count":0,"href":"https:\/\/koussikou.ch\/de\/wp-json\/wp\/v2\/product\/29604\/revisions"}],"wp:featuredmedia":[{"embeddable":true,"href":"https:\/\/koussikou.ch\/de\/wp-json\/wp\/v2\/media\/29608"}],"wp:attachment":[{"href":"https:\/\/koussikou.ch\/de\/wp-json\/wp\/v2\/media?parent=29604"}],"wp:term":[{"taxonomy":"product_brand","embeddable":true,"href":"https:\/\/koussikou.ch\/de\/wp-json\/wp\/v2\/product_brand?post=29604"},{"taxonomy":"product_cat","embeddable":true,"href":"https:\/\/koussikou.ch\/de\/wp-json\/wp\/v2\/product_cat?post=29604"},{"taxonomy":"product_tag","embeddable":true,"href":"https:\/\/koussikou.ch\/de\/wp-json\/wp\/v2\/product_tag?post=29604"}],"curies":[{"name":"wp","href":"https:\/\/api.w.org\/{rel}","templated":true}]}}