{"id":29620,"date":"2024-06-09T21:29:01","date_gmt":"2024-06-09T19:29:01","guid":{"rendered":"https:\/\/koussikou.ch\/?post_type=product&#038;p=29620"},"modified":"2026-02-25T10:53:37","modified_gmt":"2026-02-25T08:53:37","slug":"curli-weste-gurtzeug-softshell","status":"publish","type":"product","link":"https:\/\/koussikou.ch\/de\/produkt\/curli-weste-gurtzeug-softshell\/","title":{"rendered":"Curli - Vest Geshirr Softshell"},"content":{"rendered":"<p>Curli's Komfort Step-in <span style=\"color: #83b735;\"><strong>Vest Geshirr Softshell<\/strong><\/span><\/p>\n<p>Dieser wind- und wasserabweisende Gurt ist mit einem atmungsaktiven <strong>Luftmasche<\/strong> Futter und ein Step-in-Design f\u00fcr eine schnelle Anwendung.<\/p>\n<p>Er ist mit Klettverschluss verstellbar und verf\u00fcgt \u00fcber gekreuzte Nylongurte, um die Spannung zu verteilen und Nackenverletzungen zu vermeiden.<\/p>\n<p>Gepolsterte Schnallen verhindern Druckstellen, w\u00e4hrend dehnbare N\u00e4hte eine flexible Spannungsverteilung erm\u00f6glichen.<\/p>\n<p>Zwei leichte Ringe sorgen f\u00fcr eine sichere Befestigung der Leine, und reflektierende Elemente erh\u00f6hen die Sicherheit bei Nacht.<\/p>\n<p>Das Gurtzeug wird au\u00dferdem mit einem <strong>DogFinder ID zum Auffinden Ihres Hundes bei Verlust<\/strong>.<\/p>","protected":false},"excerpt":{"rendered":"<p>Die Curli Vest Geshirr Softshell vereint Komfort, Haltbarkeit und Stil.<\/p>","protected":false},"featured_media":29621,"template":"","meta":[],"product_brand":[],"product_cat":[42,95,131],"product_tag":[],"class_list":{"0":"post-29620","1":"product","2":"type-product","3":"status-publish","4":"has-post-thumbnail","6":"product_cat-all","7":"product_cat-dogs","8":"product_cat-travel-walk-dogs","10":"first","11":"instock","12":"sale","13":"shipping-taxable","14":"purchasable","15":"product-type-variable"},"_links":{"self":[{"href":"https:\/\/koussikou.ch\/de\/wp-json\/wp\/v2\/product\/29620","targetHints":{"allow":["GET"]}}],"collection":[{"href":"https:\/\/koussikou.ch\/de\/wp-json\/wp\/v2\/product"}],"about":[{"href":"https:\/\/koussikou.ch\/de\/wp-json\/wp\/v2\/types\/product"}],"version-history":[{"count":0,"href":"https:\/\/koussikou.ch\/de\/wp-json\/wp\/v2\/product\/29620\/revisions"}],"wp:featuredmedia":[{"embeddable":true,"href":"https:\/\/koussikou.ch\/de\/wp-json\/wp\/v2\/media\/29621"}],"wp:attachment":[{"href":"https:\/\/koussikou.ch\/de\/wp-json\/wp\/v2\/media?parent=29620"}],"wp:term":[{"taxonomy":"product_brand","embeddable":true,"href":"https:\/\/koussikou.ch\/de\/wp-json\/wp\/v2\/product_brand?post=29620"},{"taxonomy":"product_cat","embeddable":true,"href":"https:\/\/koussikou.ch\/de\/wp-json\/wp\/v2\/product_cat?post=29620"},{"taxonomy":"product_tag","embeddable":true,"href":"https:\/\/koussikou.ch\/de\/wp-json\/wp\/v2\/product_tag?post=29620"}],"curies":[{"name":"wp","href":"https:\/\/api.w.org\/{rel}","templated":true}]}}