{"id":29721,"date":"2024-06-11T09:24:49","date_gmt":"2024-06-11T07:24:49","guid":{"rendered":"https:\/\/koussikou.ch\/?post_type=product&#038;p=29721"},"modified":"2024-06-29T11:53:25","modified_gmt":"2024-06-29T09:53:25","slug":"curli-ultra-starke-taschenleine","status":"publish","type":"product","link":"https:\/\/koussikou.ch\/de\/produkt\/curli-ultra-starke-taschenleine\/","title":{"rendered":"Curli \u2013 Ultra Strong Pocket Leash"},"content":{"rendered":"<div data-elementor-type=\"wp-post\" data-elementor-id=\"29721\" class=\"elementor elementor-29721\">\n\t\t\t\t<div class=\"wd-negative-gap elementor-element elementor-element-457a565e e-flex e-con-boxed e-con e-parent\" data-id=\"457a565e\" data-element_type=\"container\" data-e-type=\"container\">\n\t\t\t\t\t<div class=\"e-con-inner\">\n\t\t\t\t<div class=\"elementor-element elementor-element-329582be color-scheme-inherit text-left elementor-widget elementor-widget-text-editor\" data-id=\"329582be\" data-element_type=\"widget\" data-e-type=\"widget\" data-widget_type=\"text-editor.default\">\n\t\t\t\t<div class=\"elementor-widget-container\">\n\t\t\t\t\t\t\t\t\t<p>Der <strong><span style=\"color: #83b735;\">Ultra Strong Pocket Leash<\/span><\/strong> ist die ideale Leine, wenn Sie jederzeit eine Leine bei sich tragen m\u00f6chten, um Ihren Hund bei Bedarf anzuleinen.<\/p><blockquote><h5>FEATURES<\/h5><\/blockquote><p>\u2714 Ultrastarkes Dyneema-Seil, 1,7-mal st\u00e4rker als Stahl<br \/>\u2714 Gesplei\u00dfte Schlaufen am Dyneema-Seil f\u00fcr eine lange und sichere Produktlebensdauer<br \/>\u2714 Variable Webbing-Handschlaufe, die bequemste Handschlaufe auf dem Markt<br \/>\u2714 Ultraleicht, es f\u00fchlt sich an, als h\u00e4tte man keine Leine in der Hand<br \/>\u2714 Karabinerhaken aus rostfreiem Stahl, 5 Mal st\u00e4rker als normale Karabinerhaken<\/p><blockquote><h5>SIZING<\/h5><\/blockquote><p><strong>2 L\u00e4ngen verf\u00fcgbar: S = 160 cm &amp; M = 110 cm<\/strong> \/ Tasche faltbar, die Leine verschwindet in der Tasche, so klein und faltbar ist sie<\/p><blockquote><h5>EXTRA<\/h5><\/blockquote><p>Hundekotbeutelhalter; um immer einen Beutel zur Hand zu haben<\/p>\t\t\t\t\t\t\t\t<\/div>\n\t\t\t\t<\/div>\n\t\t\t\t\t<\/div>\n\t\t\t\t<\/div>\n\t\t<div class=\"wd-negative-gap elementor-element elementor-element-b40fdd2 e-grid e-con-boxed e-con e-parent\" data-id=\"b40fdd2\" data-element_type=\"container\" data-e-type=\"container\">\n\t\t\t\t\t<div class=\"e-con-inner\">\n\t\t\t\t<div class=\"elementor-element elementor-element-06b17f8 elementor-widget elementor-widget-wd_image_hotspot\" data-id=\"06b17f8\" data-element_type=\"widget\" data-e-type=\"widget\" data-widget_type=\"wd_image_hotspot.default\">\n\t\t\t\t<div class=\"elementor-widget-container\">\n\t\t\t\t\t\t\t<div class=\"wd-spots wd-event-hover hotspot-icon-default color-scheme- wd-hotspot-static\">\n\t\t\t<div class=\"wd-image-hotspot-hotspots\">\n\t\t\t\t\t\t\t\t\t<img loading=\"lazy\" decoding=\"async\" width=\"300\" height=\"300\" src=\"https:\/\/koussikou.ch\/wp-content\/uploads\/2024\/06\/0104-0517-1-951_MAIN_Ultra-Strong-Pocket-Leash_Adobe_RGB_240PPI_2000x2000-720x720-1-300x300.webp\" class=\"wd-image-hotspot-img\" alt=\"\" srcset=\"https:\/\/koussikou.ch\/wp-content\/uploads\/2024\/06\/0104-0517-1-951_MAIN_Ultra-Strong-Pocket-Leash_Adobe_RGB_240PPI_2000x2000-720x720-1-300x300.webp 300w, https:\/\/koussikou.ch\/wp-content\/uploads\/2024\/06\/0104-0517-1-951_MAIN_Ultra-Strong-Pocket-Leash_Adobe_RGB_240PPI_2000x2000-720x720-1-150x150.webp 150w, https:\/\/koussikou.ch\/wp-content\/uploads\/2024\/06\/0104-0517-1-951_MAIN_Ultra-Strong-Pocket-Leash_Adobe_RGB_240PPI_2000x2000-720x720-1-12x12.webp 12w, https:\/\/koussikou.ch\/wp-content\/uploads\/2024\/06\/0104-0517-1-951_MAIN_Ultra-Strong-Pocket-Leash_Adobe_RGB_240PPI_2000x2000-720x720-1-430x430.webp 430w, https:\/\/koussikou.ch\/wp-content\/uploads\/2024\/06\/0104-0517-1-951_MAIN_Ultra-Strong-Pocket-Leash_Adobe_RGB_240PPI_2000x2000-720x720-1-700x700.webp 700w, https:\/\/koussikou.ch\/wp-content\/uploads\/2024\/06\/0104-0517-1-951_MAIN_Ultra-Strong-Pocket-Leash_Adobe_RGB_240PPI_2000x2000-720x720-1.webp 720w\" sizes=\"auto, (max-width: 300px) 100vw, 300px\" \/>\t\t\t\t\n\t\t\t\t\t\t\t\t\t\t\t\t\t\t<div class=\"wd-image-hotspot hotspot-type-text elementor-repeater-item-264270a\">\n\t\t\t\t\t\t<span class=\"hotspot-sonar\"><\/span>\n\t\t\t\t\t\t<div class=\"hotspot-btn wd-role-btn wd-fill\" tabindex=\"0\"><\/div>\n\n\t\t\t\t\t\t\t\t\t\t\t\t\t<div class=\"hotspot-text hotspot-content hotspot-dropdown-top\">\n\t\t\t\t\t\t\t\t<div class=\"hotspot-content-image\">\n\t\t\t\t\t\t\t\t\t\t\t\t\t\t\t\t\t<\/div>\n\t\t\t\t\t\t\t\t\n\t\t\t\t\t\t\t\t<h4 class=\"wd-entities-title\">\n\t\t\t\t\t\t\t\t\tHundekotbeutelhalter\t\t\t\t\t\t\t\t<\/h4>\n\t\t\t\t\t\t\t\t\n\t\t\t\t\t\t\t\t<div class=\"hotspot-content-text reset-last-child\">\n\t\t\t\t\t\t\t\t\t\t\t\t\t\t\t\t\t<\/div>\n\n\t\t\t\t\t\t\t\t\t\t\t\t\t\t\t<\/div>\n\t\t\t\t\t\t\t\t\t\t\t<\/div>\n\t\t\t\t\t\t\t\t\t\t\t\t\t\t<div class=\"wd-image-hotspot hotspot-type-text elementor-repeater-item-a290917\">\n\t\t\t\t\t\t<span class=\"hotspot-sonar\"><\/span>\n\t\t\t\t\t\t<div class=\"hotspot-btn wd-role-btn wd-fill\" tabindex=\"0\"><\/div>\n\n\t\t\t\t\t\t\t\t\t\t\t\t\t<div class=\"hotspot-text hotspot-content hotspot-dropdown-left\">\n\t\t\t\t\t\t\t\t<div class=\"hotspot-content-image\">\n\t\t\t\t\t\t\t\t\t\t\t\t\t\t\t\t\t<\/div>\n\t\t\t\t\t\t\t\t\n\t\t\t\t\t\t\t\t<h4 class=\"wd-entities-title\">\n\t\t\t\t\t\t\t\t\tKarabiner aus rostfreiem Stahl\t\t\t\t\t\t\t\t<\/h4>\n\t\t\t\t\t\t\t\t\n\t\t\t\t\t\t\t\t<div class=\"hotspot-content-text reset-last-child\">\n\t\t\t\t\t\t\t\t\t\t\t\t\t\t\t\t\t<\/div>\n\n\t\t\t\t\t\t\t\t\t\t\t\t\t\t\t<\/div>\n\t\t\t\t\t\t\t\t\t\t\t<\/div>\n\t\t\t\t\t\t\t\t\t\t\t\t\t\t<div class=\"wd-image-hotspot hotspot-type-text elementor-repeater-item-02b848d\">\n\t\t\t\t\t\t<span class=\"hotspot-sonar\"><\/span>\n\t\t\t\t\t\t<div class=\"hotspot-btn wd-role-btn wd-fill\" tabindex=\"0\"><\/div>\n\n\t\t\t\t\t\t\t\t\t\t\t\t\t<div class=\"hotspot-text hotspot-content hotspot-dropdown-right\">\n\t\t\t\t\t\t\t\t<div class=\"hotspot-content-image\">\n\t\t\t\t\t\t\t\t\t\t\t\t\t\t\t\t\t<\/div>\n\t\t\t\t\t\t\t\t\n\t\t\t\t\t\t\t\t<h4 class=\"wd-entities-title\">\n\t\t\t\t\t\t\t\t\tKomfort-Handschlaufe\t\t\t\t\t\t\t\t<\/h4>\n\t\t\t\t\t\t\t\t\n\t\t\t\t\t\t\t\t<div class=\"hotspot-content-text reset-last-child\">\n\t\t\t\t\t\t\t\t\t\t\t\t\t\t\t\t\t<\/div>\n\n\t\t\t\t\t\t\t\t\t\t\t\t\t\t\t<\/div>\n\t\t\t\t\t\t\t\t\t\t\t<\/div>\n\t\t\t\t\t\t\t<\/div>\n\t\t<\/div>\n\t\t\t\t\t\t<\/div>\n\t\t\t\t<\/div>\n\t\t\t\t\t<\/div>\n\t\t\t\t<\/div>\n\t\t\t\t<\/div>","protected":false},"excerpt":{"rendered":"<p>Die Curli Ultra Strong Pocket Leine bietet mit ihrem kompakten Design und den strapazierf\u00e4higen Materialien au\u00dfergew\u00f6hnliche St\u00e4rke und Komfort, perfekt f\u00fcr jedes Abenteuer mit Ihrem Hund.<\/p>","protected":false},"featured_media":29731,"template":"","meta":[],"product_brand":[],"product_cat":[42,95,32,131],"product_tag":[],"class_list":{"0":"post-29721","1":"product","2":"type-product","3":"status-publish","4":"has-post-thumbnail","6":"product_cat-all","7":"product_cat-dogs","8":"product_cat-furniture","9":"product_cat-travel-walk-dogs","11":"first","12":"instock","13":"shipping-taxable","14":"purchasable","15":"product-type-variable"},"_links":{"self":[{"href":"https:\/\/koussikou.ch\/de\/wp-json\/wp\/v2\/product\/29721","targetHints":{"allow":["GET"]}}],"collection":[{"href":"https:\/\/koussikou.ch\/de\/wp-json\/wp\/v2\/product"}],"about":[{"href":"https:\/\/koussikou.ch\/de\/wp-json\/wp\/v2\/types\/product"}],"version-history":[{"count":0,"href":"https:\/\/koussikou.ch\/de\/wp-json\/wp\/v2\/product\/29721\/revisions"}],"wp:featuredmedia":[{"embeddable":true,"href":"https:\/\/koussikou.ch\/de\/wp-json\/wp\/v2\/media\/29731"}],"wp:attachment":[{"href":"https:\/\/koussikou.ch\/de\/wp-json\/wp\/v2\/media?parent=29721"}],"wp:term":[{"taxonomy":"product_brand","embeddable":true,"href":"https:\/\/koussikou.ch\/de\/wp-json\/wp\/v2\/product_brand?post=29721"},{"taxonomy":"product_cat","embeddable":true,"href":"https:\/\/koussikou.ch\/de\/wp-json\/wp\/v2\/product_cat?post=29721"},{"taxonomy":"product_tag","embeddable":true,"href":"https:\/\/koussikou.ch\/de\/wp-json\/wp\/v2\/product_tag?post=29721"}],"curies":[{"name":"wp","href":"https:\/\/api.w.org\/{rel}","templated":true}]}}