{"id":29737,"date":"2024-06-11T09:37:02","date_gmt":"2024-06-11T07:37:02","guid":{"rendered":"https:\/\/koussikou.ch\/?post_type=product&#038;p=29737"},"modified":"2026-02-25T10:53:37","modified_gmt":"2026-02-25T08:53:37","slug":"curli-car-safety-belt","status":"publish","type":"product","link":"https:\/\/koussikou.ch\/de\/produkt\/curli-car-safety-belt\/","title":{"rendered":"Curli \u2013 Car Safety Belt"},"content":{"rendered":"<p>Der <strong><span style=\"color: #83b735;\">Curli - Auto-Sicherheitsgurt<\/span><\/strong> mit seiner vielseitigen Verwendung<\/p>\n<p>\u2714 Mehrfache Verwendung, mit dem Sicherheitsgurt oder mit dem Isofix-System in neuen Autos<br \/>\n\u2714 Zwei Gr\u00f6\u00dfen S &amp; L f\u00fcr gro\u00dfe und kleine Hunde<br \/>\n\u2714 L\u00e4ngenverstellbar f\u00fcr mehr Bewegungsspielraum<br \/>\n\u2714 Extra sicherer Aluminium-Karabiner mit Drehverschluss<br \/>\n\u2714 Leicht, daher nicht st\u00f6rend f\u00fcr den Hund<\/p>\n<p>L\u00e4nge einstellbar:<br \/>\nGr\u00f6\u00dfe S: 20cm \u2192 <strong>30cm<\/strong><br \/>\nGr\u00f6\u00dfe L: 35 cm \u2192 <strong>60cm<\/strong><\/p>","protected":false},"excerpt":{"rendered":"<p>Sch\u00fctzen Sie Ihren Hund w\u00e4hrend der Autofahrt mit dem Curli Car Safety Belt. Einfach zu installieren, verstellbar und kompatibel mit den meisten Geschirren.<\/p>","protected":false},"featured_media":31299,"template":"","meta":[],"product_brand":[],"product_cat":[42,95,131],"product_tag":[],"class_list":{"0":"post-29737","1":"product","2":"type-product","3":"status-publish","4":"has-post-thumbnail","6":"product_cat-all","7":"product_cat-dogs","8":"product_cat-travel-walk-dogs","10":"first","11":"instock","12":"shipping-taxable","13":"purchasable","14":"product-type-variable"},"_links":{"self":[{"href":"https:\/\/koussikou.ch\/de\/wp-json\/wp\/v2\/product\/29737","targetHints":{"allow":["GET"]}}],"collection":[{"href":"https:\/\/koussikou.ch\/de\/wp-json\/wp\/v2\/product"}],"about":[{"href":"https:\/\/koussikou.ch\/de\/wp-json\/wp\/v2\/types\/product"}],"version-history":[{"count":0,"href":"https:\/\/koussikou.ch\/de\/wp-json\/wp\/v2\/product\/29737\/revisions"}],"wp:featuredmedia":[{"embeddable":true,"href":"https:\/\/koussikou.ch\/de\/wp-json\/wp\/v2\/media\/31299"}],"wp:attachment":[{"href":"https:\/\/koussikou.ch\/de\/wp-json\/wp\/v2\/media?parent=29737"}],"wp:term":[{"taxonomy":"product_brand","embeddable":true,"href":"https:\/\/koussikou.ch\/de\/wp-json\/wp\/v2\/product_brand?post=29737"},{"taxonomy":"product_cat","embeddable":true,"href":"https:\/\/koussikou.ch\/de\/wp-json\/wp\/v2\/product_cat?post=29737"},{"taxonomy":"product_tag","embeddable":true,"href":"https:\/\/koussikou.ch\/de\/wp-json\/wp\/v2\/product_tag?post=29737"}],"curies":[{"name":"wp","href":"https:\/\/api.w.org\/{rel}","templated":true}]}}