{"id":29747,"date":"2024-06-11T10:15:06","date_gmt":"2024-06-11T08:15:06","guid":{"rendered":"https:\/\/koussikou.ch\/?post_type=product&#038;p=29747"},"modified":"2024-06-23T17:54:49","modified_gmt":"2024-06-23T15:54:49","slug":"freezack-reisewasserspender","status":"publish","type":"product","link":"https:\/\/koussikou.ch\/de\/produkt\/freezack-reisewasserspender\/","title":{"rendered":"Freezack \u2013 Travel Water Dispenser"},"content":{"rendered":"<div data-elementor-type=\"wp-post\" data-elementor-id=\"29747\" class=\"elementor elementor-29747\">\n\t\t\t\t<div class=\"wd-negative-gap elementor-element elementor-element-722e2f64 e-flex e-con-boxed e-con e-parent\" data-id=\"722e2f64\" data-element_type=\"container\" data-e-type=\"container\">\n\t\t\t\t\t<div class=\"e-con-inner\">\n\t\t\t\t<div class=\"elementor-element elementor-element-42f8dd89 color-scheme-inherit text-left elementor-widget elementor-widget-text-editor\" data-id=\"42f8dd89\" data-element_type=\"widget\" data-e-type=\"widget\" data-widget_type=\"text-editor.default\">\n\t\t\t\t<div class=\"elementor-widget-container\">\n\t\t\t\t\t\t\t\t\t<p>Freezack's <span style=\"color: #83b735;\"><strong>Travel Water Dispenser<\/strong><\/span> ist eine praktische Flasche mit Trinkschale f\u00fcr unterwegs.\r\n\r\nSie k\u00f6nnen die Flasche an Ihrem G\u00fcrtel oder Ihrer Tasche befestigen.<\/p>\n\n<p>Dieser Reisewasserspender ist ideal f\u00fcr verschiedene Outdoor-Aktivit\u00e4ten wie Wandern, Camping oder einfach nur f\u00fcr Besorgungen mit Ihrem Haustier. Sein cleveres Design sorgt daf\u00fcr, dass Sie Ihren pelzigen Begleiter \u00fcberall mit frischem Wasser versorgen k\u00f6nnen, ohne dass Sie separate N\u00e4pfe oder Beh\u00e4lter ben\u00f6tigen. Durch die M\u00f6glichkeit, ihn am G\u00fcrtel oder an der Tasche zu befestigen, haben Sie die H\u00e4nde frei und er ist ein praktisches Accessoire f\u00fcr alle Tierbesitzer, die viel unterwegs sind.<\/p>\n\t\t\t\t\t\t\t\t<\/div>\n\t\t\t\t<\/div>\n\t\t\t\t\t<\/div>\n\t\t\t\t<\/div>\n\t\t\t\t<\/div>","protected":false},"excerpt":{"rendered":"<p>Mit dem Freezack Travel Water Dispenser hat Ihr Haustier auch unterwegs immer genug zu trinken. Er ist leicht, auslaufsicher und benutzerfreundlich und eignet sich perfekt f\u00fcr jedes Abenteuer.<\/p>","protected":false},"featured_media":29750,"template":"","meta":[],"product_brand":[],"product_cat":[42,95,131],"product_tag":[],"class_list":{"0":"post-29747","1":"product","2":"type-product","3":"status-publish","4":"has-post-thumbnail","6":"product_cat-all","7":"product_cat-dogs","8":"product_cat-travel-walk-dogs","10":"first","11":"instock","12":"shipping-taxable","13":"purchasable","14":"product-type-simple"},"_links":{"self":[{"href":"https:\/\/koussikou.ch\/de\/wp-json\/wp\/v2\/product\/29747","targetHints":{"allow":["GET"]}}],"collection":[{"href":"https:\/\/koussikou.ch\/de\/wp-json\/wp\/v2\/product"}],"about":[{"href":"https:\/\/koussikou.ch\/de\/wp-json\/wp\/v2\/types\/product"}],"version-history":[{"count":0,"href":"https:\/\/koussikou.ch\/de\/wp-json\/wp\/v2\/product\/29747\/revisions"}],"wp:featuredmedia":[{"embeddable":true,"href":"https:\/\/koussikou.ch\/de\/wp-json\/wp\/v2\/media\/29750"}],"wp:attachment":[{"href":"https:\/\/koussikou.ch\/de\/wp-json\/wp\/v2\/media?parent=29747"}],"wp:term":[{"taxonomy":"product_brand","embeddable":true,"href":"https:\/\/koussikou.ch\/de\/wp-json\/wp\/v2\/product_brand?post=29747"},{"taxonomy":"product_cat","embeddable":true,"href":"https:\/\/koussikou.ch\/de\/wp-json\/wp\/v2\/product_cat?post=29747"},{"taxonomy":"product_tag","embeddable":true,"href":"https:\/\/koussikou.ch\/de\/wp-json\/wp\/v2\/product_tag?post=29747"}],"curies":[{"name":"wp","href":"https:\/\/api.w.org\/{rel}","templated":true}]}}