{"id":29754,"date":"2024-06-11T10:18:00","date_gmt":"2024-06-11T08:18:00","guid":{"rendered":"https:\/\/koussikou.ch\/?post_type=product&#038;p=29754"},"modified":"2025-11-02T16:24:36","modified_gmt":"2025-11-02T14:24:36","slug":"curli-treatbag-v2","status":"publish","type":"product","link":"https:\/\/koussikou.ch\/de\/produkt\/curli-treatbag-v2\/","title":{"rendered":"Curli - Leckerli-Tasche V2"},"content":{"rendered":"<p>Der <strong><span style=\"color: #83b735;\">Leckerli-T\u00fcte<\/span><\/strong> verf\u00fcgt \u00fcber ein innovatives Schlie\u00dfsystem, das mit einer Hand bedient werden kann.<\/p>\n<h5><span style=\"color: #83b735;\">Eigenschaften<\/span><\/h5>\n<p>\u2714 Aufgesetzte Tasche f\u00fcr den Clicker oder andere kleine Hilfsmittel f\u00fcr das Training<br \/>\n\u2714 Nylon-Taillengurt mit leichter Aluminiumschnalle 110cm<br \/>\n\u2714 Innentasche aus \ud83d\udca7 wasserdichtem Nylonmaterial<br \/>\n\u2714 Abriebfestes und leicht zu reinigendes Polyester-Obermaterial<\/p>","protected":false},"excerpt":{"rendered":"<p>Die Curli Treat Bag V2 ist eine strapazierf\u00e4hige, vielseitige Tasche mit mehreren F\u00e4chern f\u00fcr Leckerlis und andere wichtige Dinge, perfekt f\u00fcr Hundebesitzer, die viel unterwegs sind.<\/p>","protected":false},"featured_media":31376,"template":"","meta":[],"product_brand":[],"product_cat":[42,95,32,131],"product_tag":[],"class_list":{"0":"post-29754","1":"product","2":"type-product","3":"status-publish","4":"has-post-thumbnail","6":"product_cat-all","7":"product_cat-dogs","8":"product_cat-furniture","9":"product_cat-travel-walk-dogs","11":"first","12":"instock","13":"shipping-taxable","14":"purchasable","15":"product-type-variable"},"_links":{"self":[{"href":"https:\/\/koussikou.ch\/de\/wp-json\/wp\/v2\/product\/29754","targetHints":{"allow":["GET"]}}],"collection":[{"href":"https:\/\/koussikou.ch\/de\/wp-json\/wp\/v2\/product"}],"about":[{"href":"https:\/\/koussikou.ch\/de\/wp-json\/wp\/v2\/types\/product"}],"version-history":[{"count":0,"href":"https:\/\/koussikou.ch\/de\/wp-json\/wp\/v2\/product\/29754\/revisions"}],"wp:featuredmedia":[{"embeddable":true,"href":"https:\/\/koussikou.ch\/de\/wp-json\/wp\/v2\/media\/31376"}],"wp:attachment":[{"href":"https:\/\/koussikou.ch\/de\/wp-json\/wp\/v2\/media?parent=29754"}],"wp:term":[{"taxonomy":"product_brand","embeddable":true,"href":"https:\/\/koussikou.ch\/de\/wp-json\/wp\/v2\/product_brand?post=29754"},{"taxonomy":"product_cat","embeddable":true,"href":"https:\/\/koussikou.ch\/de\/wp-json\/wp\/v2\/product_cat?post=29754"},{"taxonomy":"product_tag","embeddable":true,"href":"https:\/\/koussikou.ch\/de\/wp-json\/wp\/v2\/product_tag?post=29754"}],"curies":[{"name":"wp","href":"https:\/\/api.w.org\/{rel}","templated":true}]}}