{"id":29792,"date":"2024-06-11T11:26:11","date_gmt":"2024-06-11T09:26:11","guid":{"rendered":"https:\/\/koussikou.ch\/?post_type=product&#038;p=29792"},"modified":"2024-06-23T18:17:07","modified_gmt":"2024-06-23T16:17:07","slug":"ibiyaya-the-bubble-hotel-bag","status":"publish","type":"product","link":"https:\/\/koussikou.ch\/de\/produkt\/ibiyaya-the-bubble-hotel-bag\/","title":{"rendered":"Ibiyaya \u2013 The Bubble Hotel Bag"},"content":{"rendered":"<p>Mit einer halbtransparenten Oberfl\u00e4che auf der einen Seite und einer undurchsichtigen Abdeckung auf der anderen Seite ist das <span style=\"color: #83b735;\"><strong>Bubble Hotel Tiertransporter<\/strong><\/span> ist das perfekte Accessoire, um Ihren Hund herumzutragen.<\/p>\n<p><strong>Perfekt f\u00fcr Welpen und kleine Hunde<\/strong><\/p>\n<p>\u2714 Empfohlene Gewichtsgrenze: 6kg<\/p>\n<p>\u2714 Unglaublich mobil, gut bel\u00fcftet, sicher und gesch\u00fctzt<\/p>\n<p>\u2714 Kompakt und zusammenklappbar f\u00fcr eine einfache Lagerung.<\/p>\n<p>\u2714 Leichte Konstruktion f\u00fcr maximalen Komfort.<\/p>\n<p>\u2714 Ausgestattet mit einem schicken, weichen Innenkissen und einem Schulterriemen aus PU-Leder, um Sie stilvoll zu halten.<\/p>","protected":false},"excerpt":{"rendered":"<p>Die Bubble Hotel Bag von Ibiyaya ist eine stilvolle und bequeme Reisel\u00f6sung f\u00fcr Haustiere. Sie verf\u00fcgt \u00fcber ein durchsichtiges Bubble-Fenster, atmungsaktives Netzgewebe und bietet reichlich Stauraum.<\/p>","protected":false},"featured_media":29793,"template":"","meta":[],"product_brand":[],"product_cat":[42,95,32,131],"product_tag":[],"class_list":{"0":"post-29792","1":"product","2":"type-product","3":"status-publish","4":"has-post-thumbnail","6":"product_cat-all","7":"product_cat-dogs","8":"product_cat-furniture","9":"product_cat-travel-walk-dogs","11":"first","12":"instock","13":"shipping-taxable","14":"purchasable","15":"product-type-simple"},"_links":{"self":[{"href":"https:\/\/koussikou.ch\/de\/wp-json\/wp\/v2\/product\/29792","targetHints":{"allow":["GET"]}}],"collection":[{"href":"https:\/\/koussikou.ch\/de\/wp-json\/wp\/v2\/product"}],"about":[{"href":"https:\/\/koussikou.ch\/de\/wp-json\/wp\/v2\/types\/product"}],"version-history":[{"count":0,"href":"https:\/\/koussikou.ch\/de\/wp-json\/wp\/v2\/product\/29792\/revisions"}],"wp:featuredmedia":[{"embeddable":true,"href":"https:\/\/koussikou.ch\/de\/wp-json\/wp\/v2\/media\/29793"}],"wp:attachment":[{"href":"https:\/\/koussikou.ch\/de\/wp-json\/wp\/v2\/media?parent=29792"}],"wp:term":[{"taxonomy":"product_brand","embeddable":true,"href":"https:\/\/koussikou.ch\/de\/wp-json\/wp\/v2\/product_brand?post=29792"},{"taxonomy":"product_cat","embeddable":true,"href":"https:\/\/koussikou.ch\/de\/wp-json\/wp\/v2\/product_cat?post=29792"},{"taxonomy":"product_tag","embeddable":true,"href":"https:\/\/koussikou.ch\/de\/wp-json\/wp\/v2\/product_tag?post=29792"}],"curies":[{"name":"wp","href":"https:\/\/api.w.org\/{rel}","templated":true}]}}