{"id":30119,"date":"2024-06-13T14:46:02","date_gmt":"2024-06-13T12:46:02","guid":{"rendered":"https:\/\/koussikou.ch\/?post_type=product&#038;p=30119"},"modified":"2024-08-11T13:51:06","modified_gmt":"2024-08-11T11:51:06","slug":"inooko-langsame-speiseschale-s-m","status":"publish","type":"product","link":"https:\/\/koussikou.ch\/de\/produkt\/inooko-langsame-speiseschale-s-m\/","title":{"rendered":"Inooko \u2013 Slow Feeder Bowl"},"content":{"rendered":"<p>Der Inooko <strong><span style=\"color: #83b735;\">Slow Feeder Bowl<\/span><\/strong>\u00a0wurde entwickelt, um das Essenserlebnis Ihres Hundes zu verbessern und gleichzeitig ges\u00fcndere Essgewohnheiten zu f\u00f6rdern. Dieser innovative Napf ist mit einem verschlungenen Labyrinthmuster versehen, das Ihren Hund zum Fressen anregt. <strong>langsameres Tempo<\/strong>, <strong>Verringerung des Risikos von Bl\u00e4hungen, Verdauungsst\u00f6rungen und Fettleibigkeit<\/strong>.<\/p>\n<p>Der Inooko Slow Feeder Napf besteht aus haltbaren, ungiftigen Materialien und ist sicher und langlebig \u23f3.<\/p>\n<p>Es ist geeignet <strong>f\u00fcr kleine bis mittelgro\u00dfe Hunde<\/strong> und ist zur einfachen Reinigung sp\u00fclmaschinenfest.<\/p>\n<p>Der Sockel ist mit rutschfesten Griffen ausgestattet, um die Stabilit\u00e4t w\u00e4hrend des Essens zu gew\u00e4hrleisten.<\/p>\n<p>Dieser Napf hilft Ihrem Haustier nicht nur, langsamer zu fressen, sondern verleiht Ihrem Zuhause auch einen eleganten Touch.<\/p>\n<p>&nbsp;<\/p>","protected":false},"excerpt":{"rendered":"<p>Mit diesem Slow Feeder Napf lernt Ihr Hund, langsamer zu fressen und f\u00f6rdert ges\u00fcndere Essgewohnheiten.<\/p>","protected":false},"featured_media":30123,"template":"","meta":[],"product_brand":[],"product_cat":[42,95,134,32],"product_tag":[403,384,401,398,402,345,397,386,405,399,400,326,396,395,404],"class_list":{"0":"post-30119","1":"product","2":"type-product","3":"status-publish","4":"has-post-thumbnail","6":"product_cat-all","7":"product_cat-dogs","8":"product_cat-eat-dogs","9":"product_cat-furniture","10":"product_tag-anti-bloat","11":"product_tag-cat-bowl","12":"product_tag-dishwasher-safe","13":"product_tag-dog-bowl","14":"product_tag-dog-feeder","15":"product_tag-durable","16":"product_tag-healthy-eating","17":"product_tag-inooko","18":"product_tag-medium-dogs","19":"product_tag-non-slip","20":"product_tag-non-toxic","21":"product_tag-pet-accessories","22":"product_tag-pet-bowl","23":"product_tag-slow-feeder-bowl","24":"product_tag-small-dogs","26":"first","27":"instock","28":"shipping-taxable","29":"purchasable","30":"product-type-variable"},"_links":{"self":[{"href":"https:\/\/koussikou.ch\/de\/wp-json\/wp\/v2\/product\/30119","targetHints":{"allow":["GET"]}}],"collection":[{"href":"https:\/\/koussikou.ch\/de\/wp-json\/wp\/v2\/product"}],"about":[{"href":"https:\/\/koussikou.ch\/de\/wp-json\/wp\/v2\/types\/product"}],"version-history":[{"count":1,"href":"https:\/\/koussikou.ch\/de\/wp-json\/wp\/v2\/product\/30119\/revisions"}],"predecessor-version":[{"id":32484,"href":"https:\/\/koussikou.ch\/de\/wp-json\/wp\/v2\/product\/30119\/revisions\/32484"}],"wp:featuredmedia":[{"embeddable":true,"href":"https:\/\/koussikou.ch\/de\/wp-json\/wp\/v2\/media\/30123"}],"wp:attachment":[{"href":"https:\/\/koussikou.ch\/de\/wp-json\/wp\/v2\/media?parent=30119"}],"wp:term":[{"taxonomy":"product_brand","embeddable":true,"href":"https:\/\/koussikou.ch\/de\/wp-json\/wp\/v2\/product_brand?post=30119"},{"taxonomy":"product_cat","embeddable":true,"href":"https:\/\/koussikou.ch\/de\/wp-json\/wp\/v2\/product_cat?post=30119"},{"taxonomy":"product_tag","embeddable":true,"href":"https:\/\/koussikou.ch\/de\/wp-json\/wp\/v2\/product_tag?post=30119"}],"curies":[{"name":"wp","href":"https:\/\/api.w.org\/{rel}","templated":true}]}}