{"id":31017,"date":"2024-06-15T10:10:32","date_gmt":"2024-06-15T08:10:32","guid":{"rendered":"https:\/\/koussikou.ch\/?post_type=product&#038;p=31017"},"modified":"2026-03-04T11:32:55","modified_gmt":"2026-03-04T09:32:55","slug":"curli-weste-geschirr-welpen-set","status":"publish","type":"product","link":"https:\/\/koussikou.ch\/de\/produkt\/curli-weste-geschirr-welpen-set\/","title":{"rendered":"Curli - Weste\/Geschirr Welpenset"},"content":{"rendered":"<div data-elementor-type=\"wp-post\" data-elementor-id=\"31017\" class=\"elementor elementor-31017\">\n\t\t\t\t<div class=\"wd-negative-gap elementor-element elementor-element-b57ee04 e-flex e-con-boxed e-con e-parent\" data-id=\"b57ee04\" data-element_type=\"container\" data-e-type=\"container\">\n\t\t\t\t\t<div class=\"e-con-inner\">\n\t\t\t\t<div class=\"elementor-element elementor-element-ff57ed1 color-scheme-inherit text-left elementor-widget elementor-widget-text-editor\" data-id=\"ff57ed1\" data-element_type=\"widget\" data-e-type=\"widget\" data-widget_type=\"text-editor.default\">\n\t\t\t\t<div class=\"elementor-widget-container\">\n\t\t\t\t\t\t\t\t\t<h5><strong>Step-In Vest Harness f\u00fcr Hundewelpen<\/strong><\/h5><p>Die erste Begegnung mit einem Welpen ist etwas, an das man sich meist noch Jahre sp\u00e4ter erinnert. Um auf den ersten gemeinsamen Spaziergang vorbereitet zu sein, wurde das Curli Puppy Set entwickelt.<\/p><blockquote><p>Das Set beinhaltet ein leichtes und ergonomisches Curli-Westengeschirr Air-Mesh mit passender Leine und integrierter DogFinder ID.<\/p><\/blockquote><p>Das bietet Ihnen und Ihrem neuen Begleiter alles f\u00fcr unbeschwerte Spazierg\u00e4nge. Mit dem integrierten DogFinder haben Sie zudem die Gewissheit, dass Ihr Welpe nicht weglaufen wird.<br \/>Der patentierte Click Snap Go Clasp-Verschluss macht das Anleinen besonders einfach und stressfrei.<\/p><blockquote><h5>FEATURES<\/h5><\/blockquote><p>\u2714 Leichtes, luftdurchl\u00e4ssiges Stretch-Curli Clasp Air-Mesh K\u00fchlwirkung beim Eintauchen in Wasser<br \/>\u2714 Step-in-Gurt, schnell und einfach anzulegen<br \/>\u2714 4 Designs - Set mit farblich passender Leine<br \/>\u2714 Gr\u00f6\u00dfenverstellbar mit Klettverschluss, leicht an die K\u00f6rperform anpassbar<br \/>\u2714 Dehnbare N\u00e4hte f\u00fcr flexible Spannungsverteilung<br \/>\u2714 Reflektierende Elemente am Hals f\u00fcr zus\u00e4tzliche Sicherheit bei Dunkelheit<br \/>\u2714 DogFinder ID, damit Sie Ihren Hund wiederfinden, falls er verloren geht<\/p><p>\ud83d\udccf 5 Gr\u00f6\u00dfen: XXXS bis M<\/p><p>\ud83d\udccf Gr\u00f6\u00dfe 3XS bis S mit Basic Leash Gr\u00f6\u00dfe M (140 x 1,5 cm)<\/p><p>\ud83d\udccf Gr\u00f6\u00dfe M mit Basic Leash Gr\u00f6\u00dfe L (140 x 2 cm)<\/p>\t\t\t\t\t\t\t\t<\/div>\n\t\t\t\t<\/div>\n\t\t\t\t\t<\/div>\n\t\t\t\t<\/div>\n\t\t\t\t<\/div>","protected":false},"excerpt":{"rendered":"<p>Entdecken Sie das ultimative Welpengeschirr, das leichte Atmungsaktivit\u00e4t, K\u00fchltechnologie und ergonomische Passform f\u00fcr maximalen Komfort und Sicherheit vereint.<\/p>","protected":false},"featured_media":31370,"template":"","meta":[],"product_brand":[],"product_cat":[42,95,131],"product_tag":[],"class_list":{"0":"post-31017","1":"product","2":"type-product","3":"status-publish","4":"has-post-thumbnail","6":"product_cat-all","7":"product_cat-dogs","8":"product_cat-travel-walk-dogs","10":"first","11":"instock","12":"sale","13":"shipping-taxable","14":"purchasable","15":"product-type-variable"},"_links":{"self":[{"href":"https:\/\/koussikou.ch\/de\/wp-json\/wp\/v2\/product\/31017","targetHints":{"allow":["GET"]}}],"collection":[{"href":"https:\/\/koussikou.ch\/de\/wp-json\/wp\/v2\/product"}],"about":[{"href":"https:\/\/koussikou.ch\/de\/wp-json\/wp\/v2\/types\/product"}],"version-history":[{"count":0,"href":"https:\/\/koussikou.ch\/de\/wp-json\/wp\/v2\/product\/31017\/revisions"}],"wp:featuredmedia":[{"embeddable":true,"href":"https:\/\/koussikou.ch\/de\/wp-json\/wp\/v2\/media\/31370"}],"wp:attachment":[{"href":"https:\/\/koussikou.ch\/de\/wp-json\/wp\/v2\/media?parent=31017"}],"wp:term":[{"taxonomy":"product_brand","embeddable":true,"href":"https:\/\/koussikou.ch\/de\/wp-json\/wp\/v2\/product_brand?post=31017"},{"taxonomy":"product_cat","embeddable":true,"href":"https:\/\/koussikou.ch\/de\/wp-json\/wp\/v2\/product_cat?post=31017"},{"taxonomy":"product_tag","embeddable":true,"href":"https:\/\/koussikou.ch\/de\/wp-json\/wp\/v2\/product_tag?post=31017"}],"curies":[{"name":"wp","href":"https:\/\/api.w.org\/{rel}","templated":true}]}}