{"id":31188,"date":"2024-06-15T14:44:13","date_gmt":"2024-06-15T12:44:13","guid":{"rendered":"https:\/\/koussikou.ch\/?post_type=product&#038;p=31188"},"modified":"2025-11-02T16:24:34","modified_gmt":"2025-11-02T14:24:34","slug":"curli-stretch-comfort-leine","status":"publish","type":"product","link":"https:\/\/koussikou.ch\/de\/produkt\/curli-stretch-comfort-leine\/","title":{"rendered":"Curli - Stretch-Komfort-Leine Blau"},"content":{"rendered":"<div data-elementor-type=\"wp-post\" data-elementor-id=\"31188\" class=\"elementor elementor-31188\">\n\t\t\t\t<div class=\"wd-negative-gap elementor-element elementor-element-edfdfb5 e-flex e-con-boxed e-con e-parent\" data-id=\"edfdfb5\" data-element_type=\"container\" data-e-type=\"container\">\n\t\t\t\t\t<div class=\"e-con-inner\">\n\t\t<div class=\"elementor-element elementor-element-0a50cc6 e-con-full e-flex e-con e-child\" data-id=\"0a50cc6\" data-element_type=\"container\" data-e-type=\"container\">\n\t\t\t\t<div class=\"elementor-element elementor-element-00c6517 elementor-widget elementor-widget-wd_text_block\" data-id=\"00c6517\" data-element_type=\"widget\" data-e-type=\"widget\" data-widget_type=\"wd_text_block.default\">\n\t\t\t\t<div class=\"elementor-widget-container\">\n\t\t\t\t\t\t\t<div class=\"wd-text-block reset-last-child text-left\">\n\t\t\t\n\t\t\t<h5><strong>Stretch Comfort Leash aus<span style=\"color: #83b735;\"> <span style=\"color: #0000ff;\">Blau<\/span><\/span><\/strong><\/h5><blockquote><h5><span style=\"color: #83b735;\">FEATURES<\/span><\/h5><\/blockquote><p>\u2714 Schockabsorbierendes Seil f\u00fcr stressfreie Kontrolle<br \/>\u2714 Ultra-weiches Nylonseil f\u00fcr besten Komfort und Sicherheit<br \/>\u2714 Hundekotbeutelspender<br \/>\u2714 Einrastbarer Sicherheitskarabiner<br \/>\u2714 Besseres Gef\u00fchl im Vergleich zu einer normalen Leine<\/p><blockquote><h5><span style=\"color: #83b735;\">SIZING<\/span><\/h5><\/blockquote><p>\u2714 - 1,8 m \/ \u00d8 10 mm (Gr\u00f6\u00dfe L)\u00a0<br \/>\u2714 F\u00fcr Hunde bis zu 40 kg (Gr\u00f6\u00dfe L)<\/p>\n\t\t\t\t\t<\/div>\n\t\t\t\t\t\t<\/div>\n\t\t\t\t<\/div>\n\t\t\t\t<\/div>\n\t\t<div class=\"elementor-element elementor-element-9e6c94f e-con-full e-flex e-con e-child\" data-id=\"9e6c94f\" data-element_type=\"container\" data-e-type=\"container\">\n\t\t\t\t<div class=\"elementor-element elementor-element-e4ef7f3 elementor-widget elementor-widget-wd_image_or_svg\" data-id=\"e4ef7f3\" data-element_type=\"widget\" data-e-type=\"widget\" data-widget_type=\"wd_image_or_svg.default\">\n\t\t\t\t<div class=\"elementor-widget-container\">\n\t\t\t\t\t\n\t\t<div class=\"wd-image text-left\">\n\t\t\t\t\t\t\t\t\t\t\t\t\t<\/div>\n\n\t\t\t\t\t\t<\/div>\n\t\t\t\t<\/div>\n\t\t\t\t<\/div>\n\t\t\t\t\t<\/div>\n\t\t\t\t<\/div>\n\t\t\t\t<\/div>","protected":false},"excerpt":{"rendered":"<p>Die sto\u00dfd\u00e4mpfende und bequeme Seil-Leine f\u00fcr chookes und stressfreies F\u00fchren<\/p>","protected":false},"featured_media":31316,"template":"","meta":[],"product_brand":[],"product_cat":[42,95,131],"product_tag":[],"class_list":{"0":"post-31188","1":"product","2":"type-product","3":"status-publish","4":"has-post-thumbnail","6":"product_cat-all","7":"product_cat-dogs","8":"product_cat-travel-walk-dogs","10":"first","11":"outofstock","12":"sale","13":"shipping-taxable","14":"purchasable","15":"product-type-simple"},"_links":{"self":[{"href":"https:\/\/koussikou.ch\/de\/wp-json\/wp\/v2\/product\/31188","targetHints":{"allow":["GET"]}}],"collection":[{"href":"https:\/\/koussikou.ch\/de\/wp-json\/wp\/v2\/product"}],"about":[{"href":"https:\/\/koussikou.ch\/de\/wp-json\/wp\/v2\/types\/product"}],"version-history":[{"count":0,"href":"https:\/\/koussikou.ch\/de\/wp-json\/wp\/v2\/product\/31188\/revisions"}],"wp:featuredmedia":[{"embeddable":true,"href":"https:\/\/koussikou.ch\/de\/wp-json\/wp\/v2\/media\/31316"}],"wp:attachment":[{"href":"https:\/\/koussikou.ch\/de\/wp-json\/wp\/v2\/media?parent=31188"}],"wp:term":[{"taxonomy":"product_brand","embeddable":true,"href":"https:\/\/koussikou.ch\/de\/wp-json\/wp\/v2\/product_brand?post=31188"},{"taxonomy":"product_cat","embeddable":true,"href":"https:\/\/koussikou.ch\/de\/wp-json\/wp\/v2\/product_cat?post=31188"},{"taxonomy":"product_tag","embeddable":true,"href":"https:\/\/koussikou.ch\/de\/wp-json\/wp\/v2\/product_tag?post=31188"}],"curies":[{"name":"wp","href":"https:\/\/api.w.org\/{rel}","templated":true}]}}