{"id":31242,"date":"2024-06-15T17:32:56","date_gmt":"2024-06-15T15:32:56","guid":{"rendered":"https:\/\/koussikou.ch\/?post_type=product&#038;p=31242"},"modified":"2025-04-12T12:00:16","modified_gmt":"2025-04-12T10:00:16","slug":"rogz-scrubz","status":"publish","type":"product","link":"https:\/\/koussikou.ch\/de\/produkt\/rogz-scrubz\/","title":{"rendered":"Rogz - Scrubz Rop"},"content":{"rendered":"<p><strong><span style=\"color: #83b735;\">Rogz Scrubz<\/span><\/strong> ist f\u00fcr das interaktive Spiel zwischen Ihnen und Ihrem Hund konzipiert. Ein starker Griff erm\u00f6glicht es Ihnen, eine Partie Tauziehen zu spielen oder das Spielzeug in die Luft zu schwingen, damit Ihr Hund es jagen kann.<\/p>\n<p>W\u00e4hrend das Knisterger\u00e4usch Ihren Hund anlockt und unterh\u00e4lt, halten die seilartigen Materialien seine Z\u00e4hne sauber.<\/p>\n<p>M = 44 cm \/ L = 54 cm<\/p>","protected":false},"excerpt":{"rendered":"<p>Zahnseilspielzeug zum aktiven Spielen!<\/p>","protected":false},"featured_media":31253,"template":"","meta":[],"product_brand":[],"product_cat":[42,95,32,53],"product_tag":[],"class_list":{"0":"post-31242","1":"product","2":"type-product","3":"status-publish","4":"has-post-thumbnail","6":"product_cat-all","7":"product_cat-dogs","8":"product_cat-furniture","9":"product_cat-toys-dogs","11":"first","12":"instock","13":"shipping-taxable","14":"purchasable","15":"product-type-variable"},"_links":{"self":[{"href":"https:\/\/koussikou.ch\/de\/wp-json\/wp\/v2\/product\/31242","targetHints":{"allow":["GET"]}}],"collection":[{"href":"https:\/\/koussikou.ch\/de\/wp-json\/wp\/v2\/product"}],"about":[{"href":"https:\/\/koussikou.ch\/de\/wp-json\/wp\/v2\/types\/product"}],"version-history":[{"count":3,"href":"https:\/\/koussikou.ch\/de\/wp-json\/wp\/v2\/product\/31242\/revisions"}],"predecessor-version":[{"id":32735,"href":"https:\/\/koussikou.ch\/de\/wp-json\/wp\/v2\/product\/31242\/revisions\/32735"}],"wp:featuredmedia":[{"embeddable":true,"href":"https:\/\/koussikou.ch\/de\/wp-json\/wp\/v2\/media\/31253"}],"wp:attachment":[{"href":"https:\/\/koussikou.ch\/de\/wp-json\/wp\/v2\/media?parent=31242"}],"wp:term":[{"taxonomy":"product_brand","embeddable":true,"href":"https:\/\/koussikou.ch\/de\/wp-json\/wp\/v2\/product_brand?post=31242"},{"taxonomy":"product_cat","embeddable":true,"href":"https:\/\/koussikou.ch\/de\/wp-json\/wp\/v2\/product_cat?post=31242"},{"taxonomy":"product_tag","embeddable":true,"href":"https:\/\/koussikou.ch\/de\/wp-json\/wp\/v2\/product_tag?post=31242"}],"curies":[{"name":"wp","href":"https:\/\/api.w.org\/{rel}","templated":true}]}}